
{"id":104,"date":"2017-02-11T16:35:33","date_gmt":"2017-02-11T15:35:33","guid":{"rendered":"http:\/\/grundschule-gisingen.de\/?page_id=104"},"modified":"2025-05-28T09:38:05","modified_gmt":"2025-05-28T07:38:05","slug":"sportfest","status":"publish","type":"page","link":"http:\/\/grundschule-gisingen.de\/?page_id=104","title":{"rendered":"Sportwoche und Sportfest 2025"},"content":{"rendered":"<div data-canvas-width=\"309.616\">\r\n<p><strong>Unsere Sportwoche vom 12.05. bis 17.05.2025<\/strong><\/p>\r\n<p>In der Woche vom 12. bis 17. Mai 2025 fand an der Grundschule Gisingen bei strahlendem Sonnenschein eine abwechslungsreiche und bewegungsreiche Sportwoche statt. Bei bestem Wetter hatten die Kinder die Gelegenheit, in zahlreiche Sportarten hineinzuschnuppern und neue Bewegungsformen kennenzulernen.<br \/>Dank der Unterst\u00fctzung vieler ortsans\u00e4ssiger Vereine konnten den Sch\u00fclerinnen und Sch\u00fclern spannende Einblicke in Sportarten wie Golf, Boule, Fu\u00dfball, Basketball und Volleyball geboten werden. Mit viel Freude und Begeisterung probierten die Kinder Neues aus und entdeckten vielleicht sogar das ein oder andere neue Hobby.<br \/>Auch auf dem Schulhof war jede Menge los: Hier wurden verschiedene Spiele gespielt und gemeinsam f\u00fcr das gro\u00dfe Sportfest trainiert. Die Klassenstufen gestalteten ihr sportliches Programm individuell \u2013 so unternahmen die Erstkl\u00e4ssler beispielsweise eine Wanderung in die Umgebung.<br \/>Ein besonderes Highlight fand am Freitag statt: das Fu\u00dfballturnier der M\u00e4dchen auf dem Sportplatz in D\u00fcren gegen andere M\u00e4dchenteams verschiedener Grundschulen aus dem Saarland. Mit gro\u00dfem Einsatz und viel sportlichem Ehrgeiz lieferten sich die jungen Fu\u00dfballerinnen spannende Spiele. Die \u00fcbrigen Klassen unterst\u00fctzten ihre Mitsch\u00fclerinnen lautstark und sorgten f\u00fcr eine tolle Turnieratmosph\u00e4re. Die Zuschauer feuerten ihre Teams begeistert an und trugen so zu einem unvergesslichen sportlichen Ereignis bei.<br \/>Den kr\u00f6nenden Abschluss der ereignisreichen Woche bildete das gro\u00dfe Sportfest auf dem Sportplatz in Rehlingen. In unterschiedlichen Disziplinen stellten die Kinder ihr K\u00f6nnen unter Beweis und wuchsen dabei \u00fcber sich hinaus. Es wurde gelaufen, geworfen und gesprungen. Zahlreiche Eltern waren vor Ort, feuerten die jungen Sportlerinnen und Sportler lautstark an und sorgten gleichzeitig f\u00fcr das leibliche Wohl aller Beteiligten: mit Kuchen, Hotdogs und Getr\u00e4nken, von den Eltern gebacken, organisiert und verkauft.<br \/>Den Abschluss des Sportfestes und damit der gesamten Sportwoche bildete ein Staffellauf der besonderen Art: Eltern gegen Kinder. Mit viel Spa\u00df und sportlichem Ehrgeiz lieferten sich beide Seiten ein unterhaltsames Rennen, welches schlie\u00dflich die Eltern f\u00fcr sich gewinnen konnten.<br \/><br \/><\/p>\r\n<p>Ein herzliches Dankesch\u00f6n geht an: den Tennnisverein Hemmersdorf, den Tennisverein Wallerfangen, den Golfclub Saarbr\u00fccken, den Bouleclub Gisingen, den Fu\u00dfballverein Gisingen und den Volleyballverein Gisingen, ohne deren ehrenamtliche Beteiligung eine solche Eventwoche nicht durchf\u00fchrbar gewesen w\u00e4re.<\/p>\r\n<p>Nicht zu vergessen der Einsatz der Mitarbeiter der FGTS, die weitere Aktivit\u00e4ten wie Spiele, Yoga, etc angeboten hatten.<\/p>\r\n<p>Besonderer Dank geht an unsere Schulleiterin Frau Brausch, die mit ihrer gro\u00dfartigen Organisation und Planung diese sportliche Woche erst m\u00f6glich gemacht hat.<\/p>\r\n<p>Die Sportwoche 2025 wird den Kindern, dem Kollegium und den Mitarbeiter\/innen der FGTS noch lange in bester Erinnerung bleiben.<\/p>\r\n<\/div>\r\n<p><img decoding=\"async\" loading=\"lazy\" class=\"wp-image-1737 aligncenter\" src=\"http:\/\/grundschule-gisingen.de\/wp-content\/uploads\/2024\/06\/1718960000061-300x225.jpg\" alt=\"\" width=\"595\" height=\"446\" srcset=\"http:\/\/grundschule-gisingen.de\/wp-content\/uploads\/2024\/06\/1718960000061-300x225.jpg 300w, http:\/\/grundschule-gisingen.de\/wp-content\/uploads\/2024\/06\/1718960000061-1024x769.jpg 1024w, http:\/\/grundschule-gisingen.de\/wp-content\/uploads\/2024\/06\/1718960000061-768x577.jpg 768w, http:\/\/grundschule-gisingen.de\/wp-content\/uploads\/2024\/06\/1718960000061-1536x1154.jpg 1536w, http:\/\/grundschule-gisingen.de\/wp-content\/uploads\/2024\/06\/1718960000061-2048x1538.jpg 2048w, http:\/\/grundschule-gisingen.de\/wp-content\/uploads\/2024\/06\/1718960000061-600x451.jpg 600w, http:\/\/grundschule-gisingen.de\/wp-content\/uploads\/2024\/06\/1718960000061-945x710.jpg 945w\" sizes=\"(max-width: 595px) 100vw, 595px\" \/><\/p>\r\n<p><strong><strong><!-- \/wp:paragraph -->\r\n\r\n<!-- wp:image {\"id\":1339,\"sizeSlug\":\"full\",\"linkDestination\":\"none\"} --><\/strong><\/strong><\/p>\r\n<figure class=\"wp-block-image size-full\"><\/figure>\r\n<p><strong><strong><!-- \/wp:image -->\r\n\r\n<!-- wp:image {\"id\":1340,\"sizeSlug\":\"full\",\"linkDestination\":\"none\"} --><\/strong><\/strong><\/p>\r\n<figure class=\"wp-block-image size-full\"><\/figure>\r\n<p><strong><strong><!-- \/wp:image -->\r\n\r\n<!-- wp:image {\"id\":1342,\"sizeSlug\":\"full\",\"linkDestination\":\"none\"} --><\/strong><\/strong><\/p>\r\n<figure class=\"wp-block-image size-full\"><\/figure>\r\n<p><strong><!-- \/wp:image --><\/strong><\/p>","protected":false},"excerpt":{"rendered":"<p>Unsere Sportwoche vom 12.05. bis 17.05.2025 In der Woche vom 12. bis 17. Mai 2025 fand an der Grundschule Gisingen bei strahlendem Sonnenschein eine abwechslungsreiche und bewegungsreiche Sportwoche statt. Bei bestem Wetter hatten die Kinder die Gelegenheit, in zahlreiche Sportarten&#8230; <a class=\"more-link\" href=\"http:\/\/grundschule-gisingen.de\/?page_id=104\">Weiterlesen &rarr;<\/a><\/p>\n","protected":false},"author":1,"featured_media":0,"parent":12,"menu_order":0,"comment_status":"closed","ping_status":"closed","template":"","meta":[],"_links":{"self":[{"href":"http:\/\/grundschule-gisingen.de\/index.php?rest_route=\/wp\/v2\/pages\/104"}],"collection":[{"href":"http:\/\/grundschule-gisingen.de\/index.php?rest_route=\/wp\/v2\/pages"}],"about":[{"href":"http:\/\/grundschule-gisingen.de\/index.php?rest_route=\/wp\/v2\/types\/page"}],"author":[{"embeddable":true,"href":"http:\/\/grundschule-gisingen.de\/index.php?rest_route=\/wp\/v2\/users\/1"}],"replies":[{"embeddable":true,"href":"http:\/\/grundschule-gisingen.de\/index.php?rest_route=%2Fwp%2Fv2%2Fcomments&post=104"}],"version-history":[{"count":9,"href":"http:\/\/grundschule-gisingen.de\/index.php?rest_route=\/wp\/v2\/pages\/104\/revisions"}],"predecessor-version":[{"id":1745,"href":"http:\/\/grundschule-gisingen.de\/index.php?rest_route=\/wp\/v2\/pages\/104\/revisions\/1745"}],"up":[{"embeddable":true,"href":"http:\/\/grundschule-gisingen.de\/index.php?rest_route=\/wp\/v2\/pages\/12"}],"wp:attachment":[{"href":"http:\/\/grundschule-gisingen.de\/index.php?rest_route=%2Fwp%2Fv2%2Fmedia&parent=104"}],"curies":[{"name":"wp","href":"https:\/\/api.w.org\/{rel}","templated":true}]}}