
{"id":106,"date":"2017-02-11T16:35:52","date_gmt":"2017-02-11T15:35:52","guid":{"rendered":"http:\/\/grundschule-gisingen.de\/?page_id=106"},"modified":"2018-12-05T16:53:44","modified_gmt":"2018-12-05T15:53:44","slug":"ernaehrungsfuehrerschein","status":"publish","type":"page","link":"http:\/\/grundschule-gisingen.de\/?page_id=106","title":{"rendered":"Ern\u00e4hrungsf\u00fchrerschein"},"content":{"rendered":"<p><span style=\"margin: 0px; font-family: 'Comic Sans MS'; font-size: 12pt;\"><span style=\"color: #000000;\">Direkt nach den Osterferien ging es los. Zweimal in der Woche kam Frau Dr. Dick, um mit den Kindern der beiden dritten Klassen \u00fcber gesunde Ern\u00e4hrung zu sprechen und leckere Gerichte zu kochen.<\/span><\/span><\/p>\n<p><span style=\"margin: 0px; font-family: 'Comic Sans MS'; font-size: 12pt;\"><span style=\"color: #000000;\">In der ersten Woche wurden die Kinder bei der Gestaltung von Brotgesichtern kreativ. Dabei wurden viele lustige Kobolde zum Verzehr aus verschiedenen Brotsorten, Frischk\u00e4se und Gem\u00fcsesorten hergestellt und anschlie\u00dfend mit Genuss verspeist.<\/span><\/span><\/p>\n<p><span style=\"margin: 0px; font-family: 'Comic Sans MS'; font-size: 12pt;\"><span style=\"color: #000000;\">In der zweiten Stunde stand dann ein gesunder Knabberspa\u00df auf dem Speiseplan. Knabbergem\u00fcse aus Karotten, Gurken, Radieschen und Co. wurde mit einem selbstgemixten Kr\u00e4uterquark als Dip \u201everputzt\u201c.<\/span><\/span><\/p>\n<p><span style=\"margin: 0px; font-family: 'Comic Sans MS'; font-size: 12pt;\"><span style=\"color: #000000;\">Dann kam in der dritten Stunde der kunterbunte Nudelsalat an die Reihe. Gem\u00fcse und K\u00e4se wurden kleingeschnitten und mit gekochten Nudeln gemischt. Danach wurde mit Essig, \u00d6l, Senf, Salz und Pfeffer abgeschmeckt. Anschlie\u00dfend wurde wieder alles flei\u00dfig aufgegessen.<\/span><\/span><\/p>\n<p><span style=\"margin: 0px; font-family: 'Comic Sans MS'; font-size: 12pt;\"><span style=\"color: #000000;\">In der vierten Stunde wurde es dann s\u00fc\u00df. Mit fruchtigem Schlemmerquark und Milchmix mit Obst kamen alle Schleckerm\u00e4uler auf ihre Kosten.<\/span><\/span><\/p>\n<p><span style=\"margin: 0px; font-family: 'Comic Sans MS'; font-size: 12pt;\"><span style=\"color: #000000;\">Eine Woche sp\u00e4ter fand die f\u00fcnfte Kochstunde statt. Zum ersten Mal standen warme Gerichte auf dem Speiseplan. Kremiger Kartoffelbrei und knusprige Backofenkartoffeln wurden zusammen mit Salat mit viel Eifer hergestellt. Dabei entpuppten sich beim abschlie\u00dfenden Essen die Backofenkartoffeln als Lieblingsgericht vieler Kinder.<\/span><\/span><\/p>\n<p><span style=\"margin: 0px; font-family: 'Comic Sans MS'; font-size: 12pt;\"><span style=\"color: #000000;\">In\u00a0 jeder Stunde wurde nat\u00fcrlich anschlie\u00dfend auch wieder alles gesp\u00fclt und aufger\u00e4umt.<\/span><\/span><\/p>\n<p><span style=\"margin: 0px; font-family: 'Comic Sans MS'; font-size: 12pt;\"><span style=\"color: #000000;\">Zum Abschluss der Aktion \u201eErn\u00e4hrungsf\u00fchrerschein\u201c mussten die Kinder einen Fragebogen mit ihrem gelernten Wissen bearbeiten und f\u00fcr ihre Eltern Essen zubereiten. Mit viel Eifer kochten die Kinder an einem Nachmittag die verschiedenen Gerichte f\u00fcr ihre Eltern und Geschwister. Diese waren von den Kochk\u00fcnsten ihrer Kinder sehr begeistert und a\u00dfen die Gerichte mit gro\u00dfem Appetit.<\/span><\/span><\/p>\n<p><span style=\"margin: 0px; line-height: 107%; font-family: 'Comic Sans MS'; font-size: 12pt;\"><span style=\"color: #000000;\">Der Dank der dritten Klassen gilt vor allem Frau Dr. Dick f\u00fcr die Durchf\u00fchrung der Einheit und der FGTS f\u00fcr die Nutzung der K\u00fcche &#8211; aber auch den Eltern, die beim Kochen geholfen haben. <\/span><\/span><\/p>\n<p>&nbsp;<\/p>\n","protected":false},"excerpt":{"rendered":"<p>Direkt nach den Osterferien ging es los. Zweimal in der Woche kam Frau Dr. Dick, um mit den Kindern der beiden dritten Klassen \u00fcber gesunde Ern\u00e4hrung zu sprechen und leckere Gerichte zu kochen. In der ersten Woche wurden die Kinder&#8230; <a class=\"more-link\" href=\"http:\/\/grundschule-gisingen.de\/?page_id=106\">Weiterlesen &rarr;<\/a><\/p>\n","protected":false},"author":1,"featured_media":0,"parent":12,"menu_order":0,"comment_status":"closed","ping_status":"closed","template":"","meta":[],"_links":{"self":[{"href":"http:\/\/grundschule-gisingen.de\/index.php?rest_route=\/wp\/v2\/pages\/106"}],"collection":[{"href":"http:\/\/grundschule-gisingen.de\/index.php?rest_route=\/wp\/v2\/pages"}],"about":[{"href":"http:\/\/grundschule-gisingen.de\/index.php?rest_route=\/wp\/v2\/types\/page"}],"author":[{"embeddable":true,"href":"http:\/\/grundschule-gisingen.de\/index.php?rest_route=\/wp\/v2\/users\/1"}],"replies":[{"embeddable":true,"href":"http:\/\/grundschule-gisingen.de\/index.php?rest_route=%2Fwp%2Fv2%2Fcomments&post=106"}],"version-history":[{"count":4,"href":"http:\/\/grundschule-gisingen.de\/index.php?rest_route=\/wp\/v2\/pages\/106\/revisions"}],"predecessor-version":[{"id":786,"href":"http:\/\/grundschule-gisingen.de\/index.php?rest_route=\/wp\/v2\/pages\/106\/revisions\/786"}],"up":[{"embeddable":true,"href":"http:\/\/grundschule-gisingen.de\/index.php?rest_route=\/wp\/v2\/pages\/12"}],"wp:attachment":[{"href":"http:\/\/grundschule-gisingen.de\/index.php?rest_route=%2Fwp%2Fv2%2Fmedia&parent=106"}],"curies":[{"name":"wp","href":"https:\/\/api.w.org\/{rel}","templated":true}]}}