
{"id":108,"date":"2017-02-11T16:36:17","date_gmt":"2017-02-11T15:36:17","guid":{"rendered":"http:\/\/grundschule-gisingen.de\/?page_id=108"},"modified":"2026-01-14T11:37:22","modified_gmt":"2026-01-14T10:37:22","slug":"kulturwandertag","status":"publish","type":"page","link":"http:\/\/grundschule-gisingen.de\/?page_id=108","title":{"rendered":"Kulturwandertag: Emil und die Detektive 2025"},"content":{"rendered":"<p>Am allj\u00e4hrlichen Kulturwandertag steht der Besuch eines sch\u00f6nen Theaterst\u00fcckes im Mittelpunkt. Neben dem Besuch des Staatstheaters konnte auch schon z.B. das Theaterschiff Maria Helena alle Kinder begeistern. Dieser Kulturwandertag findet ein mal im Jahr mit der gesamten Schule statt. Ein Erlebnis f\u00fcr alle Kinder.<\/p>\n<p><strong>Besuch der Grundschule Gisingen im Theater am Ring in Saarlouis<\/strong><\/p>\n<p>Am 9. Dezember 2025 besuchte wir das Theater am Ring in Saarlouis. Am fr\u00fchen Morgen machten sich alle Klassen gemeinsam mit ihren Lehrkr\u00e4ften mit mehreren Bussen auf den Weg nach Saarlouis.<br \/>\nIm Theater erwartete die Kinder ein besonderes Erlebnis: Die Kleine Oper Homburg f\u00fchrte das bekannte St\u00fcck <strong>\u201eEmil und die Detektive\u201c<\/strong> auf. Die spannende Geschichte von Emil, der in einer fremden Stadt seinen gestohlenen Geldbetrag zur\u00fcckholen m\u00f6chte, begeisterte das junge Publikum von Anfang an. Begleitet von einem Konzertfl\u00fcgel sangen die S\u00e4ngerinnen und S\u00e4nger Arien und brachten so die Opernwelt auf kindgerechte Weise auf die B\u00fchne. Durch das lebendige Spiel der Schauspielerinnen und Schauspieler, die mitrei\u00dfende Musik, kleinere pyrotechnische Effekte und das kindgerechte B\u00fchnenbild konnten alle der Handlung gut folgen. Immer wieder wurde gelacht und aufmerksam mitgefiebert.<br \/>\nNach der Vorstellung ging es mit den Bussen zur\u00fcck nach Gisingen.<br \/>\nDer Theaterbesuch war f\u00fcr alle Beteiligten ein sch\u00f6nes und eindrucksvolles Erlebnis, das sicher noch lange in Erinnerung bleiben wird.<\/p>\n","protected":false},"excerpt":{"rendered":"<p>Am allj\u00e4hrlichen Kulturwandertag steht der Besuch eines sch\u00f6nen Theaterst\u00fcckes im Mittelpunkt. Neben dem Besuch des Staatstheaters konnte auch schon z.B. das Theaterschiff Maria Helena alle Kinder begeistern. Dieser Kulturwandertag findet ein mal im Jahr mit der gesamten Schule statt. Ein&#8230; <a class=\"more-link\" href=\"http:\/\/grundschule-gisingen.de\/?page_id=108\">Weiterlesen &rarr;<\/a><\/p>\n","protected":false},"author":1,"featured_media":0,"parent":12,"menu_order":0,"comment_status":"closed","ping_status":"closed","template":"","meta":[],"_links":{"self":[{"href":"http:\/\/grundschule-gisingen.de\/index.php?rest_route=\/wp\/v2\/pages\/108"}],"collection":[{"href":"http:\/\/grundschule-gisingen.de\/index.php?rest_route=\/wp\/v2\/pages"}],"about":[{"href":"http:\/\/grundschule-gisingen.de\/index.php?rest_route=\/wp\/v2\/types\/page"}],"author":[{"embeddable":true,"href":"http:\/\/grundschule-gisingen.de\/index.php?rest_route=\/wp\/v2\/users\/1"}],"replies":[{"embeddable":true,"href":"http:\/\/grundschule-gisingen.de\/index.php?rest_route=%2Fwp%2Fv2%2Fcomments&post=108"}],"version-history":[{"count":6,"href":"http:\/\/grundschule-gisingen.de\/index.php?rest_route=\/wp\/v2\/pages\/108\/revisions"}],"predecessor-version":[{"id":2077,"href":"http:\/\/grundschule-gisingen.de\/index.php?rest_route=\/wp\/v2\/pages\/108\/revisions\/2077"}],"up":[{"embeddable":true,"href":"http:\/\/grundschule-gisingen.de\/index.php?rest_route=\/wp\/v2\/pages\/12"}],"wp:attachment":[{"href":"http:\/\/grundschule-gisingen.de\/index.php?rest_route=%2Fwp%2Fv2%2Fmedia&parent=108"}],"curies":[{"name":"wp","href":"https:\/\/api.w.org\/{rel}","templated":true}]}}