
{"id":1319,"date":"2023-07-13T16:11:29","date_gmt":"2023-07-13T14:11:29","guid":{"rendered":"http:\/\/grundschule-gisingen.de\/?page_id=1319"},"modified":"2025-03-18T20:50:57","modified_gmt":"2025-03-18T19:50:57","slug":"ferien-und-projekte","status":"publish","type":"page","link":"http:\/\/grundschule-gisingen.de\/?page_id=1319","title":{"rendered":"Ferien und Projekte"},"content":{"rendered":"<p><strong>Sportprojekt<\/strong><\/p>\n<p>Bewegung spielt eine entscheidende Rolle in unserem Alltag und in der Entwicklung von Kindern.<br \/>\n<img decoding=\"async\" loading=\"lazy\" class=\" wp-image-1965 alignleft\" src=\"http:\/\/grundschule-gisingen.de\/wp-content\/uploads\/2025\/03\/Sportprojekt.jpg\" alt=\"\" width=\"214\" height=\"167\" srcset=\"http:\/\/grundschule-gisingen.de\/wp-content\/uploads\/2025\/03\/Sportprojekt.jpg 501w, http:\/\/grundschule-gisingen.de\/wp-content\/uploads\/2025\/03\/Sportprojekt-300x234.jpg 300w\" sizes=\"(max-width: 214px) 100vw, 214px\" \/>Durch zahlreiche Bewegungsspiele wird das Koordinationsverm\u00f6gen der Kinder gef\u00f6rdert. Sie lernen auch, dass es wichtig ist, im Team zusammenzuarbeiten, z.B. beim Fu\u00dfballspielen. Hierbei wird das WIR -Gef\u00fchl innerhalb des Teams gest\u00e4rkt. Zudem werden auch die sozialen Kompetenzen unterst\u00fctzt, indem die Kinder gemeinsam Regeln f\u00fcr die Spiele aufstellen und eigenst\u00e4ndig Unstimmigkeiten l\u00f6sen.<\/p>\n<p>&nbsp;<\/p>\n<p>&nbsp;<\/p>\n<p><strong>Erlebnisp\u00e4dagogik Ytong Steine<\/strong><\/p>\n<p><img decoding=\"async\" loading=\"lazy\" class=\" wp-image-1966 alignleft\" src=\"http:\/\/grundschule-gisingen.de\/wp-content\/uploads\/2025\/03\/Ytongsteine.jpg\" alt=\"\" width=\"145\" height=\"229\" srcset=\"http:\/\/grundschule-gisingen.de\/wp-content\/uploads\/2025\/03\/Ytongsteine.jpg 192w, http:\/\/grundschule-gisingen.de\/wp-content\/uploads\/2025\/03\/Ytongsteine-189x300.jpg 189w\" sizes=\"(max-width: 145px) 100vw, 145px\" \/>Ytong-Steine: Kreativit\u00e4t in jedem Block.! Die Ytong Steine erm\u00f6glichen den Kindern der Kreativit\u00e4t keine Grenzen zu setzen. Vorab konnten sie sich \u00fcberlegen in welche Form sie ihre Steine feilen und welche Farben sie zum Versch\u00f6nern benutzen m\u00f6chten. Die Kinder lernen durch die abwechslungsreichen Stationenarbeiten wie s\u00e4gen, feilen, bemalen, dass es wichtig ist mit Geduld und Konzentration an die Sache ranzugehen. Nur so k\u00f6nnen Konzentration und die Hand-Augen-Koordination trainiert und gest\u00e4rkt werden. Durch ihren Stolz auf das, was sie geschaffen haben, st\u00e4rken sie ihr Selbstbewusstsein und gewinnen an Selbstsicherheit.<\/p>\n<p>&nbsp;<\/p>\n<p>&nbsp;<\/p>\n<p><strong>Strick und H\u00e4kelprojekt <\/strong><\/p>\n<p><img decoding=\"async\" loading=\"lazy\" class=\" wp-image-1967 alignleft\" src=\"http:\/\/grundschule-gisingen.de\/wp-content\/uploads\/2025\/03\/Strickprojekt.jpg\" alt=\"\" width=\"216\" height=\"187\" \/>Zeit f\u00fcr Wolle und Fantasie, so macht Stricken Spa\u00df! Die Kinder haben die M\u00f6glichkeit, verschiedene Techniken wie Stricken, H\u00e4keln, Fingerstricken und die Arbeit mit einem Strickring auszuprobieren. Die verschiedenen Techniken erm\u00f6glichen es den Kindern, ihre Ausdauer und ihre Konzentration zu st\u00e4rken. Au\u00dferdem wird die Feinmotorik mithilfe pr\u00e4ziser ausgef\u00fchrter Handbewegungen gef\u00f6rdert. Durch das Arbeiten mit Wolle und Nadeln verbessert sich die Hand-Augen-Koordination Dar\u00fcber hinaus k\u00f6nnen die Kinder ihrer Kreativit\u00e4t freien Lauf lassen, was gleichzeitig ihr Selbstbewusstsein st\u00e4rkt.<\/p>\n<p><strong>\u00a0<\/strong><\/p>\n<p><strong>Kreativprojekt Nassfilzen \u201eMeer &amp; Wasser\u201c<\/strong><\/p>\n<p><img decoding=\"async\" loading=\"lazy\" class=\"wp-image-1968 alignleft\" src=\"http:\/\/grundschule-gisingen.de\/wp-content\/uploads\/2025\/03\/Nassfilzen.jpg\" alt=\"\" width=\"209\" height=\"169\" srcset=\"http:\/\/grundschule-gisingen.de\/wp-content\/uploads\/2025\/03\/Nassfilzen.jpg 467w, http:\/\/grundschule-gisingen.de\/wp-content\/uploads\/2025\/03\/Nassfilzen-300x243.jpg 300w\" sizes=\"(max-width: 209px) 100vw, 209px\" \/>Nassfilzen ist nicht nur ein gestalterischer Prozess, sondern hat auch positive Effekte auf die pers\u00f6nliche Entwicklung. Die pr\u00e4zisen Handbewegungen beim Kneten und Formen f\u00f6rdert die Feinmotorik. Zus\u00e4tzlich st\u00e4rkt Nassfilzen das Selbstvertrauen und Selbstwertgef\u00fchl, da die Kinder stolz auf ihre eigenen Kreationen sind. Es regt die Fantasie und gleichzeitig auch die Kreativit\u00e4t an.<\/p>\n<p>&nbsp;<\/p>\n<p>&nbsp;<\/p>\n<p><strong>Volleyballprojekt (Volleyball Verein Gau e.V.)<\/strong><\/p>\n<p><img decoding=\"async\" loading=\"lazy\" class=\"wp-image-1969 alignleft\" src=\"http:\/\/grundschule-gisingen.de\/wp-content\/uploads\/2025\/03\/Volleyballprojekt.jpg\" alt=\"\" width=\"285\" height=\"160\" srcset=\"http:\/\/grundschule-gisingen.de\/wp-content\/uploads\/2025\/03\/Volleyballprojekt.jpg 534w, http:\/\/grundschule-gisingen.de\/wp-content\/uploads\/2025\/03\/Volleyballprojekt-300x169.jpg 300w\" sizes=\"(max-width: 285px) 100vw, 285px\" \/>Mit Volleyball ins Bewegungsabenteuer! Volleyball ist ein Teamsport, dadurch lernen die Kinder, dass Teambuilding wichtig ist, um gemeinsam ans Ziel zu kommen. Die Kinder trainieren, ihre Bewegungen besser zu steuern und gleichzeitig konzentriert zu bleiben. Durch Koordinations\u00fcbungen wie Sprinten und gezielten Handbewegungen wie Baggern verbessern sie ihre Reflexe und ihre Schnelligkeit.<\/p>\n<p>&nbsp;<\/p>\n<p>&nbsp;<\/p>\n<p><strong>Kreativprojekt Nadelfilzen<\/strong><\/p>\n<p><img decoding=\"async\" loading=\"lazy\" class=\"wp-image-1971 alignleft\" src=\"http:\/\/grundschule-gisingen.de\/wp-content\/uploads\/2025\/03\/Trockenfilzen.jpg\" alt=\"\" width=\"276\" height=\"183\" srcset=\"http:\/\/grundschule-gisingen.de\/wp-content\/uploads\/2025\/03\/Trockenfilzen.jpg 641w, http:\/\/grundschule-gisingen.de\/wp-content\/uploads\/2025\/03\/Trockenfilzen-300x198.jpg 300w, http:\/\/grundschule-gisingen.de\/wp-content\/uploads\/2025\/03\/Trockenfilzen-600x397.jpg 600w\" sizes=\"(max-width: 276px) 100vw, 276px\" \/>Kreativit\u00e4t kennt keine Grenzen! Die Kinder erlernen die unterschiedlichen Grundtechniken des Filzens und stellen verschiedene Objekte her. Das Erstellen von Filzprojekten erfordert Geduld und Ausdauer, diese Erfahrung st\u00e4rkt das Durchhalteverm\u00f6gen der Kinder Die Bewegungen beim Stechen mit der Nadel f\u00f6rdern die Feinmotorik und gleichzeitig die Hand-Augen-Koordination. Die Kinder haben die M\u00f6glichkeit ihre eigenen einzigartigen Figuren zu gestalten. Dabei bringen sie ihre Kreativit\u00e4t zum Ausdruck und regen ihre Vorstellungskraft an.<\/p>\n<p>&nbsp;<\/p>\n<p><strong>Sport und Erlebnisp\u00e4dagogik<\/strong><\/p>\n<p><img decoding=\"async\" loading=\"lazy\" class=\" wp-image-1970 alignleft\" src=\"http:\/\/grundschule-gisingen.de\/wp-content\/uploads\/2025\/03\/Erlebnispaedadgogik.jpg\" alt=\"\" width=\"278\" height=\"171\" srcset=\"http:\/\/grundschule-gisingen.de\/wp-content\/uploads\/2025\/03\/Erlebnispaedadgogik.jpg 386w, http:\/\/grundschule-gisingen.de\/wp-content\/uploads\/2025\/03\/Erlebnispaedadgogik-300x185.jpg 300w\" sizes=\"(max-width: 278px) 100vw, 278px\" \/>Teamgeist in Aktion! Durch gezielte Dehn\u00fcbungen lernen die Kinder, Ruhe zu finden und trotzdem in Bewegung zu bleiben, w\u00e4hrend sie gleichzeitig ihre Wahrnehmungsf\u00e4higkeit sch\u00e4rfen. Mit der Aus\u00fcbung verschiedener Sportarten, wie beispielweise Tennis, haben die Kinder die M\u00f6glichkeit, ihre Ausdauer und Koordination gezielt zu trainieren. Das Highlight des Projekts ist die Miniolympiade. Dort lernen die Kinder im Team zu arbeiten und sich gegenseitig zu unterst\u00fctzen, um ein gemeinsames Ziel zu erreichen.<\/p>\n<p>&nbsp;<\/p>\n<p><strong>\u201eModedesigner f\u00fcr einen Tag\u201c<\/strong><\/p>\n<p><img decoding=\"async\" loading=\"lazy\" class=\" wp-image-1972 alignleft\" src=\"http:\/\/grundschule-gisingen.de\/wp-content\/uploads\/2025\/03\/Modedesigner.png\" alt=\"\" width=\"161\" height=\"248\" srcset=\"http:\/\/grundschule-gisingen.de\/wp-content\/uploads\/2025\/03\/Modedesigner.png 240w, http:\/\/grundschule-gisingen.de\/wp-content\/uploads\/2025\/03\/Modedesigner-195x300.png 195w\" sizes=\"(max-width: 161px) 100vw, 161px\" \/>Im Rahmen dieses Projektes haben die Kinder die M\u00f6glichkeit, ihre Kreativit\u00e4t auszuleben und aus etwa 200 Grundmotiven ein Design f\u00fcr ihr Modest\u00fcck auszuw\u00e4hlen. Anschlie\u00dfend setzen sie sich intensiv mit der Farbgestaltung und dem Zusammenspiel von Formen auseinander. Dadurch entfalten die Kinder ein Gesp\u00fcr f\u00fcr das Zusammenspiel von Farben und Formen. W\u00e4hrend des gesamten Prozesses wird ihnen bewusst, wie viel Arbeit hinter einem fertigen Kleidungsst\u00fcck steckt. Im praktischen Teil platzieren sie ihre Motive auf T-Shirts und durch das Fixieren der Motive mit einer Presse erleben sie hautnah, wie ihre kreativen Entw\u00fcrfe zum Leben erweckt werden. Die Kinder entwickeln ein st\u00e4rkeres Selbstbewusstsein durch die Umsetzung ihrer eigenen Ideen. So entsteht ein spannender Prozess, der nicht nur die Kreativit\u00e4t, sondern auch das Verst\u00e4ndnis f\u00fcr die Arbeit hinter der Mode f\u00f6rdert.<\/p>\n<p>&nbsp;<\/p>\n<p><strong>Workshop f\u00fcr Achtsamkeit<\/strong><\/p>\n<p><img decoding=\"async\" loading=\"lazy\" class=\" wp-image-1973 alignleft\" src=\"http:\/\/grundschule-gisingen.de\/wp-content\/uploads\/2025\/03\/Achtsamkeit.jpg\" alt=\"\" width=\"310\" height=\"203\" srcset=\"http:\/\/grundschule-gisingen.de\/wp-content\/uploads\/2025\/03\/Achtsamkeit.jpg 485w, http:\/\/grundschule-gisingen.de\/wp-content\/uploads\/2025\/03\/Achtsamkeit-300x196.jpg 300w\" sizes=\"(max-width: 310px) 100vw, 310px\" \/>Mit Gelassenheit durch den Alltag! Durch gezielte K\u00f6rper\u00fcbungen (Asanas) und Meditations\u00fcbungen wird innere Ruhe gef\u00f6rdert und Spannungen abgebaut, was zu einer tiefen Entspannung f\u00fchrt. Zudem lernen die Kinder einfache Meditationspraktiken, die ihre Achtsamkeit f\u00f6rdern und ihnen helfen, im Moment pr\u00e4sent zu sein. Ein kreativer H\u00f6hepunkt des Workshops ist das Malen mit \u00d6lfarben, bei dem die Kinder ihre Fantasie anregen, ihre Kreativit\u00e4t entfalten und zudem ihre Gef\u00fchle und Gedanken ausdr\u00fccken k\u00f6nnen. Die Kombination aus k\u00f6rperlicher Bewegung, Achtsamkeit und kreativen Ausdrucksformen tr\u00e4gt dazu bei, das K\u00f6rperbewusstsein der Kinder zu st\u00e4rken und ihnen ein Gef\u00fchl der inneren Ruhe zu vermitteln.<\/p>\n","protected":false},"excerpt":{"rendered":"<p>Sportprojekt Bewegung spielt eine entscheidende Rolle in unserem Alltag und in der Entwicklung von Kindern. Durch zahlreiche Bewegungsspiele wird das Koordinationsverm\u00f6gen der Kinder gef\u00f6rdert. Sie lernen auch, dass es wichtig ist, im Team zusammenzuarbeiten, z.B. beim Fu\u00dfballspielen. Hierbei wird das&#8230; <a class=\"more-link\" href=\"http:\/\/grundschule-gisingen.de\/?page_id=1319\">Weiterlesen &rarr;<\/a><\/p>\n","protected":false},"author":1,"featured_media":0,"parent":18,"menu_order":0,"comment_status":"closed","ping_status":"closed","template":"","meta":[],"_links":{"self":[{"href":"http:\/\/grundschule-gisingen.de\/index.php?rest_route=\/wp\/v2\/pages\/1319"}],"collection":[{"href":"http:\/\/grundschule-gisingen.de\/index.php?rest_route=\/wp\/v2\/pages"}],"about":[{"href":"http:\/\/grundschule-gisingen.de\/index.php?rest_route=\/wp\/v2\/types\/page"}],"author":[{"embeddable":true,"href":"http:\/\/grundschule-gisingen.de\/index.php?rest_route=\/wp\/v2\/users\/1"}],"replies":[{"embeddable":true,"href":"http:\/\/grundschule-gisingen.de\/index.php?rest_route=%2Fwp%2Fv2%2Fcomments&post=1319"}],"version-history":[{"count":6,"href":"http:\/\/grundschule-gisingen.de\/index.php?rest_route=\/wp\/v2\/pages\/1319\/revisions"}],"predecessor-version":[{"id":1975,"href":"http:\/\/grundschule-gisingen.de\/index.php?rest_route=\/wp\/v2\/pages\/1319\/revisions\/1975"}],"up":[{"embeddable":true,"href":"http:\/\/grundschule-gisingen.de\/index.php?rest_route=\/wp\/v2\/pages\/18"}],"wp:attachment":[{"href":"http:\/\/grundschule-gisingen.de\/index.php?rest_route=%2Fwp%2Fv2%2Fmedia&parent=1319"}],"curies":[{"name":"wp","href":"https:\/\/api.w.org\/{rel}","templated":true}]}}