
{"id":1452,"date":"2023-09-10T18:38:37","date_gmt":"2023-09-10T16:38:37","guid":{"rendered":"http:\/\/grundschule-gisingen.de\/?page_id=1452"},"modified":"2025-03-18T20:10:04","modified_gmt":"2025-03-18T19:10:04","slug":"team","status":"publish","type":"page","link":"http:\/\/grundschule-gisingen.de\/?page_id=1452","title":{"rendered":"Unser Team"},"content":{"rendered":"\r\n<p>&nbsp;<\/p>\r\n\r\n\r\n\r\n<p><strong>Leitung:<\/strong> Katharina Selzer<\/p>\r\n\r\n\r\n\r\n<p><strong>stellvertretende Leitung:<\/strong> Birgit M\u00fcller, Alessia Di Pasquale<\/p>\r\n\r\n\r\n\r\n<p><strong>Unsere p\u00e4dagogischen Mitarbeiterinnen:<\/strong> Cristina Bonsangue, Alessia Di Pasquale, Ga\u00ebl Baranzke, Sandra Sauder, Andrea Otto-Heilemann, Max Reidel, Andrea Klein, Elena Naumann, Lena Hennrich (Hausaufgaben &amp; Theater AG)<\/p>\r\n\r\n\r\n\r\n<p><strong>Fr\u00fchbetreuung: <\/strong>Sandra Sauder<\/p>\r\n\r\n\r\n\r\n<p>&nbsp;<\/p>\r\n\r\n\r\n\r\n<figure class=\"wp-block-image size-large\"><img decoding=\"async\" loading=\"lazy\" width=\"1024\" height=\"738\" class=\"wp-image-1349\" src=\"http:\/\/grundschule-gisingen.de\/wp-content\/uploads\/2023\/07\/01-DSCF5917-f4c9d475-1024x738.jpg\" alt=\"\" srcset=\"http:\/\/grundschule-gisingen.de\/wp-content\/uploads\/2023\/07\/01-DSCF5917-f4c9d475-1024x738.jpg 1024w, http:\/\/grundschule-gisingen.de\/wp-content\/uploads\/2023\/07\/01-DSCF5917-f4c9d475-300x216.jpg 300w, http:\/\/grundschule-gisingen.de\/wp-content\/uploads\/2023\/07\/01-DSCF5917-f4c9d475-768x554.jpg 768w, http:\/\/grundschule-gisingen.de\/wp-content\/uploads\/2023\/07\/01-DSCF5917-f4c9d475-600x433.jpg 600w, http:\/\/grundschule-gisingen.de\/wp-content\/uploads\/2023\/07\/01-DSCF5917-f4c9d475-945x681.jpg 945w, http:\/\/grundschule-gisingen.de\/wp-content\/uploads\/2023\/07\/01-DSCF5917-f4c9d475.jpg 1488w\" sizes=\"(max-width: 1024px) 100vw, 1024px\" \/><\/figure>\r\n\r\n\r\n\r\n<p class=\"has-small-font-size\">Foto von mbphoto \/ Saarlouis<\/p>\r\n\r\n\r\n\r\n<p>Alessia Di Pasquale (2. stellvertretende Leitung), Birgit M\u00fcller (1. stellvertretende Leitung), Cristina Bonsangue, Andrea Otto-Heilemann, Katharina Selzer (Leitung), Gael Baranzke, Sandra Sauder (von links nach rechts)<\/p>\r\n<p>nicht abgebildet: Max Reidel, Andrea Klein, Lena Hennrich (Hausaufgaben\/Theater-AG), Elena Naumann<\/p>\r\n","protected":false},"excerpt":{"rendered":"<p>&nbsp; Leitung: Katharina Selzer stellvertretende Leitung: Birgit M\u00fcller, Alessia Di Pasquale Unsere p\u00e4dagogischen Mitarbeiterinnen: Cristina Bonsangue, Alessia Di Pasquale, Ga\u00ebl Baranzke, Sandra Sauder, Andrea Otto-Heilemann, Max Reidel, Andrea Klein, Elena Naumann, Lena Hennrich (Hausaufgaben &amp; Theater AG) Fr\u00fchbetreuung: Sandra Sauder&#8230; <a class=\"more-link\" href=\"http:\/\/grundschule-gisingen.de\/?page_id=1452\">Weiterlesen &rarr;<\/a><\/p>\n","protected":false},"author":1,"featured_media":0,"parent":18,"menu_order":-2,"comment_status":"closed","ping_status":"closed","template":"","meta":[],"_links":{"self":[{"href":"http:\/\/grundschule-gisingen.de\/index.php?rest_route=\/wp\/v2\/pages\/1452"}],"collection":[{"href":"http:\/\/grundschule-gisingen.de\/index.php?rest_route=\/wp\/v2\/pages"}],"about":[{"href":"http:\/\/grundschule-gisingen.de\/index.php?rest_route=\/wp\/v2\/types\/page"}],"author":[{"embeddable":true,"href":"http:\/\/grundschule-gisingen.de\/index.php?rest_route=\/wp\/v2\/users\/1"}],"replies":[{"embeddable":true,"href":"http:\/\/grundschule-gisingen.de\/index.php?rest_route=%2Fwp%2Fv2%2Fcomments&post=1452"}],"version-history":[{"count":10,"href":"http:\/\/grundschule-gisingen.de\/index.php?rest_route=\/wp\/v2\/pages\/1452\/revisions"}],"predecessor-version":[{"id":1962,"href":"http:\/\/grundschule-gisingen.de\/index.php?rest_route=\/wp\/v2\/pages\/1452\/revisions\/1962"}],"up":[{"embeddable":true,"href":"http:\/\/grundschule-gisingen.de\/index.php?rest_route=\/wp\/v2\/pages\/18"}],"wp:attachment":[{"href":"http:\/\/grundschule-gisingen.de\/index.php?rest_route=%2Fwp%2Fv2%2Fmedia&parent=1452"}],"curies":[{"name":"wp","href":"https:\/\/api.w.org\/{rel}","templated":true}]}}