
{"id":1517,"date":"2023-10-10T16:58:01","date_gmt":"2023-10-10T14:58:01","guid":{"rendered":"http:\/\/grundschule-gisingen.de\/?page_id=1517"},"modified":"2025-03-18T20:12:39","modified_gmt":"2025-03-18T19:12:39","slug":"kreativ-ag","status":"publish","type":"page","link":"http:\/\/grundschule-gisingen.de\/?page_id=1517","title":{"rendered":"Kreativ-AG"},"content":{"rendered":"\r\n<p>In der Kreativ-AG lernen die Kinder die unterschiedlichsten Techniken und Materialien kennen, mit deren Hilfe sie die M\u00f6glichkeit haben, sich k\u00fcnstlerisch auszudr\u00fccken. Die Spanne reicht von N\u00e4hen \u00fcber Filzen, Arbeiten mit Modelliermasse, Upcycling und vielem mehr. Bei den Projekten wird thematisch auf die aktuellen Jahreszeiten eingegangen.<br \/>Die Kreativ-AG f\u00fcr die Klassen 1 und 2 findet immer dienstags in der 6.Stunde statt. Leiterin der AG ist Frau Welp.<\/p>\r\n\r\n\r\n","protected":false},"excerpt":{"rendered":"<p>In der Kreativ-AG lernen die Kinder die unterschiedlichsten Techniken und Materialien kennen, mit deren Hilfe sie die M\u00f6glichkeit haben, sich k\u00fcnstlerisch auszudr\u00fccken. Die Spanne reicht von N\u00e4hen \u00fcber Filzen, Arbeiten mit Modelliermasse, Upcycling und vielem mehr. Bei den Projekten wird&#8230; <a class=\"more-link\" href=\"http:\/\/grundschule-gisingen.de\/?page_id=1517\">Weiterlesen &rarr;<\/a><\/p>\n","protected":false},"author":1,"featured_media":0,"parent":40,"menu_order":0,"comment_status":"closed","ping_status":"closed","template":"","meta":[],"_links":{"self":[{"href":"http:\/\/grundschule-gisingen.de\/index.php?rest_route=\/wp\/v2\/pages\/1517"}],"collection":[{"href":"http:\/\/grundschule-gisingen.de\/index.php?rest_route=\/wp\/v2\/pages"}],"about":[{"href":"http:\/\/grundschule-gisingen.de\/index.php?rest_route=\/wp\/v2\/types\/page"}],"author":[{"embeddable":true,"href":"http:\/\/grundschule-gisingen.de\/index.php?rest_route=\/wp\/v2\/users\/1"}],"replies":[{"embeddable":true,"href":"http:\/\/grundschule-gisingen.de\/index.php?rest_route=%2Fwp%2Fv2%2Fcomments&post=1517"}],"version-history":[{"count":4,"href":"http:\/\/grundschule-gisingen.de\/index.php?rest_route=\/wp\/v2\/pages\/1517\/revisions"}],"predecessor-version":[{"id":1963,"href":"http:\/\/grundschule-gisingen.de\/index.php?rest_route=\/wp\/v2\/pages\/1517\/revisions\/1963"}],"up":[{"embeddable":true,"href":"http:\/\/grundschule-gisingen.de\/index.php?rest_route=\/wp\/v2\/pages\/40"}],"wp:attachment":[{"href":"http:\/\/grundschule-gisingen.de\/index.php?rest_route=%2Fwp%2Fv2%2Fmedia&parent=1517"}],"curies":[{"name":"wp","href":"https:\/\/api.w.org\/{rel}","templated":true}]}}