
{"id":154,"date":"2017-02-12T08:51:30","date_gmt":"2017-02-12T07:51:30","guid":{"rendered":"http:\/\/grundschule-gisingen.de\/?page_id=154"},"modified":"2024-06-21T10:58:27","modified_gmt":"2024-06-21T08:58:27","slug":"schullaufmeisterschaften","status":"publish","type":"page","link":"http:\/\/grundschule-gisingen.de\/?page_id=154","title":{"rendered":"Schullaufmeisterschaften 2024"},"content":{"rendered":"<div>\r\n<p>Lauferlebnis in Merzig<\/p>\r\n<p>Am Freitag, dem 07.05.2024 gingen die Schullaufmeisterschaften des Saarlandes in eine neue Runde. Mit dabei waren auch 30 Renner der Grundschule Gisingen.<br \/>Bei hervorragenden \u00e4u\u00dferen Bedingungen gaben \u00fcber 6000 Kinder (Teilnahmerekord) Ihr Bestes auf den schnellen 2 Kilometern durch die Merziger Innenstadt. Auch in diesem Jahr gingen unsere L\u00e4ufer bestens vorbereitet auf die Strecke, die Bestzeiten der Kinder purzelten nur so aus dem Zeitenmonitor. Besonders erw\u00e4hnt werden m\u00fcssen unsere Schnellsten: Louisa Baltes wurde m<img decoding=\"async\" loading=\"lazy\" class=\"size-medium wp-image-1743 alignright\" src=\"http:\/\/grundschule-gisingen.de\/wp-content\/uploads\/2024\/06\/IMG_0274-300x223.jpeg\" alt=\"\" width=\"300\" height=\"223\" srcset=\"http:\/\/grundschule-gisingen.de\/wp-content\/uploads\/2024\/06\/IMG_0274-300x223.jpeg 300w, http:\/\/grundschule-gisingen.de\/wp-content\/uploads\/2024\/06\/IMG_0274-1024x762.jpeg 1024w, http:\/\/grundschule-gisingen.de\/wp-content\/uploads\/2024\/06\/IMG_0274-768x572.jpeg 768w, http:\/\/grundschule-gisingen.de\/wp-content\/uploads\/2024\/06\/IMG_0274-600x447.jpeg 600w, http:\/\/grundschule-gisingen.de\/wp-content\/uploads\/2024\/06\/IMG_0274-945x704.jpeg 945w, http:\/\/grundschule-gisingen.de\/wp-content\/uploads\/2024\/06\/IMG_0274.jpeg 1272w\" sizes=\"(max-width: 300px) 100vw, 300px\" \/>it einer Zeit von 8:52 min Neunte von \u00fcber 400 Kindern in ihrem Lauf. Tim Gro\u00df konnte mit einer superschnellen Zeit von 8:14 min den elften Platz in seinem Lauf erreichen. Absolute Spitzenklasse!\u00a0<\/p>\r\n<p>Wir Lehrer sind stolz auf eure Leistungen und freuen uns schon auf \u2019s n\u00e4chste Jahr.<br \/>Ein gro\u00dfes Dankesch\u00f6n geht auch in diesem Jahr wieder an die zahlreichen Betreuer, die uns viel Arbeit abnahmen. Ich habe in Merzig wenige Schulen gesehen, die so viel Unterst\u00fctzung der Eltern erfuhren wie wir. Einfach klasse!<\/p>\r\n<p>Thomas Kreuzahler<\/p>\r\n<\/div>\r\n\r\n<p>&nbsp;<\/p>\r\n\r\n\r\n\r\n<figure class=\"wp-block-image size-large\"><img decoding=\"async\" loading=\"lazy\" class=\"wp-image-1738 aligncenter\" src=\"http:\/\/grundschule-gisingen.de\/wp-content\/uploads\/2024\/06\/IMG-20240507-WA0006-300x225.jpg\" alt=\"\" width=\"429\" height=\"322\" srcset=\"http:\/\/grundschule-gisingen.de\/wp-content\/uploads\/2024\/06\/IMG-20240507-WA0006-300x225.jpg 300w, http:\/\/grundschule-gisingen.de\/wp-content\/uploads\/2024\/06\/IMG-20240507-WA0006-1024x768.jpg 1024w, http:\/\/grundschule-gisingen.de\/wp-content\/uploads\/2024\/06\/IMG-20240507-WA0006-768x576.jpg 768w, http:\/\/grundschule-gisingen.de\/wp-content\/uploads\/2024\/06\/IMG-20240507-WA0006-1536x1152.jpg 1536w, http:\/\/grundschule-gisingen.de\/wp-content\/uploads\/2024\/06\/IMG-20240507-WA0006-600x450.jpg 600w, http:\/\/grundschule-gisingen.de\/wp-content\/uploads\/2024\/06\/IMG-20240507-WA0006-945x709.jpg 945w, http:\/\/grundschule-gisingen.de\/wp-content\/uploads\/2024\/06\/IMG-20240507-WA0006.jpg 1600w\" sizes=\"(max-width: 429px) 100vw, 429px\" \/><\/figure>\r\n","protected":false},"excerpt":{"rendered":"<p>Lauferlebnis in Merzig Am Freitag, dem 07.05.2024 gingen die Schullaufmeisterschaften des Saarlandes in eine neue Runde. Mit dabei waren auch 30 Renner der Grundschule Gisingen.Bei hervorragenden \u00e4u\u00dferen Bedingungen gaben \u00fcber 6000 Kinder (Teilnahmerekord) Ihr Bestes auf den schnellen 2 Kilometern&#8230; <a class=\"more-link\" href=\"http:\/\/grundschule-gisingen.de\/?page_id=154\">Weiterlesen &rarr;<\/a><\/p>\n","protected":false},"author":1,"featured_media":0,"parent":12,"menu_order":0,"comment_status":"closed","ping_status":"closed","template":"","meta":[],"_links":{"self":[{"href":"http:\/\/grundschule-gisingen.de\/index.php?rest_route=\/wp\/v2\/pages\/154"}],"collection":[{"href":"http:\/\/grundschule-gisingen.de\/index.php?rest_route=\/wp\/v2\/pages"}],"about":[{"href":"http:\/\/grundschule-gisingen.de\/index.php?rest_route=\/wp\/v2\/types\/page"}],"author":[{"embeddable":true,"href":"http:\/\/grundschule-gisingen.de\/index.php?rest_route=\/wp\/v2\/users\/1"}],"replies":[{"embeddable":true,"href":"http:\/\/grundschule-gisingen.de\/index.php?rest_route=%2Fwp%2Fv2%2Fcomments&post=154"}],"version-history":[{"count":12,"href":"http:\/\/grundschule-gisingen.de\/index.php?rest_route=\/wp\/v2\/pages\/154\/revisions"}],"predecessor-version":[{"id":1744,"href":"http:\/\/grundschule-gisingen.de\/index.php?rest_route=\/wp\/v2\/pages\/154\/revisions\/1744"}],"up":[{"embeddable":true,"href":"http:\/\/grundschule-gisingen.de\/index.php?rest_route=\/wp\/v2\/pages\/12"}],"wp:attachment":[{"href":"http:\/\/grundschule-gisingen.de\/index.php?rest_route=%2Fwp%2Fv2%2Fmedia&parent=154"}],"curies":[{"name":"wp","href":"https:\/\/api.w.org\/{rel}","templated":true}]}}