
{"id":156,"date":"2017-02-12T08:53:10","date_gmt":"2017-02-12T07:53:10","guid":{"rendered":"http:\/\/grundschule-gisingen.de\/?page_id=156"},"modified":"2025-05-28T09:32:01","modified_gmt":"2025-05-28T07:32:01","slug":"schulfussball-turnier-der-grundschulen","status":"publish","type":"page","link":"http:\/\/grundschule-gisingen.de\/?page_id=156","title":{"rendered":"Schulfu\u00dfball-Turnier der Grundschulen 2025"},"content":{"rendered":"<div class=\"default-style\"><strong>Starker Auftritt der Grundschule Gisingen beim Schulturnier!<\/strong><\/div>\n<div class=\"default-style\">\u00a0<\/div>\n<div class=\"default-style\">Am 20.04.25 hie\u00df es f\u00fcr die Grundschule Gisingen:<\/div>\n<div class=\"default-style\">&#8222;Auf nach Schwalbach &#8211; zum Fu\u00dfballturnier der Grundschulen!&#8220;<\/div>\n<div class=\"default-style\">\u00a0<\/div>\n<div class=\"default-style\">Gleich im ersten Spiel lie\u00dfen unsere wei\u00df-roten Kicker nichts anbrennen:<br \/>Ein triumphales 8:0 gegen Saarlouis-Roden!<br \/>Das Torfestival glich einer echten Fu\u00dfball-Oper \u2013 Ballstafetten, Traumtore, Jubelst\u00fcrme!<br \/>Die Fans (sprich: stolze Eltern) rieben sich die Augen: War das noch Gisingen oder doch der FC Bayern?<\/div>\n<div class=\"default-style\">Motiviert bis in die Schn\u00fcrsenkel ging&#8217;s ins zweite Spiel gegen die Grundschule \u00dcberherrn Berus.<br \/>Hier wurde es richtig spannend: ein enges, packendes Duell!<br \/>Am Ende fehlte das Qu\u00e4ntchen Gl\u00fcck \u2013 eine knappe 1:2-Niederlage resultierte aus vielen liegengelassenen Chancen.<\/p>\n<\/div>\n<div class=\"default-style\">Im dritten Match wartete dann die Grundschule \u00dcberherrn St. Bonifatius.<br \/>Unsere tapferen Kicker warfen alles rein \u2013 doch der Gegner erwies sich als zu stark.<br \/>Eine deutliche Niederlage, aber kein Grund, die K\u00f6pfe h\u00e4ngen zu lassen!<\/div>\n<div class=\"default-style\">Am Ende scheidet die Grundschule Gisingen als Dritter aus \u2013 doch mit erhobenem Haupt und gro\u00dfem K\u00e4mpferherz!<\/div>\n<div class=\"default-style\">Denn was bleibt, sind Tore, Teamgeist \u2013 und ein Tag, an den sich alle gern erinnern werden.<\/div>\n<div class=\"default-style\">Bravo, Gisingen!<\/div>\n<div class=\"default-style\">N\u00e4chstes Jahr greifen wir wieder an \u2013 und bis dahin hei\u00dft es kicken, \u00fcben und weitertr\u00e4umen!<\/div>\n<div>\n<div>\n<div>\u00a0<\/div>\n<\/div>\n<\/div>\n<figure class=\"wp-block-image size-large\"><img decoding=\"async\" loading=\"lazy\" class=\"aligncenter size-full wp-image-2000\" src=\"http:\/\/grundschule-gisingen.de\/wp-content\/uploads\/2025\/05\/IMG_0334-1.jpeg\" alt=\"\" width=\"2160\" height=\"1568\" srcset=\"http:\/\/grundschule-gisingen.de\/wp-content\/uploads\/2025\/05\/IMG_0334-1.jpeg 2160w, http:\/\/grundschule-gisingen.de\/wp-content\/uploads\/2025\/05\/IMG_0334-1-300x218.jpeg 300w, http:\/\/grundschule-gisingen.de\/wp-content\/uploads\/2025\/05\/IMG_0334-1-1024x743.jpeg 1024w, http:\/\/grundschule-gisingen.de\/wp-content\/uploads\/2025\/05\/IMG_0334-1-768x558.jpeg 768w, http:\/\/grundschule-gisingen.de\/wp-content\/uploads\/2025\/05\/IMG_0334-1-1536x1115.jpeg 1536w, http:\/\/grundschule-gisingen.de\/wp-content\/uploads\/2025\/05\/IMG_0334-1-2048x1487.jpeg 2048w, http:\/\/grundschule-gisingen.de\/wp-content\/uploads\/2025\/05\/IMG_0334-1-600x436.jpeg 600w, http:\/\/grundschule-gisingen.de\/wp-content\/uploads\/2025\/05\/IMG_0334-1-945x686.jpeg 945w\" sizes=\"(max-width: 2160px) 100vw, 2160px\" \/><\/figure>\n<p><!-- \/wp:image --><\/p>\n","protected":false},"excerpt":{"rendered":"<p>Starker Auftritt der Grundschule Gisingen beim Schulturnier! \u00a0 Am 20.04.25 hie\u00df es f\u00fcr die Grundschule Gisingen: &#8222;Auf nach Schwalbach &#8211; zum Fu\u00dfballturnier der Grundschulen!&#8220; \u00a0 Gleich im ersten Spiel lie\u00dfen unsere wei\u00df-roten Kicker nichts anbrennen:Ein triumphales 8:0 gegen Saarlouis-Roden!Das Torfestival&#8230; <a class=\"more-link\" href=\"http:\/\/grundschule-gisingen.de\/?page_id=156\">Weiterlesen &rarr;<\/a><\/p>\n","protected":false},"author":1,"featured_media":0,"parent":12,"menu_order":0,"comment_status":"closed","ping_status":"closed","template":"","meta":[],"_links":{"self":[{"href":"http:\/\/grundschule-gisingen.de\/index.php?rest_route=\/wp\/v2\/pages\/156"}],"collection":[{"href":"http:\/\/grundschule-gisingen.de\/index.php?rest_route=\/wp\/v2\/pages"}],"about":[{"href":"http:\/\/grundschule-gisingen.de\/index.php?rest_route=\/wp\/v2\/types\/page"}],"author":[{"embeddable":true,"href":"http:\/\/grundschule-gisingen.de\/index.php?rest_route=\/wp\/v2\/users\/1"}],"replies":[{"embeddable":true,"href":"http:\/\/grundschule-gisingen.de\/index.php?rest_route=%2Fwp%2Fv2%2Fcomments&post=156"}],"version-history":[{"count":9,"href":"http:\/\/grundschule-gisingen.de\/index.php?rest_route=\/wp\/v2\/pages\/156\/revisions"}],"predecessor-version":[{"id":2001,"href":"http:\/\/grundschule-gisingen.de\/index.php?rest_route=\/wp\/v2\/pages\/156\/revisions\/2001"}],"up":[{"embeddable":true,"href":"http:\/\/grundschule-gisingen.de\/index.php?rest_route=\/wp\/v2\/pages\/12"}],"wp:attachment":[{"href":"http:\/\/grundschule-gisingen.de\/index.php?rest_route=%2Fwp%2Fv2%2Fmedia&parent=156"}],"curies":[{"name":"wp","href":"https:\/\/api.w.org\/{rel}","templated":true}]}}