
{"id":1699,"date":"2024-04-23T09:00:22","date_gmt":"2024-04-23T07:00:22","guid":{"rendered":"http:\/\/grundschule-gisingen.de\/?page_id=1699"},"modified":"2024-04-23T09:00:22","modified_gmt":"2024-04-23T07:00:22","slug":"die-lesenacht-der-loewenklasse","status":"publish","type":"page","link":"http:\/\/grundschule-gisingen.de\/?page_id=1699","title":{"rendered":"Die Lesenacht der L\u00f6wenklasse"},"content":{"rendered":"<p>Am 22.04.2024 durften die Kinder der L\u00f6wenklasse wieder in der Schule \u00fcbernachten. Anbei einige Berichte und Fotos der Lesenacht.<\/p>\n<p><em>Die Lesenacht<\/em><img decoding=\"async\" loading=\"lazy\" class=\"size-medium wp-image-1700 alignright\" src=\"http:\/\/grundschule-gisingen.de\/wp-content\/uploads\/2024\/04\/1713855233040-1-300x225.jpg\" alt=\"\" width=\"300\" height=\"225\" srcset=\"http:\/\/grundschule-gisingen.de\/wp-content\/uploads\/2024\/04\/1713855233040-1-300x225.jpg 300w, http:\/\/grundschule-gisingen.de\/wp-content\/uploads\/2024\/04\/1713855233040-1-1024x768.jpg 1024w, http:\/\/grundschule-gisingen.de\/wp-content\/uploads\/2024\/04\/1713855233040-1-768x576.jpg 768w, http:\/\/grundschule-gisingen.de\/wp-content\/uploads\/2024\/04\/1713855233040-1-1536x1152.jpg 1536w, http:\/\/grundschule-gisingen.de\/wp-content\/uploads\/2024\/04\/1713855233040-1-2048x1536.jpg 2048w, http:\/\/grundschule-gisingen.de\/wp-content\/uploads\/2024\/04\/1713855233040-1-600x450.jpg 600w, http:\/\/grundschule-gisingen.de\/wp-content\/uploads\/2024\/04\/1713855233040-1-945x709.jpg 945w\" sizes=\"(max-width: 300px) 100vw, 300px\" \/><\/p>\n<p><em>Am Freitag ist die ganze Klasse nochmal um 7 Uhr in die Schule gekommen. Als erstes haben wir unsere ganzen Luftmatratzen aufgebaut und unsere Taschen hingestellt. Dann sind unsere Eltern gegangen und wir sind auf den Schulhof gegangen. Dort haben wir auf die Pizza gewartet. Als sie gekommen ist, sind wir wieder in die Schule gegangen und haben die Pizza gegessen. Danach haben wir uns noch kurz ausgeruht und Frau Hein hat vorgelesen. Dann sind wir in die Turnhalle gegangen und haben gespielt. Dann haben wir eine Schnitzeljagd gemacht und danach haben wir verstecken gespielt. Als wir dann fertig waren, sind wir rausgegangen und haben Marshmallows und Stockbrot gegrillt in einer Feuerschale. Als wir wieder reingegangen sind, haben wir nochmal ein paar Runden Verstecken gespielt und eine tolle Schnitzeljagd gemacht. Als dann alle schon ein bisschen m\u00fcde waren, haben wir uns hingelegt, unsere Snacks rausgeholt und haben noch einen Film geguckt. Danach konnten wir noch etwas lesen, mussten aber leise sein. Am n\u00e4chsten Morgen sind wir dann aufgestanden, haben unsere Luftmatratzen abgebaut und dann sind wir Fr\u00fchst\u00fccken gegangen. Ein paar M\u00fctter haben Fr\u00fchst\u00fcck vorbereitet. Es gab Wurst, Laugenteile, Ka<\/em><em>kao und Milch und noch mehr. Als dann alle satt waren haben wir nochmal Verstecken gespielt. Nach und nach sind dann die Eltern gekommen und haben ihre Kinder abgeholt. Das war ein tolles Erlebnis.<\/em><\/p>\n<p><em>von Johanna Grasmik<\/em><\/p>\n<p>&nbsp;<\/p>\n<p><em>Meine Lesenacht<\/em><\/p>\n<p><em>Um 19 Uhr bin ich in die Schule gefahren. Dann haben wir erst mal die Schlafpl\u00e4tze gemacht. Danach haben wir etwas gelesen und waren drau\u00dfen. Dann haben wir Pizza bestellt. Die war sehr lecker. Das Coole war, dass wir in die Turnhalle gegangen sind. Aber das Allercoolste war das Versteckenspielen und die Schnitzeljagdum 23:00 Uhr.<\/em><br \/>\n<em>Am n\u00e4chsten Tag haben wir lecker gefr\u00fchst\u00fcckt. Das war toll.<\/em><br \/>\n<em>von Louisa<\/em><\/p>\n<p><img decoding=\"async\" loading=\"lazy\" class=\"size-medium wp-image-1701 alignleft\" src=\"http:\/\/grundschule-gisingen.de\/wp-content\/uploads\/2024\/04\/1713855290422-300x225.jpg\" alt=\"\" width=\"300\" height=\"225\" srcset=\"http:\/\/grundschule-gisingen.de\/wp-content\/uploads\/2024\/04\/1713855290422-300x225.jpg 300w, http:\/\/grundschule-gisingen.de\/wp-content\/uploads\/2024\/04\/1713855290422-1024x768.jpg 1024w, http:\/\/grundschule-gisingen.de\/wp-content\/uploads\/2024\/04\/1713855290422-768x576.jpg 768w, http:\/\/grundschule-gisingen.de\/wp-content\/uploads\/2024\/04\/1713855290422-1536x1152.jpg 1536w, http:\/\/grundschule-gisingen.de\/wp-content\/uploads\/2024\/04\/1713855290422-2048x1536.jpg 2048w, http:\/\/grundschule-gisingen.de\/wp-content\/uploads\/2024\/04\/1713855290422-600x450.jpg 600w, http:\/\/grundschule-gisingen.de\/wp-content\/uploads\/2024\/04\/1713855290422-945x709.jpg 945w\" sizes=\"(max-width: 300px) 100vw, 300px\" \/><\/p>\n<p><em>Unsere Lesenacht<\/em><\/p>\n<p><em>Es war sehr toll. Zuerst waren wir drau\u00dfen und haben auf den Pizzalieferanten gewartet. Mhhh, war die Pizza lecker. Dann haben wir Linienfangen und H\u00fchnerleiter gespielt, das war cool.<\/em><br \/>\n<em>Dann Marshmallows gegessen am Feuer. Das war sehr lecker und echt cool.<\/em><br \/>\n<em>Dann haben wir Verstecken gespielt. Dann haben wir einen Film geguckt und gelesen.<\/em><br \/>\n<em>Ich bin eingeschlafen. Am Morgen haben wir gefr\u00fchst\u00fcckt, das war lecker. Dann haben wir wieder was gespielt und ich wurde abgeholt.<\/em><br \/>\n<em>Danke f\u00fcr das sch\u00f6ne Erlebnis.<\/em><br \/>\n<em>von Milina<\/em><\/p>\n<p><img decoding=\"async\" loading=\"lazy\" class=\"size-medium wp-image-1702 alignright\" src=\"http:\/\/grundschule-gisingen.de\/wp-content\/uploads\/2024\/04\/1713855367636-300x225.jpg\" alt=\"\" width=\"300\" height=\"225\" srcset=\"http:\/\/grundschule-gisingen.de\/wp-content\/uploads\/2024\/04\/1713855367636-300x225.jpg 300w, http:\/\/grundschule-gisingen.de\/wp-content\/uploads\/2024\/04\/1713855367636-1024x768.jpg 1024w, http:\/\/grundschule-gisingen.de\/wp-content\/uploads\/2024\/04\/1713855367636-768x576.jpg 768w, http:\/\/grundschule-gisingen.de\/wp-content\/uploads\/2024\/04\/1713855367636-1536x1152.jpg 1536w, http:\/\/grundschule-gisingen.de\/wp-content\/uploads\/2024\/04\/1713855367636-600x450.jpg 600w, http:\/\/grundschule-gisingen.de\/wp-content\/uploads\/2024\/04\/1713855367636-945x709.jpg 945w, http:\/\/grundschule-gisingen.de\/wp-content\/uploads\/2024\/04\/1713855367636.jpg 1600w\" sizes=\"(max-width: 300px) 100vw, 300px\" \/><\/p>\n<p><em>Die Lesenacht der L\u00f6wenklasse<\/em><\/p>\n<p><em>Am Freitag startete um 19 Uhr unsere Lesenacht. Wir haben am Anfang unsere Betten aufgebaut und es uns gem\u00fctlich gemacht. Frau Hennrich hat uns leckere Pizza bestellt. Danach hat Frau Hein die \u201eSchule der Magischen Tiere\u201c vorgelesen. Sp\u00e4ter haben wir in der Turnhalle H\u00fchnerleiter gespielt und die Jungs haben gewonnen! Juhu!!! Toll war auch das Stockbrotgrillen. Zuletzt guckten wir einen sch\u00f6nen Film und danach durften wir lesen, bis uns die Augen zufielen. Manche Kinder haben so laut geschnarcht, dass ich nicht schlafen konnte. Morgens gab es noch Fr\u00fchst\u00fcck.<\/em><br \/>\n<em>Das war eine mega tolle Lesenacht. Danke Frau Hennrich.<\/em><br \/>\n<em>von Louis<\/em><\/p>\n","protected":false},"excerpt":{"rendered":"<p>Am 22.04.2024 durften die Kinder der L\u00f6wenklasse wieder in der Schule \u00fcbernachten. Anbei einige Berichte und Fotos der Lesenacht. Die Lesenacht Am Freitag ist die ganze Klasse nochmal um 7 Uhr in die Schule gekommen. Als erstes haben wir unsere&#8230; <a class=\"more-link\" href=\"http:\/\/grundschule-gisingen.de\/?page_id=1699\">Weiterlesen &rarr;<\/a><\/p>\n","protected":false},"author":1,"featured_media":0,"parent":12,"menu_order":0,"comment_status":"closed","ping_status":"closed","template":"","meta":[],"_links":{"self":[{"href":"http:\/\/grundschule-gisingen.de\/index.php?rest_route=\/wp\/v2\/pages\/1699"}],"collection":[{"href":"http:\/\/grundschule-gisingen.de\/index.php?rest_route=\/wp\/v2\/pages"}],"about":[{"href":"http:\/\/grundschule-gisingen.de\/index.php?rest_route=\/wp\/v2\/types\/page"}],"author":[{"embeddable":true,"href":"http:\/\/grundschule-gisingen.de\/index.php?rest_route=\/wp\/v2\/users\/1"}],"replies":[{"embeddable":true,"href":"http:\/\/grundschule-gisingen.de\/index.php?rest_route=%2Fwp%2Fv2%2Fcomments&post=1699"}],"version-history":[{"count":1,"href":"http:\/\/grundschule-gisingen.de\/index.php?rest_route=\/wp\/v2\/pages\/1699\/revisions"}],"predecessor-version":[{"id":1703,"href":"http:\/\/grundschule-gisingen.de\/index.php?rest_route=\/wp\/v2\/pages\/1699\/revisions\/1703"}],"up":[{"embeddable":true,"href":"http:\/\/grundschule-gisingen.de\/index.php?rest_route=\/wp\/v2\/pages\/12"}],"wp:attachment":[{"href":"http:\/\/grundschule-gisingen.de\/index.php?rest_route=%2Fwp%2Fv2%2Fmedia&parent=1699"}],"curies":[{"name":"wp","href":"https:\/\/api.w.org\/{rel}","templated":true}]}}