
{"id":1709,"date":"2024-06-06T10:36:37","date_gmt":"2024-06-06T08:36:37","guid":{"rendered":"http:\/\/grundschule-gisingen.de\/?page_id=1709"},"modified":"2024-06-06T10:39:13","modified_gmt":"2024-06-06T08:39:13","slug":"sensationeller-sieg-der-grundschule-gisingen-bei-den-saarlaendischen-tennisgrundschulmeisterschaften","status":"publish","type":"page","link":"http:\/\/grundschule-gisingen.de\/?page_id=1709","title":{"rendered":"Teilnahme bei den saarl\u00e4ndischen Tennisgrundschulmeisterschaften"},"content":{"rendered":"<p style=\"text-align: center;\"><strong>Sensationeller Sieg der Grundschule Gisingen bei den saarl\u00e4ndischen Tennisgrundschulmeisterschaften<\/strong><\/p>\n<p>&nbsp;<\/p>\n<p><img decoding=\"async\" loading=\"lazy\" class=\"size-medium wp-image-1711 alignleft\" src=\"http:\/\/grundschule-gisingen.de\/wp-content\/uploads\/2024\/06\/1715779634-225x300.jpeg\" alt=\"\" width=\"225\" height=\"300\" srcset=\"http:\/\/grundschule-gisingen.de\/wp-content\/uploads\/2024\/06\/1715779634-225x300.jpeg 225w, http:\/\/grundschule-gisingen.de\/wp-content\/uploads\/2024\/06\/1715779634-768x1024.jpeg 768w, http:\/\/grundschule-gisingen.de\/wp-content\/uploads\/2024\/06\/1715779634-1152x1536.jpeg 1152w, http:\/\/grundschule-gisingen.de\/wp-content\/uploads\/2024\/06\/1715779634-1536x2048.jpeg 1536w, http:\/\/grundschule-gisingen.de\/wp-content\/uploads\/2024\/06\/1715779634-600x800.jpeg 600w, http:\/\/grundschule-gisingen.de\/wp-content\/uploads\/2024\/06\/1715779634-945x1260.jpeg 945w, http:\/\/grundschule-gisingen.de\/wp-content\/uploads\/2024\/06\/1715779634-scaled.jpeg 1920w\" sizes=\"(max-width: 225px) 100vw, 225px\" \/><\/p>\n<p>Am 15. Mai fanden die saarl\u00e4ndischen Tennisgrundschulmeisterschaften auf der Anlage des TC Bous statt.<br \/>\nAm Start waren viele Grundschulen aus dem gesamten Saarland mit insgesamt 19 Mannschaften.<br \/>\nGespielt wurden immer zwei Einzel im Kleindfeld mit druckreduzierten B\u00e4llen, beginnend bei 3:3 und ein anschlie\u00dfendes Doppel, wobei die Kinder, die Einzel gespielt hatten, im gleichen Gruppenspiel nicht mehr im Doppel eingesetzt werden durften.<br \/>\nUnsere Grundschule wurde vertreten durch: Fiete Markschl\u00e4ger, Paul Kubek, Louisa Baltes, Mathilda Wienbr\u00fcgge, Mathilda B\u00f6nig und Felix Weber.<br \/>\nTrotz einer Niederlage im ersten Gruppenspiel qualifizierte sich unsere Mannschaft durch 2 souver\u00e4ne Siege in die Finalrunde der letzten 8 Teams. Ein riesiger Erfolg, \u00fcber den sich alle sehr freuten.<\/p>\n<p>&nbsp;<\/p>\n<p>Im Viertelfinale ging es dann gegen die Kirchbergschule in Schwalbach.<br \/>\nDie Einzel waren hart umk\u00e4mpft und die Entscheidung fiel im spannenden Doppel mit viel Emotionen zu uns<\/p>\n<p><img decoding=\"async\" loading=\"lazy\" class=\"size-medium wp-image-1717 alignright\" src=\"http:\/\/grundschule-gisingen.de\/wp-content\/uploads\/2024\/06\/IMG_9902-300x225.jpg\" alt=\"\" width=\"300\" height=\"225\" srcset=\"http:\/\/grundschule-gisingen.de\/wp-content\/uploads\/2024\/06\/IMG_9902-300x225.jpg 300w, http:\/\/grundschule-gisingen.de\/wp-content\/uploads\/2024\/06\/IMG_9902-1024x768.jpg 1024w, http:\/\/grundschule-gisingen.de\/wp-content\/uploads\/2024\/06\/IMG_9902-768x576.jpg 768w, http:\/\/grundschule-gisingen.de\/wp-content\/uploads\/2024\/06\/IMG_9902-1536x1152.jpg 1536w, http:\/\/grundschule-gisingen.de\/wp-content\/uploads\/2024\/06\/IMG_9902-2048x1536.jpg 2048w, http:\/\/grundschule-gisingen.de\/wp-content\/uploads\/2024\/06\/IMG_9902-600x450.jpg 600w, http:\/\/grundschule-gisingen.de\/wp-content\/uploads\/2024\/06\/IMG_9902-945x709.jpg 945w\" sizes=\"(max-width: 300px) 100vw, 300px\" \/>eren Gunsten aus.Wir standen im Halbfinale.\u00a0 Alle waren aus dem \u201eH\u00e4uschen\u201c.<\/p>\n<p>Nun trafen wir wieder auf die Grundschule St. Wendel, gegen die wir im Vorrundengruppenspiel verloren hatten. Dank einer taktisch guten Aufstellung und vollem Einsatz gelang es uns dieses Mal die Favoriten aus St. Wendel mit 2:1 zu besiegen.<\/p>\n<p>Damit gelangten wir ins Endspiel. \u00a0F\u00fcr uns eine kleine Sensation, da wir zum ersten Male an diesen Meisterschaften teilnahmen.<br \/>\nDas Endspiel gegen die Grundschule in Merzig-Schwemlingen war sehr spannend.<br \/>\n<img decoding=\"async\" loading=\"lazy\" class=\"size-medium wp-image-1713 alignleft\" src=\"http:\/\/grundschule-gisingen.de\/wp-content\/uploads\/2024\/06\/1715794158-225x300.jpeg\" alt=\"\" width=\"225\" height=\"300\" srcset=\"http:\/\/grundschule-gisingen.de\/wp-content\/uploads\/2024\/06\/1715794158-225x300.jpeg 225w, http:\/\/grundschule-gisingen.de\/wp-content\/uploads\/2024\/06\/1715794158-768x1024.jpeg 768w, http:\/\/grundschule-gisingen.de\/wp-content\/uploads\/2024\/06\/1715794158-1152x1536.jpeg 1152w, http:\/\/grundschule-gisingen.de\/wp-content\/uploads\/2024\/06\/1715794158-1536x2048.jpeg 1536w, http:\/\/grundschule-gisingen.de\/wp-content\/uploads\/2024\/06\/1715794158-600x800.jpeg 600w, http:\/\/grundschule-gisingen.de\/wp-content\/uploads\/2024\/06\/1715794158-945x1260.jpeg 945w, http:\/\/grundschule-gisingen.de\/wp-content\/uploads\/2024\/06\/1715794158-scaled.jpeg 1920w\" sizes=\"(max-width: 225px) 100vw, 225px\" \/>Fiete Markschl\u00e4ger musste das Einzel gewinnen, damit das Team im Doppel die Chance hatte, den Sieg zu erringen. Seine Gegnerin, eine sehr gute Tennisspielerin, hatte bis zu diesem Zeitpunkt noch kein Spiel verloren. Fiete, v\u00f6llig fokussiert auf sein Match, spielte \u00fcberlegt und sicher und erzielte mit seinem Sieg einen Punkt bei den Einzeln. Die Entscheidung fiel abermals im Doppel.<br \/>\nDiese Verantwortung lag auf dem R\u00fccken von Paul Kubek und Mathilda B\u00f6nig. Nicht nur die Spieler waren angespannt, alle Zuschauer, die uns unterst\u00fctzten, fieberten mit.Mathilda und Paul machten unsere Sensation perfekt und wir gewannen.<br \/>\nDamit war die Grundschule Gisingen Sieger der saarl\u00e4ndischen Tennisgrundschulmeisterschaften!<br \/>\nDer Jubel war gro\u00df bei der Siegerehrung.<\/p>\n<p><img decoding=\"async\" loading=\"lazy\" class=\"size-medium wp-image-1716 alignleft\" src=\"http:\/\/grundschule-gisingen.de\/wp-content\/uploads\/2024\/06\/IMG_9894-300x225.jpg\" alt=\"\" width=\"300\" height=\"225\" srcset=\"http:\/\/grundschule-gisingen.de\/wp-content\/uploads\/2024\/06\/IMG_9894-300x225.jpg 300w, http:\/\/grundschule-gisingen.de\/wp-content\/uploads\/2024\/06\/IMG_9894-1024x768.jpg 1024w, http:\/\/grundschule-gisingen.de\/wp-content\/uploads\/2024\/06\/IMG_9894-768x576.jpg 768w, http:\/\/grundschule-gisingen.de\/wp-content\/uploads\/2024\/06\/IMG_9894-1536x1152.jpg 1536w, http:\/\/grundschule-gisingen.de\/wp-content\/uploads\/2024\/06\/IMG_9894-2048x1536.jpg 2048w, http:\/\/grundschule-gisingen.de\/wp-content\/uploads\/2024\/06\/IMG_9894-600x450.jpg 600w, http:\/\/grundschule-gisingen.de\/wp-content\/uploads\/2024\/06\/IMG_9894-945x709.jpg 945w\" sizes=\"(max-width: 300px) 100vw, 300px\" \/>Mein gro\u00dfer Dank geht an die Kinder, die mit gr\u00f6\u00dfter Motivation in allen Spielen vollen Einsatz zeigten.<br \/>\nFiete war unsere \u201esichere Bank\u201c bei den Einzeln. Er machte kaum Fehler, spielte \u00fcberlegt und rannte so schnell er konnte. Auch Mathilda B\u00f6nig, gerade erst einmal im zweiten Schuljahr und schon im Landeskader des saarl\u00e4ndischen Tennisverbandes und Paul Kubek zeigten sich als tolle Tennisspieler.<br \/>\nEbenso Felix Weber, Louisa Baltes und Mathilda Wienbr\u00fcgge spielten, obwohl alle noch gar nicht so lange im Tennisverein sind, ihr bestes Tennis und machten unser Team perfekt.<br \/>\nMein weiterer Dank geht an alle Eltern, die uns so tatkr\u00e4ftig unterst\u00fctzt haben, sowohl fahrtechnisch als auch emotional.<br \/>\nEs war f\u00fcr alle ein toller Tag. F\u00fcr die Kinder, die stolz auf ihren Sieg waren und daf\u00fcr nat\u00fcrlich noch eine Belohnung erhielten, aber auch f\u00fcr mich als Schulleiterin war es eine gro\u00dfe Freude zu sehen, welche Einsatzbereitschaft die Kinder entwickelten, wie sie sich gegenseitig unterst\u00fctzten und an ihren Erfolgen wuchsen und dass letztendlich unser Coaching erfolgreich war.<\/p>\n<p>Auf zum n\u00e4chsten Mal!<\/p>\n<p>Heike Brausch, Schulleiterin<img decoding=\"async\" loading=\"lazy\" class=\" wp-image-1720 alignright\" src=\"http:\/\/grundschule-gisingen.de\/wp-content\/uploads\/2024\/06\/IMG_9937-225x300.jpg\" alt=\"\" width=\"276\" height=\"368\" srcset=\"http:\/\/grundschule-gisingen.de\/wp-content\/uploads\/2024\/06\/IMG_9937-225x300.jpg 225w, http:\/\/grundschule-gisingen.de\/wp-content\/uploads\/2024\/06\/IMG_9937-768x1024.jpg 768w, http:\/\/grundschule-gisingen.de\/wp-content\/uploads\/2024\/06\/IMG_9937-1152x1536.jpg 1152w, http:\/\/grundschule-gisingen.de\/wp-content\/uploads\/2024\/06\/IMG_9937-1536x2048.jpg 1536w, http:\/\/grundschule-gisingen.de\/wp-content\/uploads\/2024\/06\/IMG_9937-600x800.jpg 600w, http:\/\/grundschule-gisingen.de\/wp-content\/uploads\/2024\/06\/IMG_9937-945x1260.jpg 945w, http:\/\/grundschule-gisingen.de\/wp-content\/uploads\/2024\/06\/IMG_9937-scaled.jpg 1920w\" sizes=\"(max-width: 276px) 100vw, 276px\" \/><img decoding=\"async\" loading=\"lazy\" class=\" wp-image-1710 alignright\" src=\"http:\/\/grundschule-gisingen.de\/wp-content\/uploads\/2024\/06\/1715779186-244x300.jpeg\" alt=\"\" width=\"300\" height=\"369\" srcset=\"http:\/\/grundschule-gisingen.de\/wp-content\/uploads\/2024\/06\/1715779186-244x300.jpeg 244w, http:\/\/grundschule-gisingen.de\/wp-content\/uploads\/2024\/06\/1715779186-833x1024.jpeg 833w, http:\/\/grundschule-gisingen.de\/wp-content\/uploads\/2024\/06\/1715779186-768x944.jpeg 768w, http:\/\/grundschule-gisingen.de\/wp-content\/uploads\/2024\/06\/1715779186-1250x1536.jpeg 1250w, http:\/\/grundschule-gisingen.de\/wp-content\/uploads\/2024\/06\/1715779186-600x737.jpeg 600w, http:\/\/grundschule-gisingen.de\/wp-content\/uploads\/2024\/06\/1715779186-945x1161.jpeg 945w, http:\/\/grundschule-gisingen.de\/wp-content\/uploads\/2024\/06\/1715779186.jpeg 1302w\" sizes=\"(max-width: 300px) 100vw, 300px\" \/><\/p>\n","protected":false},"excerpt":{"rendered":"<p>Sensationeller Sieg der Grundschule Gisingen bei den saarl\u00e4ndischen Tennisgrundschulmeisterschaften &nbsp; Am 15. Mai fanden die saarl\u00e4ndischen Tennisgrundschulmeisterschaften auf der Anlage des TC Bous statt. Am Start waren viele Grundschulen aus dem gesamten Saarland mit insgesamt 19 Mannschaften. Gespielt wurden immer&#8230; <a class=\"more-link\" href=\"http:\/\/grundschule-gisingen.de\/?page_id=1709\">Weiterlesen &rarr;<\/a><\/p>\n","protected":false},"author":1,"featured_media":0,"parent":12,"menu_order":0,"comment_status":"closed","ping_status":"closed","template":"","meta":[],"_links":{"self":[{"href":"http:\/\/grundschule-gisingen.de\/index.php?rest_route=\/wp\/v2\/pages\/1709"}],"collection":[{"href":"http:\/\/grundschule-gisingen.de\/index.php?rest_route=\/wp\/v2\/pages"}],"about":[{"href":"http:\/\/grundschule-gisingen.de\/index.php?rest_route=\/wp\/v2\/types\/page"}],"author":[{"embeddable":true,"href":"http:\/\/grundschule-gisingen.de\/index.php?rest_route=\/wp\/v2\/users\/1"}],"replies":[{"embeddable":true,"href":"http:\/\/grundschule-gisingen.de\/index.php?rest_route=%2Fwp%2Fv2%2Fcomments&post=1709"}],"version-history":[{"count":7,"href":"http:\/\/grundschule-gisingen.de\/index.php?rest_route=\/wp\/v2\/pages\/1709\/revisions"}],"predecessor-version":[{"id":1727,"href":"http:\/\/grundschule-gisingen.de\/index.php?rest_route=\/wp\/v2\/pages\/1709\/revisions\/1727"}],"up":[{"embeddable":true,"href":"http:\/\/grundschule-gisingen.de\/index.php?rest_route=\/wp\/v2\/pages\/12"}],"wp:attachment":[{"href":"http:\/\/grundschule-gisingen.de\/index.php?rest_route=%2Fwp%2Fv2%2Fmedia&parent=1709"}],"curies":[{"name":"wp","href":"https:\/\/api.w.org\/{rel}","templated":true}]}}