
{"id":1728,"date":"2024-06-06T10:41:36","date_gmt":"2024-06-06T08:41:36","guid":{"rendered":"http:\/\/grundschule-gisingen.de\/?page_id=1728"},"modified":"2024-06-06T10:41:36","modified_gmt":"2024-06-06T08:41:36","slug":"ikk-handballaktionstag","status":"publish","type":"page","link":"http:\/\/grundschule-gisingen.de\/?page_id=1728","title":{"rendered":"IKK Handballaktionstag"},"content":{"rendered":"<div>\n<div>\n<div>\n<p style=\"text-align: center;\"><strong>IKK Handballaktionstag in der Grundschule Gisingen<\/strong><\/p>\n<p>&nbsp;<\/p>\n<p>Handball ist ein toller Sport und auch f\u00fcr Grundsch\u00fcler schnell zu erlernen. Daher freuten wir uns sehr \u00fcber unseren Besuch im Rahmen des Handball-Schulaktionstags. Drei \u00dcbungsleiter der HG Saarlouis besuchten unsere zweiten Klassen, um diesen die Grundlagen des Handballsports n\u00e4herzubringen.<br \/>\nIn Kooperation mit der Krankenkasse IKK S\u00fcdwest und Unterst\u00fctzung des Ministeriums f\u00fcr Bildung und Kultur organisiert der Handball-Verband Saar (HVS) bereits seit dem Schuljahr 2018\/2019 f\u00fcr alle interessierten Vereine und Grund- und F\u00f6rderschulen diese Veranstaltung.<br \/>\nDabei werden folgende Ziele angestrebt:<\/p>\n<ul>\n<li>Kindern den Sport als Pr\u00e4vention im Allgemeinen nahe zu bringen.<\/li>\n<li>Sch\u00fclerinnen und Sch\u00fclern den Spa\u00df speziell am Handball spielen\u00a0zu\u00a0vermitteln und f\u00fcr den Handballsport zu begeistern<\/li>\n<li>Vereine, die in die Schulen gehen, zu unterst\u00fctzen (Nachhaltigkeit)<\/li>\n<li>Mitgliedergewinnung f\u00fcr die\u00a0Vereine\u00a0anzukurbeln.<\/li>\n<li>Vereins- und Schulaktivit\u00e4ten nach au\u00dfen darzustellen.<\/li>\n<\/ul>\n<p>Die Kinder (und Lehrer) hatten viel Spa\u00df an dieser Veranstaltung.<br \/>\nUnser Dank geb\u00fchrt der IKK S\u00fcdwest und der HG Saarlouis.<\/p>\n<p>Thomas Kreuzahler<\/p>\n<\/div>\n<\/div>\n<\/div>\n<p>&nbsp;<\/p>\n","protected":false},"excerpt":{"rendered":"<p>IKK Handballaktionstag in der Grundschule Gisingen &nbsp; Handball ist ein toller Sport und auch f\u00fcr Grundsch\u00fcler schnell zu erlernen. Daher freuten wir uns sehr \u00fcber unseren Besuch im Rahmen des Handball-Schulaktionstags. Drei \u00dcbungsleiter der HG Saarlouis besuchten unsere zweiten Klassen,&#8230; <a class=\"more-link\" href=\"http:\/\/grundschule-gisingen.de\/?page_id=1728\">Weiterlesen &rarr;<\/a><\/p>\n","protected":false},"author":1,"featured_media":0,"parent":12,"menu_order":0,"comment_status":"closed","ping_status":"closed","template":"","meta":[],"_links":{"self":[{"href":"http:\/\/grundschule-gisingen.de\/index.php?rest_route=\/wp\/v2\/pages\/1728"}],"collection":[{"href":"http:\/\/grundschule-gisingen.de\/index.php?rest_route=\/wp\/v2\/pages"}],"about":[{"href":"http:\/\/grundschule-gisingen.de\/index.php?rest_route=\/wp\/v2\/types\/page"}],"author":[{"embeddable":true,"href":"http:\/\/grundschule-gisingen.de\/index.php?rest_route=\/wp\/v2\/users\/1"}],"replies":[{"embeddable":true,"href":"http:\/\/grundschule-gisingen.de\/index.php?rest_route=%2Fwp%2Fv2%2Fcomments&post=1728"}],"version-history":[{"count":1,"href":"http:\/\/grundschule-gisingen.de\/index.php?rest_route=\/wp\/v2\/pages\/1728\/revisions"}],"predecessor-version":[{"id":1729,"href":"http:\/\/grundschule-gisingen.de\/index.php?rest_route=\/wp\/v2\/pages\/1728\/revisions\/1729"}],"up":[{"embeddable":true,"href":"http:\/\/grundschule-gisingen.de\/index.php?rest_route=\/wp\/v2\/pages\/12"}],"wp:attachment":[{"href":"http:\/\/grundschule-gisingen.de\/index.php?rest_route=%2Fwp%2Fv2%2Fmedia&parent=1728"}],"curies":[{"name":"wp","href":"https:\/\/api.w.org\/{rel}","templated":true}]}}