
{"id":1731,"date":"2024-06-21T10:49:02","date_gmt":"2024-06-21T08:49:02","guid":{"rendered":"http:\/\/grundschule-gisingen.de\/?page_id=1731"},"modified":"2024-06-21T10:49:02","modified_gmt":"2024-06-21T08:49:02","slug":"schulfussballturniere-2024","status":"publish","type":"page","link":"http:\/\/grundschule-gisingen.de\/?page_id=1731","title":{"rendered":"Schulfu\u00dfballturniere 2024"},"content":{"rendered":"<p><strong>Erfolge bei den Schulfu\u00dfballturnieren<\/strong><\/p>\n<p>&nbsp;<\/p>\n<p>Wie in jedem Schuljahr nahm auch dieses Mal die Grundschule Gisingen an den Fu\u00dfballmeisterschaften der saarl\u00e4ndischen Grundschulen teil. Diesmal sorgte Coach Kreuzahler f\u00fcr ein Novum in der Geschichte der Schule, denn zum ersten Mal konnte auch eine reine M\u00e4dchenmannschaft zum Turnier der Fu\u00dfballerinnen gemeldet werden. Den Anfang machte das Jungenteam, das am 26. April 2024 in Saarbr\u00fccken stattfand.<br \/>\nLeider wurde die Euphorie der Jungs schnell ged\u00e4mpft, denn die ersten beiden Spiele gegen die Grundschule Saarbr\u00fccken-Wiedheck und gegen \u00dcberherrn 1 gingen beide verloren. Nach einer Taktikumstellung und einer flammenden Gardinenpredigt des Trainers boten unsere Mannen eine konzentrierte Leistung in den n\u00e4chsten Spielen. \u00a0Gegen die beiden Mannschaften der Grundschule Saarbr\u00fccken-Ost konnte jeweils ein Unentschieden errungen werden. Im letzten Spiel des Turniers gegen \u00dcberherrn 2 konnte endlich der lang ersehnte erste Sieg eingefahren werden. Am Ende des Turniers stand ein dritter Platz auf den Ergebnislisten. Dieser reichte zwar nicht zum Erreichen der Zwischenrunde, aber die ansprechende Leistung des Teams wurde von allen Zuschauern entsprechend gew\u00fcrdigt. \u201cHeute sind wir von zwei tollen Teams geschlagen worden. Da war nicht viel zu machen. Gegen alle anderen Teams haben wir aber gezeigt, dass wir durchaus mithalten k\u00f6nnen\u201d, kommentierte Coach Kreuzahler die Leistung nach dem Turnier.<br \/>\nDie M\u00e4dchen mussten bis in den Bliesgau reisen, um an ihrem Fu\u00dfballturnier teilzunehmen. Sie begannen furios, denn die ersten beiden Spiele gegen die GS Vogelsang-Saarlouis und gegen die GS Homburg-Bruchhof konnten unsere M\u00e4dchen mit 1:0 und 2:1 gewinnen. Die Euphorie war gro\u00df, leider konnte die Mannschaft in den n\u00e4chsten Spielen aber nicht mehr an diese beiden Erfolge heranreichen. Gegen die Schulen aus Gersheim, B\u00fcbingen und Ein\u00f6d konnten unsere M\u00e4dels nicht gewinnen. Trotzdem: Ein vierter Platz im ersten M\u00e4dchenturnier ist eine tolle Sache, wir Lehrer sind sehr stolz auf dieses Team.<\/p>\n<p>&nbsp;<\/p>\n<p>Thomas Kreuzahler<\/p>\n<p>&nbsp;<\/p>\n","protected":false},"excerpt":{"rendered":"<p>Erfolge bei den Schulfu\u00dfballturnieren &nbsp; Wie in jedem Schuljahr nahm auch dieses Mal die Grundschule Gisingen an den Fu\u00dfballmeisterschaften der saarl\u00e4ndischen Grundschulen teil. Diesmal sorgte Coach Kreuzahler f\u00fcr ein Novum in der Geschichte der Schule, denn zum ersten Mal konnte&#8230; <a class=\"more-link\" href=\"http:\/\/grundschule-gisingen.de\/?page_id=1731\">Weiterlesen &rarr;<\/a><\/p>\n","protected":false},"author":1,"featured_media":0,"parent":12,"menu_order":0,"comment_status":"closed","ping_status":"closed","template":"","meta":[],"_links":{"self":[{"href":"http:\/\/grundschule-gisingen.de\/index.php?rest_route=\/wp\/v2\/pages\/1731"}],"collection":[{"href":"http:\/\/grundschule-gisingen.de\/index.php?rest_route=\/wp\/v2\/pages"}],"about":[{"href":"http:\/\/grundschule-gisingen.de\/index.php?rest_route=\/wp\/v2\/types\/page"}],"author":[{"embeddable":true,"href":"http:\/\/grundschule-gisingen.de\/index.php?rest_route=\/wp\/v2\/users\/1"}],"replies":[{"embeddable":true,"href":"http:\/\/grundschule-gisingen.de\/index.php?rest_route=%2Fwp%2Fv2%2Fcomments&post=1731"}],"version-history":[{"count":1,"href":"http:\/\/grundschule-gisingen.de\/index.php?rest_route=\/wp\/v2\/pages\/1731\/revisions"}],"predecessor-version":[{"id":1732,"href":"http:\/\/grundschule-gisingen.de\/index.php?rest_route=\/wp\/v2\/pages\/1731\/revisions\/1732"}],"up":[{"embeddable":true,"href":"http:\/\/grundschule-gisingen.de\/index.php?rest_route=\/wp\/v2\/pages\/12"}],"wp:attachment":[{"href":"http:\/\/grundschule-gisingen.de\/index.php?rest_route=%2Fwp%2Fv2%2Fmedia&parent=1731"}],"curies":[{"name":"wp","href":"https:\/\/api.w.org\/{rel}","templated":true}]}}