
{"id":1748,"date":"2024-06-24T15:43:35","date_gmt":"2024-06-24T13:43:35","guid":{"rendered":"http:\/\/grundschule-gisingen.de\/?page_id=1748"},"modified":"2024-06-24T15:44:09","modified_gmt":"2024-06-24T13:44:09","slug":"tischtennis-tag","status":"publish","type":"page","link":"http:\/\/grundschule-gisingen.de\/?page_id=1748","title":{"rendered":"Tischtennis-Tag"},"content":{"rendered":"<p>Tischtennis-Tag mit Herrn Kreuzahler<\/p>\n<p>Viel Spa\u00df hatten die Kinder am 23. Februar 2024 unserem Tischtennis-Tag<img decoding=\"async\" loading=\"lazy\" class=\"size-medium wp-image-1749 alignright\" src=\"http:\/\/grundschule-gisingen.de\/wp-content\/uploads\/2024\/06\/1719236380609-300x225.jpg\" alt=\"\" width=\"300\" height=\"225\" srcset=\"http:\/\/grundschule-gisingen.de\/wp-content\/uploads\/2024\/06\/1719236380609-300x225.jpg 300w, http:\/\/grundschule-gisingen.de\/wp-content\/uploads\/2024\/06\/1719236380609-1024x768.jpg 1024w, http:\/\/grundschule-gisingen.de\/wp-content\/uploads\/2024\/06\/1719236380609-768x576.jpg 768w, http:\/\/grundschule-gisingen.de\/wp-content\/uploads\/2024\/06\/1719236380609-1536x1152.jpg 1536w, http:\/\/grundschule-gisingen.de\/wp-content\/uploads\/2024\/06\/1719236380609-600x450.jpg 600w, http:\/\/grundschule-gisingen.de\/wp-content\/uploads\/2024\/06\/1719236380609-945x709.jpg 945w, http:\/\/grundschule-gisingen.de\/wp-content\/uploads\/2024\/06\/1719236380609.jpg 1600w\" sizes=\"(max-width: 300px) 100vw, 300px\" \/>Herr Kreuzahler, selbst aktiver Tischtennisspieler, vermittelte allen Klassenstufen die Grundfertigkeiten des Tischtennisspiels.<br \/>\nMit neu angeschafften Tischtennisplatten kam jede Klasse in den Genuss dieses Schnuppertrainings.<br \/>\nNicht nur die Sch\u00fcler und Sch\u00fclerinnen hatten viel Freude daran, auch das L\u00e4cheln im Gesicht des Lehrers bewies, wie viel Spass es ihm machte, den Kindern diese Sportart n\u00e4her zu bringen.<\/p>\n<p><img decoding=\"async\" loading=\"lazy\" class=\"size-medium wp-image-1752 alignleft\" src=\"http:\/\/grundschule-gisingen.de\/wp-content\/uploads\/2024\/06\/1719236380676-300x225.jpg\" alt=\"\" width=\"300\" height=\"225\" srcset=\"http:\/\/grundschule-gisingen.de\/wp-content\/uploads\/2024\/06\/1719236380676-300x225.jpg 300w, http:\/\/grundschule-gisingen.de\/wp-content\/uploads\/2024\/06\/1719236380676-1024x768.jpg 1024w, http:\/\/grundschule-gisingen.de\/wp-content\/uploads\/2024\/06\/1719236380676-768x576.jpg 768w, http:\/\/grundschule-gisingen.de\/wp-content\/uploads\/2024\/06\/1719236380676-1536x1152.jpg 1536w, http:\/\/grundschule-gisingen.de\/wp-content\/uploads\/2024\/06\/1719236380676-600x450.jpg 600w, http:\/\/grundschule-gisingen.de\/wp-content\/uploads\/2024\/06\/1719236380676-945x709.jpg 945w, http:\/\/grundschule-gisingen.de\/wp-content\/uploads\/2024\/06\/1719236380676.jpg 1600w\" sizes=\"(max-width: 300px) 100vw, 300px\" \/><\/p>\n<p>&nbsp;<\/p>\n<p><img decoding=\"async\" loading=\"lazy\" class=\" wp-image-1751 aligncenter\" src=\"http:\/\/grundschule-gisingen.de\/wp-content\/uploads\/2024\/06\/1719236380663-300x225.jpg\" alt=\"\" width=\"363\" height=\"272\" srcset=\"http:\/\/grundschule-gisingen.de\/wp-content\/uploads\/2024\/06\/1719236380663-300x225.jpg 300w, http:\/\/grundschule-gisingen.de\/wp-content\/uploads\/2024\/06\/1719236380663-1024x768.jpg 1024w, http:\/\/grundschule-gisingen.de\/wp-content\/uploads\/2024\/06\/1719236380663-768x576.jpg 768w, http:\/\/grundschule-gisingen.de\/wp-content\/uploads\/2024\/06\/1719236380663-1536x1152.jpg 1536w, http:\/\/grundschule-gisingen.de\/wp-content\/uploads\/2024\/06\/1719236380663-600x450.jpg 600w, http:\/\/grundschule-gisingen.de\/wp-content\/uploads\/2024\/06\/1719236380663-945x709.jpg 945w, http:\/\/grundschule-gisingen.de\/wp-content\/uploads\/2024\/06\/1719236380663.jpg 1600w\" sizes=\"(max-width: 363px) 100vw, 363px\" \/><\/p>\n<p>Vielen Dank an Herrn Kreuzahler f\u00fcr seine gro\u00dfe M\u00fche in der Vorbereitung und f\u00fcr die Durchf\u00fchrung dieses Aktionstages.<\/p>\n<p>Heike Brausch<\/p>\n<p>&nbsp;<\/p>\n<p>&nbsp;<\/p>\n<p>Den Tischtennissport in den Schulsport zu integrieren ist f\u00fcr unsere Schule eine Herzensangelegenheit, die wir mit gro\u00dfem Elan in die Tat umsetzen. So wurden vor kurzem drei Platten erworben, die jetzt im Rahmen des Schulsports immer wieder eingesetzt werden. Damit die Sch\u00fcler auch immer ausreichend Material zur Verf\u00fcgung haben, hat der TTC Rehlingen der Grundschule Gisingen \u00fcber Vereinsmitglied Thiomas Kreuzahler eine reiche Spende zukommen lassen: \u00dcber 100 Tischtennisb\u00e4lle wurden vom Verein gespendet! Wir danken hiermit dem TTC Rehlingen f\u00fcr sein Entgegenkommen.<\/p>\n<p>Thomas Kreuzahler\u00a0<img decoding=\"async\" loading=\"lazy\" class=\" wp-image-1753 alignright\" src=\"http:\/\/grundschule-gisingen.de\/wp-content\/uploads\/2024\/06\/1719236380687-300x225.jpg\" alt=\"\" width=\"351\" height=\"263\" srcset=\"http:\/\/grundschule-gisingen.de\/wp-content\/uploads\/2024\/06\/1719236380687-300x225.jpg 300w, http:\/\/grundschule-gisingen.de\/wp-content\/uploads\/2024\/06\/1719236380687-1024x768.jpg 1024w, http:\/\/grundschule-gisingen.de\/wp-content\/uploads\/2024\/06\/1719236380687-768x576.jpg 768w, http:\/\/grundschule-gisingen.de\/wp-content\/uploads\/2024\/06\/1719236380687-1536x1152.jpg 1536w, http:\/\/grundschule-gisingen.de\/wp-content\/uploads\/2024\/06\/1719236380687-600x450.jpg 600w, http:\/\/grundschule-gisingen.de\/wp-content\/uploads\/2024\/06\/1719236380687-945x709.jpg 945w, http:\/\/grundschule-gisingen.de\/wp-content\/uploads\/2024\/06\/1719236380687.jpg 1600w\" sizes=\"(max-width: 351px) 100vw, 351px\" \/><\/p>\n","protected":false},"excerpt":{"rendered":"<p>Tischtennis-Tag mit Herrn Kreuzahler Viel Spa\u00df hatten die Kinder am 23. Februar 2024 unserem Tischtennis-TagHerr Kreuzahler, selbst aktiver Tischtennisspieler, vermittelte allen Klassenstufen die Grundfertigkeiten des Tischtennisspiels. Mit neu angeschafften Tischtennisplatten kam jede Klasse in den Genuss dieses Schnuppertrainings. Nicht nur&#8230; <a class=\"more-link\" href=\"http:\/\/grundschule-gisingen.de\/?page_id=1748\">Weiterlesen &rarr;<\/a><\/p>\n","protected":false},"author":1,"featured_media":0,"parent":12,"menu_order":0,"comment_status":"closed","ping_status":"closed","template":"","meta":[],"_links":{"self":[{"href":"http:\/\/grundschule-gisingen.de\/index.php?rest_route=\/wp\/v2\/pages\/1748"}],"collection":[{"href":"http:\/\/grundschule-gisingen.de\/index.php?rest_route=\/wp\/v2\/pages"}],"about":[{"href":"http:\/\/grundschule-gisingen.de\/index.php?rest_route=\/wp\/v2\/types\/page"}],"author":[{"embeddable":true,"href":"http:\/\/grundschule-gisingen.de\/index.php?rest_route=\/wp\/v2\/users\/1"}],"replies":[{"embeddable":true,"href":"http:\/\/grundschule-gisingen.de\/index.php?rest_route=%2Fwp%2Fv2%2Fcomments&post=1748"}],"version-history":[{"count":5,"href":"http:\/\/grundschule-gisingen.de\/index.php?rest_route=\/wp\/v2\/pages\/1748\/revisions"}],"predecessor-version":[{"id":1758,"href":"http:\/\/grundschule-gisingen.de\/index.php?rest_route=\/wp\/v2\/pages\/1748\/revisions\/1758"}],"up":[{"embeddable":true,"href":"http:\/\/grundschule-gisingen.de\/index.php?rest_route=\/wp\/v2\/pages\/12"}],"wp:attachment":[{"href":"http:\/\/grundschule-gisingen.de\/index.php?rest_route=%2Fwp%2Fv2%2Fmedia&parent=1748"}],"curies":[{"name":"wp","href":"https:\/\/api.w.org\/{rel}","templated":true}]}}