
{"id":1839,"date":"2024-09-17T20:52:22","date_gmt":"2024-09-17T18:52:22","guid":{"rendered":"http:\/\/grundschule-gisingen.de\/?page_id=1839"},"modified":"2024-09-17T20:52:22","modified_gmt":"2024-09-17T18:52:22","slug":"willkommengruss-des-saargau-dorfladens","status":"publish","type":"page","link":"http:\/\/grundschule-gisingen.de\/?page_id=1839","title":{"rendered":"Willkommengru\u00df des Saargau Dorfladens"},"content":{"rendered":"<p style=\"line-height: 150%;\"><strong>Willkommengru\u00df des Saargau Dorfladens an unsere Erstkl\u00e4ssler<\/strong><\/p>\n<p style=\"line-height: 150%;\">Gro\u00dfe Freude herrschte unter unseren neuen Erstkl\u00e4sslern, als der Saargau Dorfladen in der zweiten Schulwoche eine besondere \u00dcberraschung f\u00fcr sie bereithielt.<\/p>\n<p><img decoding=\"async\" loading=\"lazy\" class=\"wp-image-1843 alignright\" src=\"http:\/\/grundschule-gisingen.de\/wp-content\/uploads\/2024\/09\/1726596155565.jpg\" alt=\"\" width=\"340\" height=\"255\" srcset=\"http:\/\/grundschule-gisingen.de\/wp-content\/uploads\/2024\/09\/1726596155565.jpg 2048w, http:\/\/grundschule-gisingen.de\/wp-content\/uploads\/2024\/09\/1726596155565-300x225.jpg 300w, http:\/\/grundschule-gisingen.de\/wp-content\/uploads\/2024\/09\/1726596155565-1024x768.jpg 1024w, http:\/\/grundschule-gisingen.de\/wp-content\/uploads\/2024\/09\/1726596155565-768x576.jpg 768w, http:\/\/grundschule-gisingen.de\/wp-content\/uploads\/2024\/09\/1726596155565-1536x1152.jpg 1536w, http:\/\/grundschule-gisingen.de\/wp-content\/uploads\/2024\/09\/1726596155565-600x450.jpg 600w, http:\/\/grundschule-gisingen.de\/wp-content\/uploads\/2024\/09\/1726596155565-945x709.jpg 945w\" sizes=\"(max-width: 340px) 100vw, 340px\" \/>Alle Kinder erhielten eine liebevoll verpackte T\u00fcte, gef\u00fcllt mit leckeren und gesunden K\u00f6stlichkeiten. Darin fanden sich ein frischer Apfel, eine Banane sowie eine kleine Nascherei \u2013 ein perfekter Start in den aufregenden neuen Schulalltag.<\/p>\n<p style=\"line-height: 150%;\"><img decoding=\"async\" loading=\"lazy\" class=\"wp-image-1844 alignleft\" src=\"http:\/\/grundschule-gisingen.de\/wp-content\/uploads\/2024\/09\/1726596155584.jpg\" alt=\"\" width=\"378\" height=\"284\" srcset=\"http:\/\/grundschule-gisingen.de\/wp-content\/uploads\/2024\/09\/1726596155584.jpg 2048w, http:\/\/grundschule-gisingen.de\/wp-content\/uploads\/2024\/09\/1726596155584-300x225.jpg 300w, http:\/\/grundschule-gisingen.de\/wp-content\/uploads\/2024\/09\/1726596155584-1024x768.jpg 1024w, http:\/\/grundschule-gisingen.de\/wp-content\/uploads\/2024\/09\/1726596155584-768x576.jpg 768w, http:\/\/grundschule-gisingen.de\/wp-content\/uploads\/2024\/09\/1726596155584-1536x1152.jpg 1536w, http:\/\/grundschule-gisingen.de\/wp-content\/uploads\/2024\/09\/1726596155584-600x450.jpg 600w, http:\/\/grundschule-gisingen.de\/wp-content\/uploads\/2024\/09\/1726596155584-945x709.jpg 945w\" sizes=\"(max-width: 378px) 100vw, 378px\" \/>Die Kinder freuten sich sehr \u00fcber die Aufmerksamkeit und konnten Ihre T\u00fcten in der Fr\u00fchst\u00fcckspause bereits bestens nutzen.<br \/>\nEin herzlicher Dank geht an Frau Oppels-Gr\u00fcnewald, die diese wunderbare Aktion initiiert hat.<\/p>\n<p style=\"line-height: 150%;\">Lena Hennrich<img decoding=\"async\" loading=\"lazy\" class=\"wp-image-1841\" src=\"http:\/\/grundschule-gisingen.de\/wp-content\/uploads\/2024\/09\/1726596155510.jpg\" alt=\"\" width=\"619\" height=\"505\" srcset=\"http:\/\/grundschule-gisingen.de\/wp-content\/uploads\/2024\/09\/1726596155510.jpg 1883w, http:\/\/grundschule-gisingen.de\/wp-content\/uploads\/2024\/09\/1726596155510-300x245.jpg 300w, http:\/\/grundschule-gisingen.de\/wp-content\/uploads\/2024\/09\/1726596155510-1024x835.jpg 1024w, http:\/\/grundschule-gisingen.de\/wp-content\/uploads\/2024\/09\/1726596155510-768x626.jpg 768w, http:\/\/grundschule-gisingen.de\/wp-content\/uploads\/2024\/09\/1726596155510-1536x1253.jpg 1536w, http:\/\/grundschule-gisingen.de\/wp-content\/uploads\/2024\/09\/1726596155510-600x489.jpg 600w, http:\/\/grundschule-gisingen.de\/wp-content\/uploads\/2024\/09\/1726596155510-945x771.jpg 945w\" sizes=\"(max-width: 619px) 100vw, 619px\" \/><\/p>\n","protected":false},"excerpt":{"rendered":"<p>Willkommengru\u00df des Saargau Dorfladens an unsere Erstkl\u00e4ssler Gro\u00dfe Freude herrschte unter unseren neuen Erstkl\u00e4sslern, als der Saargau Dorfladen in der zweiten Schulwoche eine besondere \u00dcberraschung f\u00fcr sie bereithielt. Alle Kinder erhielten eine liebevoll verpackte T\u00fcte, gef\u00fcllt mit leckeren und gesunden&#8230; <a class=\"more-link\" href=\"http:\/\/grundschule-gisingen.de\/?page_id=1839\">Weiterlesen &rarr;<\/a><\/p>\n","protected":false},"author":1,"featured_media":0,"parent":12,"menu_order":0,"comment_status":"closed","ping_status":"closed","template":"","meta":[],"_links":{"self":[{"href":"http:\/\/grundschule-gisingen.de\/index.php?rest_route=\/wp\/v2\/pages\/1839"}],"collection":[{"href":"http:\/\/grundschule-gisingen.de\/index.php?rest_route=\/wp\/v2\/pages"}],"about":[{"href":"http:\/\/grundschule-gisingen.de\/index.php?rest_route=\/wp\/v2\/types\/page"}],"author":[{"embeddable":true,"href":"http:\/\/grundschule-gisingen.de\/index.php?rest_route=\/wp\/v2\/users\/1"}],"replies":[{"embeddable":true,"href":"http:\/\/grundschule-gisingen.de\/index.php?rest_route=%2Fwp%2Fv2%2Fcomments&post=1839"}],"version-history":[{"count":6,"href":"http:\/\/grundschule-gisingen.de\/index.php?rest_route=\/wp\/v2\/pages\/1839\/revisions"}],"predecessor-version":[{"id":1851,"href":"http:\/\/grundschule-gisingen.de\/index.php?rest_route=\/wp\/v2\/pages\/1839\/revisions\/1851"}],"up":[{"embeddable":true,"href":"http:\/\/grundschule-gisingen.de\/index.php?rest_route=\/wp\/v2\/pages\/12"}],"wp:attachment":[{"href":"http:\/\/grundschule-gisingen.de\/index.php?rest_route=%2Fwp%2Fv2%2Fmedia&parent=1839"}],"curies":[{"name":"wp","href":"https:\/\/api.w.org\/{rel}","templated":true}]}}