
{"id":1879,"date":"2024-10-30T20:51:43","date_gmt":"2024-10-30T19:51:43","guid":{"rendered":"http:\/\/grundschule-gisingen.de\/?page_id=1879"},"modified":"2024-10-30T21:20:26","modified_gmt":"2024-10-30T20:20:26","slug":"einschulung-2024","status":"publish","type":"page","link":"http:\/\/grundschule-gisingen.de\/?page_id=1879","title":{"rendered":"Einschulung 2024"},"content":{"rendered":"<div class=\"default-style\"><strong>Einschulungsfeier 2024<\/strong><\/div>\n<p><img decoding=\"async\" loading=\"lazy\" class=\"wp-image-1882 alignright\" src=\"http:\/\/grundschule-gisingen.de\/wp-content\/uploads\/2024\/10\/1730275731112-scaled.jpg\" alt=\"\" width=\"385\" height=\"289\" srcset=\"http:\/\/grundschule-gisingen.de\/wp-content\/uploads\/2024\/10\/1730275731112-scaled.jpg 2560w, http:\/\/grundschule-gisingen.de\/wp-content\/uploads\/2024\/10\/1730275731112-300x225.jpg 300w, http:\/\/grundschule-gisingen.de\/wp-content\/uploads\/2024\/10\/1730275731112-1024x768.jpg 1024w, http:\/\/grundschule-gisingen.de\/wp-content\/uploads\/2024\/10\/1730275731112-768x576.jpg 768w, http:\/\/grundschule-gisingen.de\/wp-content\/uploads\/2024\/10\/1730275731112-1536x1152.jpg 1536w, http:\/\/grundschule-gisingen.de\/wp-content\/uploads\/2024\/10\/1730275731112-2048x1536.jpg 2048w, http:\/\/grundschule-gisingen.de\/wp-content\/uploads\/2024\/10\/1730275731112-600x450.jpg 600w, http:\/\/grundschule-gisingen.de\/wp-content\/uploads\/2024\/10\/1730275731112-945x709.jpg 945w\" sizes=\"(max-width: 385px) 100vw, 385px\" \/><\/p>\n<div><\/div>\n<div class=\"default-style\">Am 26.08.2024 wurden 45 Erskl\u00e4ssler in der Grundschule Gisingen eingeschult. Um dieses Ereignis geb\u00fchrend zu begehen, versammelten sich alle Klassen und die Eltern der Erstkl\u00e4ssler in der Turnhalle der Schule, denn unsere Kinder und Lehrer hatten eine sch\u00f6ne<\/div>\n<div class=\"default-style\">Einschulungsfeier auf die Beine gestellt.<\/div>\n<div class=\"default-style\">Nach einem gemeinsamen Begr\u00fc\u00dfungslied, hie\u00df Schulleiterin Heike Brausch alle in der Turnhalle willkommen. Anschlie\u00dfend verzauberten zwei M\u00e4dchen der Klasse 3.2 alle Zuschauer mit einem einstudierten Tanz. Nun folgte eine kurze Rede von Frau Brausch. Im Anschluss wurden weitere gemeinsame Lieder gesungen und die Kinder der Klasse 4.1 w\u00fcnschten den Erstkl\u00e4sslern viele sch\u00f6ne Ereignisse in der Schulzeit. Nach einer kleinen Vorf\u00fchrung der Tanz-AG wurden die ABC-Sch\u00fctzen dann in die Klassen eingeteilt und in ihren ersten Schulmorgen verabschiedet.<\/div>\n<div class=\"default-style\">Es war eine stimmungsvolle Feier &#8211; und das muss auch so sein. Denn Schule ist mehr, als nur ein Ort, an dem Wissen vermittelt wird &#8211; Schule ist ein Lebensraum.<\/div>\n<div><\/div>\n<div><\/div>\n<div>Thomas Kreuzahler<\/div>\n<p><img decoding=\"async\" loading=\"lazy\" class=\"wp-image-1880 alignleft\" src=\"http:\/\/grundschule-gisingen.de\/wp-content\/uploads\/2024\/10\/1730275731062-scaled.jpg\" alt=\"\" width=\"442\" height=\"331\" srcset=\"http:\/\/grundschule-gisingen.de\/wp-content\/uploads\/2024\/10\/1730275731062-scaled.jpg 2560w, http:\/\/grundschule-gisingen.de\/wp-content\/uploads\/2024\/10\/1730275731062-300x225.jpg 300w, http:\/\/grundschule-gisingen.de\/wp-content\/uploads\/2024\/10\/1730275731062-1024x768.jpg 1024w, http:\/\/grundschule-gisingen.de\/wp-content\/uploads\/2024\/10\/1730275731062-768x576.jpg 768w, http:\/\/grundschule-gisingen.de\/wp-content\/uploads\/2024\/10\/1730275731062-1536x1152.jpg 1536w, http:\/\/grundschule-gisingen.de\/wp-content\/uploads\/2024\/10\/1730275731062-2048x1536.jpg 2048w, http:\/\/grundschule-gisingen.de\/wp-content\/uploads\/2024\/10\/1730275731062-600x450.jpg 600w, http:\/\/grundschule-gisingen.de\/wp-content\/uploads\/2024\/10\/1730275731062-945x709.jpg 945w\" sizes=\"(max-width: 442px) 100vw, 442px\" \/><\/p>\n","protected":false},"excerpt":{"rendered":"<p>Einschulungsfeier 2024 Am 26.08.2024 wurden 45 Erskl\u00e4ssler in der Grundschule Gisingen eingeschult. Um dieses Ereignis geb\u00fchrend zu begehen, versammelten sich alle Klassen und die Eltern der Erstkl\u00e4ssler in der Turnhalle der Schule, denn unsere Kinder und Lehrer hatten eine sch\u00f6ne&#8230; <a class=\"more-link\" href=\"http:\/\/grundschule-gisingen.de\/?page_id=1879\">Weiterlesen &rarr;<\/a><\/p>\n","protected":false},"author":1,"featured_media":0,"parent":12,"menu_order":0,"comment_status":"closed","ping_status":"closed","template":"","meta":[],"_links":{"self":[{"href":"http:\/\/grundschule-gisingen.de\/index.php?rest_route=\/wp\/v2\/pages\/1879"}],"collection":[{"href":"http:\/\/grundschule-gisingen.de\/index.php?rest_route=\/wp\/v2\/pages"}],"about":[{"href":"http:\/\/grundschule-gisingen.de\/index.php?rest_route=\/wp\/v2\/types\/page"}],"author":[{"embeddable":true,"href":"http:\/\/grundschule-gisingen.de\/index.php?rest_route=\/wp\/v2\/users\/1"}],"replies":[{"embeddable":true,"href":"http:\/\/grundschule-gisingen.de\/index.php?rest_route=%2Fwp%2Fv2%2Fcomments&post=1879"}],"version-history":[{"count":6,"href":"http:\/\/grundschule-gisingen.de\/index.php?rest_route=\/wp\/v2\/pages\/1879\/revisions"}],"predecessor-version":[{"id":1888,"href":"http:\/\/grundschule-gisingen.de\/index.php?rest_route=\/wp\/v2\/pages\/1879\/revisions\/1888"}],"up":[{"embeddable":true,"href":"http:\/\/grundschule-gisingen.de\/index.php?rest_route=\/wp\/v2\/pages\/12"}],"wp:attachment":[{"href":"http:\/\/grundschule-gisingen.de\/index.php?rest_route=%2Fwp%2Fv2%2Fmedia&parent=1879"}],"curies":[{"name":"wp","href":"https:\/\/api.w.org\/{rel}","templated":true}]}}