
{"id":1958,"date":"2025-03-17T19:52:41","date_gmt":"2025-03-17T18:52:41","guid":{"rendered":"http:\/\/grundschule-gisingen.de\/?page_id=1958"},"modified":"2025-10-08T11:30:11","modified_gmt":"2025-10-08T09:30:11","slug":"unsere-ags","status":"publish","type":"page","link":"http:\/\/grundschule-gisingen.de\/?page_id=1958","title":{"rendered":"Unsere AGs"},"content":{"rendered":"<p><strong>\ud83c\udfad Musical-AG \u2013 \u201eEule findet den Beat mit Gef\u00fchl\u201c<\/strong><\/p>\n<p>In unserer Musical-AG wird flei\u00dfig gesungen, getanzt und geprobt. Gemeinsam studieren die Kinder das St\u00fcck \u201eEule findet den Beat mit Gef\u00fchl\u201c ein \u2013 inklusive Textlernen, Rollenspiel und Musik. Auch die Gestaltung der B\u00fchnenbilder geh\u00f6rt dazu, sodass ein richtiges Theatererlebnis entsteht.<\/p>\n<p>Die Anmeldung zu dieser besonderen AG lief bereits \u00fcber die Schule. Sie ist eine Zusammenarbeit von Schule und Nachmittagsbetreuung. Im n\u00e4chsten Jahr freuen wir uns auf die gro\u00dfe Auff\u00fchrung!<\/p>\n<p>&nbsp;<\/p>\n<p><strong>\ud83c\udfa8<\/strong> <strong>Ideenatelier<\/strong><\/p>\n<p>Im Ideenatelier sind der Fantasie keine Grenzen gesetzt. Hier wird gen\u00e4ht, gebastelt und gemalt \u2013 immer mit viel Freude am Ausprobieren. Die Kinder k\u00f6nnen eigene kreative Ideen entwickeln und umsetzen und entdecken dabei neue Talente.<\/p>\n<p>&nbsp;<\/p>\n<p><strong>\ud83e\udd5d<\/strong> <strong>Powerfoodies<\/strong><\/p>\n<p>Bei den Powerfoodies dreht sich alles um gesunde Leckereien. Gemeinsam probieren wir Rezepte aus frischem Obst und Gem\u00fcse aus \u2013 unterst\u00fctzt durch unser Schulobstprogramm. Ob bunte Smoothies, knusprige Gem\u00fcse-Snacks oder fruchtiger Obstsalat: Hier wird gesundes Essen zu einem echten Genuss!<\/p>\n<p>&nbsp;<\/p>\n<p><strong>\u26bd Bewegungszauber<\/strong><\/p>\n<p>Beim Bewegungszauber hei\u00dft es: raus aus den St\u00fchlen und rein in die Bewegung! Jede Woche wartet ein neues sportliches Abenteuer \u2013 mal bauen wir einen Parkour, mal spielen wir spannende Teamspiele oder probieren neue Sportarten wie Tennis oder Fu\u00dfball aus. So macht Bewegung richtig Spa\u00df!<\/p>\n<p>&nbsp;<\/p>\n<p><strong>\ud83c\udf6a Genuss-Werkstatt<\/strong><\/p>\n<p>In der Genuss-Werkstatt wird ger\u00fchrt, geknetet, verziert \u2013 und nat\u00fcrlich auch genascht. Aus einfachen Zutaten entstehen kleine Kunstwerke aus dem Ofen, mit ganz viel Kreativit\u00e4t,<\/p>\n<p>Teamwork und Spa\u00df. Die Kinder lernen spielerisch den Umgang mit Lebensmitteln, probieren neue Rezepte aus und zaubern k\u00f6stliche Leckereien.<\/p>\n<p>&nbsp;<\/p>\n<p><strong>English Explorers (Klasse 1+2)<\/strong><\/p>\n<p>Die English Explorers der Klassen 1 und 2 gehen spielerisch auf Entdeckungsreise in die englische Sprache. Mit Liedern, Spielen und kleinen Geschichten lernen die Kinder erste W\u00f6rter und Redewendungen kennen. So wird Englischlernen zum Abenteuer!<\/p>\n<p>&nbsp;<\/p>\n<p><strong>English Explorers (Klasse 3+4)<\/strong><\/p>\n<p>Die English Explorers der Klassen 3 und 4 vertiefen ihre Sprachkenntnisse mit spannenden Themen aus Alltag und Welt. Durch Spiele, kurze Dialoge und kreative Projekte erweitern die Kinder ihren Wortschatz und trauen sich immer mehr, Englisch aktiv zu nutzen. Hier wird Lernen lebendig!<\/p>\n<p>&nbsp;<\/p>\n<p><strong>\ud83d\uddd3<\/strong> <strong>Wochen\u00fcbersicht der AGs<\/strong><\/p>\n<ul>\n<li>Montag, 15:00 \u2013 16:00 Uhr \u2192 Genuss-Werkstatt<\/li>\n<li>Dienstag, 6. Stunde (12:35 \u2013 13:20 Uhr) \u2192 Musical-AG<\/li>\n<li>Dienstag, 15:00 \u2013 16:00 Uhr \u2192 Ideenatelier<\/li>\n<li>Mittwoch, 15:00 \u2013 16:00 Uhr \u2192 English Explorers Klasse 1\/2<\/li>\n<li>Donnerstag, 15:00 \u2013 16:00 Uhr \u2192 English Explorers Klasse 3\/4<\/li>\n<li>Freitag, 13:45 \u2013 14:45 Uhr \u2192 Powerfoodies<\/li>\n<li>Freitag, 15:00 \u2013 16:00 Uhr \u2192 Bewegungszauber<\/li>\n<\/ul>\n","protected":false},"excerpt":{"rendered":"<p>\ud83c\udfad Musical-AG \u2013 \u201eEule findet den Beat mit Gef\u00fchl\u201c In unserer Musical-AG wird flei\u00dfig gesungen, getanzt und geprobt. Gemeinsam studieren die Kinder das St\u00fcck \u201eEule findet den Beat mit Gef\u00fchl\u201c ein \u2013 inklusive Textlernen, Rollenspiel und Musik. Auch die Gestaltung&#8230; <a class=\"more-link\" href=\"http:\/\/grundschule-gisingen.de\/?page_id=1958\">Weiterlesen &rarr;<\/a><\/p>\n","protected":false},"author":1,"featured_media":0,"parent":18,"menu_order":0,"comment_status":"closed","ping_status":"closed","template":"","meta":[],"_links":{"self":[{"href":"http:\/\/grundschule-gisingen.de\/index.php?rest_route=\/wp\/v2\/pages\/1958"}],"collection":[{"href":"http:\/\/grundschule-gisingen.de\/index.php?rest_route=\/wp\/v2\/pages"}],"about":[{"href":"http:\/\/grundschule-gisingen.de\/index.php?rest_route=\/wp\/v2\/types\/page"}],"author":[{"embeddable":true,"href":"http:\/\/grundschule-gisingen.de\/index.php?rest_route=\/wp\/v2\/users\/1"}],"replies":[{"embeddable":true,"href":"http:\/\/grundschule-gisingen.de\/index.php?rest_route=%2Fwp%2Fv2%2Fcomments&post=1958"}],"version-history":[{"count":2,"href":"http:\/\/grundschule-gisingen.de\/index.php?rest_route=\/wp\/v2\/pages\/1958\/revisions"}],"predecessor-version":[{"id":2069,"href":"http:\/\/grundschule-gisingen.de\/index.php?rest_route=\/wp\/v2\/pages\/1958\/revisions\/2069"}],"up":[{"embeddable":true,"href":"http:\/\/grundschule-gisingen.de\/index.php?rest_route=\/wp\/v2\/pages\/18"}],"wp:attachment":[{"href":"http:\/\/grundschule-gisingen.de\/index.php?rest_route=%2Fwp%2Fv2%2Fmedia&parent=1958"}],"curies":[{"name":"wp","href":"https:\/\/api.w.org\/{rel}","templated":true}]}}