
{"id":1977,"date":"2025-03-28T20:30:11","date_gmt":"2025-03-28T19:30:11","guid":{"rendered":"http:\/\/grundschule-gisingen.de\/?page_id=1977"},"modified":"2025-03-28T20:30:25","modified_gmt":"2025-03-28T19:30:25","slug":"picobello-aktion-2025","status":"publish","type":"page","link":"http:\/\/grundschule-gisingen.de\/?page_id=1977","title":{"rendered":"Picobello-Aktion 2025"},"content":{"rendered":"<p>Am Freitag, den 21. M\u00e4rz 2025, beteiligte sich unsere Schule aktiv an der landesweiten Picobello-Aktion des Entsorgungsverbandes Saar (EVS).<br \/>\nNach der gro\u00dfen Pause machten sich die Kinder, ausgestattet mit Handschuhen, mitgebrachten M\u00fcllgreifern und M\u00fclls\u00e4cken, auf den Weg, um die Umgebung von achtlos entsorgtem M\u00fcll zu befreien. Die ersten Klassen sammelten am Spielplatz im Schmalzgarten und den umliegenden Feldern in Gisingen, die zweiten Klassen liefen Richtung Sankt Barbara, die Kinder der dritten Klassen sammelten rund um den Brucher Weg nach M\u00fcll. Das vierte Schuljahr konnte auf dem Weg nach Oberlimberg die T\u00fcten mit Unrat f\u00fcllen und nebenbei noch viele Golfb\u00e4lle einsammeln, die beim ans\u00e4ssigen Golfclub abgegeben werden konnten.<br \/>\nDiese Aktion verdeutlichte den Sch\u00fclerinnen und Sch\u00fclern nicht nur die Bedeutung von Umweltschutz und nachhaltigem Handeln, sondern f\u00f6rderte auch ihr Verantwortungsbewusstsein f\u00fcr eine saubere und lebenswerte Umgebung.<br \/>\nDurch den engagierten Einsatz der Kinder kam eine beachtliche Menge an M\u00fcll zusammen. Neben Verpackungen, Glasflaschen und anderem Unrat fanden die Kinder auch entsorgte Lampen oder sogar Kleidungsst\u00fccke.<br \/>\nDie gef\u00fcllten M\u00fclls\u00e4cke zeigten eindrucksvoll, wie viel Abfall in der Umwelt landet und wie wichtig es ist, auf eine richtige Entsorgung zu achten.<br \/>\n<img decoding=\"async\" loading=\"lazy\" class=\"aligncenter size-full wp-image-1978\" src=\"http:\/\/grundschule-gisingen.de\/wp-content\/uploads\/2025\/03\/IMG-20250328-WA0004.jpg\" alt=\"\" width=\"2048\" height=\"1536\" srcset=\"http:\/\/grundschule-gisingen.de\/wp-content\/uploads\/2025\/03\/IMG-20250328-WA0004.jpg 2048w, http:\/\/grundschule-gisingen.de\/wp-content\/uploads\/2025\/03\/IMG-20250328-WA0004-300x225.jpg 300w, http:\/\/grundschule-gisingen.de\/wp-content\/uploads\/2025\/03\/IMG-20250328-WA0004-1024x768.jpg 1024w, http:\/\/grundschule-gisingen.de\/wp-content\/uploads\/2025\/03\/IMG-20250328-WA0004-768x576.jpg 768w, http:\/\/grundschule-gisingen.de\/wp-content\/uploads\/2025\/03\/IMG-20250328-WA0004-1536x1152.jpg 1536w, http:\/\/grundschule-gisingen.de\/wp-content\/uploads\/2025\/03\/IMG-20250328-WA0004-600x450.jpg 600w, http:\/\/grundschule-gisingen.de\/wp-content\/uploads\/2025\/03\/IMG-20250328-WA0004-945x709.jpg 945w\" sizes=\"(max-width: 2048px) 100vw, 2048px\" \/><\/p>\n","protected":false},"excerpt":{"rendered":"<p>Am Freitag, den 21. M\u00e4rz 2025, beteiligte sich unsere Schule aktiv an der landesweiten Picobello-Aktion des Entsorgungsverbandes Saar (EVS). Nach der gro\u00dfen Pause machten sich die Kinder, ausgestattet mit Handschuhen, mitgebrachten M\u00fcllgreifern und M\u00fclls\u00e4cken, auf den Weg, um die Umgebung&#8230; <a class=\"more-link\" href=\"http:\/\/grundschule-gisingen.de\/?page_id=1977\">Weiterlesen &rarr;<\/a><\/p>\n","protected":false},"author":1,"featured_media":0,"parent":12,"menu_order":0,"comment_status":"closed","ping_status":"closed","template":"","meta":[],"_links":{"self":[{"href":"http:\/\/grundschule-gisingen.de\/index.php?rest_route=\/wp\/v2\/pages\/1977"}],"collection":[{"href":"http:\/\/grundschule-gisingen.de\/index.php?rest_route=\/wp\/v2\/pages"}],"about":[{"href":"http:\/\/grundschule-gisingen.de\/index.php?rest_route=\/wp\/v2\/types\/page"}],"author":[{"embeddable":true,"href":"http:\/\/grundschule-gisingen.de\/index.php?rest_route=\/wp\/v2\/users\/1"}],"replies":[{"embeddable":true,"href":"http:\/\/grundschule-gisingen.de\/index.php?rest_route=%2Fwp%2Fv2%2Fcomments&post=1977"}],"version-history":[{"count":2,"href":"http:\/\/grundschule-gisingen.de\/index.php?rest_route=\/wp\/v2\/pages\/1977\/revisions"}],"predecessor-version":[{"id":1980,"href":"http:\/\/grundschule-gisingen.de\/index.php?rest_route=\/wp\/v2\/pages\/1977\/revisions\/1980"}],"up":[{"embeddable":true,"href":"http:\/\/grundschule-gisingen.de\/index.php?rest_route=\/wp\/v2\/pages\/12"}],"wp:attachment":[{"href":"http:\/\/grundschule-gisingen.de\/index.php?rest_route=%2Fwp%2Fv2%2Fmedia&parent=1977"}],"curies":[{"name":"wp","href":"https:\/\/api.w.org\/{rel}","templated":true}]}}