
{"id":1982,"date":"2025-04-09T09:19:53","date_gmt":"2025-04-09T07:19:53","guid":{"rendered":"http:\/\/grundschule-gisingen.de\/?page_id=1982"},"modified":"2025-04-09T09:19:53","modified_gmt":"2025-04-09T07:19:53","slug":"faschingstreiben-in-der-ferienbetreuung-fgts-gisingen","status":"publish","type":"page","link":"http:\/\/grundschule-gisingen.de\/?page_id=1982","title":{"rendered":"Faschingstreiben in der Ferienbetreuung FGTS Gisingen"},"content":{"rendered":"<p><strong>Faschingstreiben in der Ferienbetreuung FGTS Gisingen<\/strong><\/p>\n<p>Am 28.02.2025 hatten wir das Vergn\u00fcgen von den <img decoding=\"async\" loading=\"lazy\" class=\" wp-image-1983 alignleft\" src=\"http:\/\/grundschule-gisingen.de\/wp-content\/uploads\/2025\/04\/Erdbeernarren.jpg\" alt=\"\" width=\"401\" height=\"259\" srcset=\"http:\/\/grundschule-gisingen.de\/wp-content\/uploads\/2025\/04\/Erdbeernarren.jpg 840w, http:\/\/grundschule-gisingen.de\/wp-content\/uploads\/2025\/04\/Erdbeernarren-300x194.jpg 300w, http:\/\/grundschule-gisingen.de\/wp-content\/uploads\/2025\/04\/Erdbeernarren-768x496.jpg 768w, http:\/\/grundschule-gisingen.de\/wp-content\/uploads\/2025\/04\/Erdbeernarren-600x388.jpg 600w\" sizes=\"(max-width: 401px) 100vw, 401px\" \/>Hansenberger Erdbeernarren e.V. \u00fcberrascht zu werden. Zu Beginn haben die Erdbeernarren mit uns gemeinsame Mitmacht\u00e4nze durchgef\u00fchrt, was f\u00fcr viel Spa\u00df und gute Laune sorgte. F\u00fcr jeden war etwas dabei, sodass alle tanzen konnten.<br \/>\nDanach ging es direkt mit einem weiteren besonderen Highlight weiter, und zwar die Rede des Kinderprinzenpaares, die auf Saarl\u00e4ndisch gehalten wurde. Mit ihrer humorvollen Rede sorgten sie f\u00fcr eine herzliche Stimmung und zauberten ein L\u00e4cheln auf jedes Gesicht.<\/p>\n<p>Die Erdbeernarren haben nicht nur f\u00fcr gro\u00dfartige Stimmung gesorgt, sondern auch die Vorfreude f\u00fcr die Faasend geweckt. Zum Schluss wurden S\u00fc\u00dfigkeiten in die Menge geworfen, was f\u00fcr einen tollen Abschluss sorgte.<br \/>\nEs war ein fantastisches Erlebnis sowohl f\u00fcr die Kinder als auch f\u00fcr die Betreuer.<br \/>\nVielen Dank f\u00fcr diesen gro\u00dfartigen Besuch!<\/p>\n<p>Alessia Di Pasquale<\/p>\n","protected":false},"excerpt":{"rendered":"<p>Faschingstreiben in der Ferienbetreuung FGTS Gisingen Am 28.02.2025 hatten wir das Vergn\u00fcgen von den Hansenberger Erdbeernarren e.V. \u00fcberrascht zu werden. Zu Beginn haben die Erdbeernarren mit uns gemeinsame Mitmacht\u00e4nze durchgef\u00fchrt, was f\u00fcr viel Spa\u00df und gute Laune sorgte. F\u00fcr jeden&#8230; <a class=\"more-link\" href=\"http:\/\/grundschule-gisingen.de\/?page_id=1982\">Weiterlesen &rarr;<\/a><\/p>\n","protected":false},"author":1,"featured_media":0,"parent":1319,"menu_order":0,"comment_status":"closed","ping_status":"closed","template":"","meta":[],"_links":{"self":[{"href":"http:\/\/grundschule-gisingen.de\/index.php?rest_route=\/wp\/v2\/pages\/1982"}],"collection":[{"href":"http:\/\/grundschule-gisingen.de\/index.php?rest_route=\/wp\/v2\/pages"}],"about":[{"href":"http:\/\/grundschule-gisingen.de\/index.php?rest_route=\/wp\/v2\/types\/page"}],"author":[{"embeddable":true,"href":"http:\/\/grundschule-gisingen.de\/index.php?rest_route=\/wp\/v2\/users\/1"}],"replies":[{"embeddable":true,"href":"http:\/\/grundschule-gisingen.de\/index.php?rest_route=%2Fwp%2Fv2%2Fcomments&post=1982"}],"version-history":[{"count":1,"href":"http:\/\/grundschule-gisingen.de\/index.php?rest_route=\/wp\/v2\/pages\/1982\/revisions"}],"predecessor-version":[{"id":1984,"href":"http:\/\/grundschule-gisingen.de\/index.php?rest_route=\/wp\/v2\/pages\/1982\/revisions\/1984"}],"up":[{"embeddable":true,"href":"http:\/\/grundschule-gisingen.de\/index.php?rest_route=\/wp\/v2\/pages\/1319"}],"wp:attachment":[{"href":"http:\/\/grundschule-gisingen.de\/index.php?rest_route=%2Fwp%2Fv2%2Fmedia&parent=1982"}],"curies":[{"name":"wp","href":"https:\/\/api.w.org\/{rel}","templated":true}]}}