
{"id":1988,"date":"2025-05-21T09:21:06","date_gmt":"2025-05-21T07:21:06","guid":{"rendered":"http:\/\/grundschule-gisingen.de\/?page_id=1988"},"modified":"2025-05-21T09:21:06","modified_gmt":"2025-05-21T07:21:06","slug":"lesekino","status":"publish","type":"page","link":"http:\/\/grundschule-gisingen.de\/?page_id=1988","title":{"rendered":"Lesekino"},"content":{"rendered":"<p><strong>Lesekino an der Grundschule Gisingen am 4. April 2025<\/strong><\/p>\n<p>Am Freitag, den 04. April 2025, fand an der Grundschule Gisingen ein besonderes Ereignis statt: unser 1. Lesekino. Dabei verwandelte sich die Schule in der dritten Stunde in eine kleine Literaturwelt, in der Lehrerinnen und Lehrer verschiedene B\u00fccher pr\u00e4sentierten und den Kindern daraus vorlasen.<br \/>\nBereits im Vorfeld konnten die Sch\u00fclerinnen und Sch\u00fcler aus einer Auswahl spannender, lustiger und abenteuerlicher B\u00fccher ihre Favoriten ausw\u00e4hlen.<br \/>\nDie Lehrer stellten in den verschiedenen Klassenzimmern jeweils ein Buch vor, und die Kinder verteilten sich je nach Interesse auf die verschiedenen &#8222;Kinor\u00e4ume&#8220;. Dort lauschten sie gespannt den Geschichten, die ihnen von den verschiedenen Lehrerinnen und Lehrern vorgelesen wurden.<br \/>\nOb fantasievolle Erz\u00e4hlungen, spannende Detektivgeschichten oder humorvolle Alltagsabenteuer \u2013 f\u00fcr jeden Geschmack war etwas dabei.<br \/>\nDie gem\u00fctliche Atmosph\u00e4re, das gemeinsame Zuh\u00f6ren und das Eintauchen in fremde Welten machten das Lesekino zu einem besonderen Erlebnis.<br \/>\nViele Kinder zeigten im Anschluss gro\u00dfes Interesse daran, die vorgestellten B\u00fccher weiterzulesen oder sie in unserer B\u00fccherei auszuleihen.<\/p>\n","protected":false},"excerpt":{"rendered":"<p>Lesekino an der Grundschule Gisingen am 4. April 2025 Am Freitag, den 04. April 2025, fand an der Grundschule Gisingen ein besonderes Ereignis statt: unser 1. Lesekino. Dabei verwandelte sich die Schule in der dritten Stunde in eine kleine Literaturwelt,&#8230; <a class=\"more-link\" href=\"http:\/\/grundschule-gisingen.de\/?page_id=1988\">Weiterlesen &rarr;<\/a><\/p>\n","protected":false},"author":1,"featured_media":0,"parent":12,"menu_order":0,"comment_status":"closed","ping_status":"closed","template":"","meta":[],"_links":{"self":[{"href":"http:\/\/grundschule-gisingen.de\/index.php?rest_route=\/wp\/v2\/pages\/1988"}],"collection":[{"href":"http:\/\/grundschule-gisingen.de\/index.php?rest_route=\/wp\/v2\/pages"}],"about":[{"href":"http:\/\/grundschule-gisingen.de\/index.php?rest_route=\/wp\/v2\/types\/page"}],"author":[{"embeddable":true,"href":"http:\/\/grundschule-gisingen.de\/index.php?rest_route=\/wp\/v2\/users\/1"}],"replies":[{"embeddable":true,"href":"http:\/\/grundschule-gisingen.de\/index.php?rest_route=%2Fwp%2Fv2%2Fcomments&post=1988"}],"version-history":[{"count":1,"href":"http:\/\/grundschule-gisingen.de\/index.php?rest_route=\/wp\/v2\/pages\/1988\/revisions"}],"predecessor-version":[{"id":1989,"href":"http:\/\/grundschule-gisingen.de\/index.php?rest_route=\/wp\/v2\/pages\/1988\/revisions\/1989"}],"up":[{"embeddable":true,"href":"http:\/\/grundschule-gisingen.de\/index.php?rest_route=\/wp\/v2\/pages\/12"}],"wp:attachment":[{"href":"http:\/\/grundschule-gisingen.de\/index.php?rest_route=%2Fwp%2Fv2%2Fmedia&parent=1988"}],"curies":[{"name":"wp","href":"https:\/\/api.w.org\/{rel}","templated":true}]}}