
{"id":1990,"date":"2025-05-28T09:26:28","date_gmt":"2025-05-28T07:26:28","guid":{"rendered":"http:\/\/grundschule-gisingen.de\/?page_id=1990"},"modified":"2025-09-24T11:44:02","modified_gmt":"2025-09-24T09:44:02","slug":"besuch-des-thw","status":"publish","type":"page","link":"http:\/\/grundschule-gisingen.de\/?page_id=1990","title":{"rendered":"Besuch des THW"},"content":{"rendered":"<p><strong>Besuch des Technischen Hilfswerks<\/strong><\/p>\n<p>Am Donnerstag, den 23. Mai 2025, besuchte das Technische Hilfswerk (THW) die Grundschule Gisingen und sorgte f\u00fcr gro\u00dfe Begeisterung bei den Sch\u00fclerinnen und Sch\u00fclern. Bereits am Vormittag trafen mehrere Einsatzfahrzeuge des THW auf dem Schulgel\u00e4nde ein und zogen sofort neugierige Blicke auf sich.<\/p>\n<p><img decoding=\"async\" loading=\"lazy\" class=\"wp-image-1993 alignleft\" src=\"http:\/\/grundschule-gisingen.de\/wp-content\/uploads\/2025\/05\/IMG_20250523_120949-scaled.jpg\" alt=\"\" width=\"478\" height=\"358\" srcset=\"http:\/\/grundschule-gisingen.de\/wp-content\/uploads\/2025\/05\/IMG_20250523_120949-scaled.jpg 2560w, http:\/\/grundschule-gisingen.de\/wp-content\/uploads\/2025\/05\/IMG_20250523_120949-300x225.jpg 300w, http:\/\/grundschule-gisingen.de\/wp-content\/uploads\/2025\/05\/IMG_20250523_120949-1024x768.jpg 1024w, http:\/\/grundschule-gisingen.de\/wp-content\/uploads\/2025\/05\/IMG_20250523_120949-768x576.jpg 768w, http:\/\/grundschule-gisingen.de\/wp-content\/uploads\/2025\/05\/IMG_20250523_120949-1536x1152.jpg 1536w, http:\/\/grundschule-gisingen.de\/wp-content\/uploads\/2025\/05\/IMG_20250523_120949-2048x1536.jpg 2048w, http:\/\/grundschule-gisingen.de\/wp-content\/uploads\/2025\/05\/IMG_20250523_120949-600x450.jpg 600w, http:\/\/grundschule-gisingen.de\/wp-content\/uploads\/2025\/05\/IMG_20250523_120949-945x709.jpg 945w\" sizes=\"(max-width: 478px) 100vw, 478px\" \/>Im Rahmen des Besuchs hatten die Kinder die M\u00f6glichkeit, die imposanten Fahrzeuge aus n\u00e4chster N\u00e4he zu betrachten und sogar hineinzuklettern.<br \/>\nBesonders spannend\u00a0war f\u00fcr viele das Erkunden der Ausstattung: Von Seilwinden und Pumpen bis hin zu Schutzhelmen und Werkzeugen wurde alles anschaulich erkl\u00e4rt.<img decoding=\"async\" loading=\"lazy\" class=\"wp-image-1992 alignright\" src=\"http:\/\/grundschule-gisingen.de\/wp-content\/uploads\/2025\/05\/IMG_20250523_085924-scaled.jpg\" alt=\"\" width=\"395\" height=\"527\" srcset=\"http:\/\/grundschule-gisingen.de\/wp-content\/uploads\/2025\/05\/IMG_20250523_085924-scaled.jpg 1920w, http:\/\/grundschule-gisingen.de\/wp-content\/uploads\/2025\/05\/IMG_20250523_085924-225x300.jpg 225w, http:\/\/grundschule-gisingen.de\/wp-content\/uploads\/2025\/05\/IMG_20250523_085924-768x1024.jpg 768w, http:\/\/grundschule-gisingen.de\/wp-content\/uploads\/2025\/05\/IMG_20250523_085924-1152x1536.jpg 1152w, http:\/\/grundschule-gisingen.de\/wp-content\/uploads\/2025\/05\/IMG_20250523_085924-1536x2048.jpg 1536w, http:\/\/grundschule-gisingen.de\/wp-content\/uploads\/2025\/05\/IMG_20250523_085924-600x800.jpg 600w, http:\/\/grundschule-gisingen.de\/wp-content\/uploads\/2025\/05\/IMG_20250523_085924-945x1260.jpg 945w\" sizes=\"(max-width: 395px) 100vw, 395px\" \/><\/p>\n<p>Die Vorstellung \u00fcbernahm ein engagiertes Team von THW-Mitgliedern, die sich viel Zeit nahmen, um auf die Fragen der Kinder einzugehen und ihnen die vielf\u00e4ltigen Aufgaben des THW kindgerecht n\u00e4herzubringen. So erfuhren die Sch\u00fclerinnen und Sch\u00fcler unter anderem, wie das THW in Katastrophensituationen hilft, welche Ausbildungen notwendig sind und wie Teamarbeit im Einsatz funktioniert.<\/p>\n<p>Der Besuch war nicht nur informativ, sondern weckte bei vielen Kindern gro\u00dfes Interesse an den spannenden T\u00e4tigkeiten des THW. Die Grundschule Gisingen bedankt sich herzlich beim Technischen Hilfswerk f\u00fcr diesen lehrreichen und erlebnisreichen Vormittag. Ein besonderer Dank geht an Herrn Djura, der diesen Tag initiiert und organisiert hat.<\/p>\n<p>&nbsp;<\/p>\n","protected":false},"excerpt":{"rendered":"<p>Besuch des Technischen Hilfswerks Am Donnerstag, den 23. Mai 2025, besuchte das Technische Hilfswerk (THW) die Grundschule Gisingen und sorgte f\u00fcr gro\u00dfe Begeisterung bei den Sch\u00fclerinnen und Sch\u00fclern. Bereits am Vormittag trafen mehrere Einsatzfahrzeuge des THW auf dem Schulgel\u00e4nde ein&#8230; <a class=\"more-link\" href=\"http:\/\/grundschule-gisingen.de\/?page_id=1990\">Weiterlesen &rarr;<\/a><\/p>\n","protected":false},"author":1,"featured_media":0,"parent":12,"menu_order":0,"comment_status":"closed","ping_status":"closed","template":"","meta":[],"_links":{"self":[{"href":"http:\/\/grundschule-gisingen.de\/index.php?rest_route=\/wp\/v2\/pages\/1990"}],"collection":[{"href":"http:\/\/grundschule-gisingen.de\/index.php?rest_route=\/wp\/v2\/pages"}],"about":[{"href":"http:\/\/grundschule-gisingen.de\/index.php?rest_route=\/wp\/v2\/types\/page"}],"author":[{"embeddable":true,"href":"http:\/\/grundschule-gisingen.de\/index.php?rest_route=\/wp\/v2\/users\/1"}],"replies":[{"embeddable":true,"href":"http:\/\/grundschule-gisingen.de\/index.php?rest_route=%2Fwp%2Fv2%2Fcomments&post=1990"}],"version-history":[{"count":6,"href":"http:\/\/grundschule-gisingen.de\/index.php?rest_route=\/wp\/v2\/pages\/1990\/revisions"}],"predecessor-version":[{"id":2056,"href":"http:\/\/grundschule-gisingen.de\/index.php?rest_route=\/wp\/v2\/pages\/1990\/revisions\/2056"}],"up":[{"embeddable":true,"href":"http:\/\/grundschule-gisingen.de\/index.php?rest_route=\/wp\/v2\/pages\/12"}],"wp:attachment":[{"href":"http:\/\/grundschule-gisingen.de\/index.php?rest_route=%2Fwp%2Fv2%2Fmedia&parent=1990"}],"curies":[{"name":"wp","href":"https:\/\/api.w.org\/{rel}","templated":true}]}}