
{"id":20,"date":"2017-02-11T10:19:35","date_gmt":"2017-02-11T09:19:35","guid":{"rendered":"http:\/\/grundschule-gisingen.de\/?page_id=20"},"modified":"2025-10-08T11:20:10","modified_gmt":"2025-10-08T09:20:10","slug":"foerderverein","status":"publish","type":"page","link":"http:\/\/grundschule-gisingen.de\/?page_id=20","title":{"rendered":"F\u00f6rderverein"},"content":{"rendered":"<p><span style=\"color: #000000; font-family: Calibri;\">Der Freundes- und F\u00f6rderverein der Grundschule Gisingen wurde im Jahre 1997 gegr\u00fcndet und z\u00e4hlt mittlerweile 84 Mitglieder. Neben der Mitgestaltung von Schulfesten, Nikolausfeiern und j\u00e4hrlichen Einschulungsfeiern verfolgt er folgende Ziele:<\/span><\/p>\n<p><span style=\"color: #000000; font-family: Calibri;\">\u00a0<\/span><\/p>\n<p><span style=\"color: #000000; font-family: Calibri;\">\u00a0F<\/span><span style=\"color: #000000; font-family: Calibri;\">inanzielle<\/span><span style=\"color: #000000; font-family: Calibri;\">\u00a0 <\/span><span style=\"color: #000000; font-family: Calibri;\">Unterst\u00fctzung der Schule bei<\/span><\/p>\n<p><span style=\"color: #000000; font-family: Calibri;\">a)<\/span><span style=\"font: 7pt 'Times New Roman'; margin: 0px; font-size-adjust: none; font-stretch: normal;\"><span style=\"color: #000000;\">\u00a0\u00a0\u00a0\u00a0\u00a0 <\/span><\/span><span style=\"color: #000000; font-family: Calibri;\">Schulhofgestaltung<\/span><\/p>\n<p><span style=\"color: #000000; font-family: Calibri;\">Anschaffung und Aufbau eines Kletterger\u00fcstes<\/span><\/p>\n<p><span style=\"color: #000000; font-family: Calibri;\">Kauf von Pausenspielen<\/span><\/p>\n<p><span style=\"color: #000000; font-family: Calibri;\">Bau einer B\u00fchne auf dem Schulhof<\/span><\/p>\n<p><span style=\"color: #000000; font-family: Calibri;\">Pflanzen eines Labyrinthes aus Ligusterhecken als Ruhezone<\/span><\/p>\n<p><span style=\"color: #000000; font-family: Calibri;\">Freilichtklassenzimmer<\/span><\/p>\n<p><span style=\"color: #000000; font-family: Calibri;\">b)<\/span><span style=\"font: 7pt 'Times New Roman'; margin: 0px; font-size-adjust: none; font-stretch: normal;\"><span style=\"color: #000000;\">\u00a0\u00a0\u00a0\u00a0\u00a0 <\/span><\/span><span style=\"color: #000000; font-family: Calibri;\">Ausstattung eines Computerraumes mit 18 neuen Computern<\/span><\/p>\n<p><span style=\"color: #000000; font-family: Calibri;\">c)<\/span><span style=\"font: 7pt 'Times New Roman'; margin: 0px; font-size-adjust: none; font-stretch: normal;\"><span style=\"color: #000000;\">\u00a0\u00a0\u00a0\u00a0\u00a0\u00a0 <\/span><\/span><span style=\"color: #000000; font-family: Calibri;\">Kauf von Smartboards<\/span><\/p>\n<p><span style=\"color: #000000; font-family: Calibri;\">d)<\/span><span style=\"font: 7pt 'Times New Roman'; margin: 0px; font-size-adjust: none; font-stretch: normal;\"><span style=\"color: #000000;\">\u00a0\u00a0\u00a0\u00a0\u00a0 <\/span><\/span><span style=\"color: #000000; font-family: Calibri;\">schulischen Veranstaltungen wie<\/span><\/p>\n<p><span style=\"color: #000000; font-family: Calibri;\">Kulturwandertag<\/span><\/p>\n<p><span style=\"color: #000000; font-family: Calibri;\">Sportfest<\/span><\/p>\n<p><span style=\"color: #000000; font-family: Calibri;\">Schulpartnerschaften<\/span><span style=\"color: #000000; font-family: Calibri;\">\u00a0\u00a0\u00a0\u00a0\u00a0\u00a0\u00a0\u00a0\u00a0\u00a0\u00a0\u00a0\u00a0\u00a0 <\/span><\/p>\n<p><span style=\"color: #000000; font-family: Calibri;\">Spendenlauf<\/span><\/p>\n<p><span style=\"color: #000000; font-family: Calibri;\">\u00a0<\/span><\/p>\n<p><span style=\"color: #000000; font-family: Calibri;\">\u00a0A<\/span><span style=\"color: #000000; font-family: Calibri;\">ktueller Vorstand des Freundes \u2013 und F\u00f6rdervereins der Grundschule Gisingen<\/span><\/p>\n<p><span style=\"color: #000000; font-family: Calibri;\">\u00a0<\/span><\/p>\n<p><span style=\"color: #000000; font-family: Calibri;\">1.<\/span><span style=\"font: 7pt 'Times New Roman'; margin: 0px; font-size-adjust: none; font-stretch: normal;\"><span style=\"color: #000000;\">\u00a0\u00a0\u00a0\u00a0\u00a0\u00a0 <\/span><\/span><span style=\"color: #000000; font-family: Calibri;\">Vorsitzende : Frau Caspary-Lenhardt<br \/>\n<\/span><\/p>\n<p><span style=\"color: #000000; font-family: Calibri;\">2.<\/span><span style=\"font: 7pt 'Times New Roman'; margin: 0px; font-size-adjust: none; font-stretch: normal;\"><span style=\"color: #000000;\">\u00a0\u00a0\u00a0\u00a0\u00a0\u00a0 <\/span><\/span><span style=\"color: #000000; font-family: Calibri;\">Vorsitzende:<\/span><\/p>\n<p><span style=\"color: #000000; font-family: Calibri;\">Schriftf\u00fchrer:<\/span><\/p>\n<p><span style=\"color: #000000; font-family: Calibri;\">Kassenwart:<\/span><\/p>\n<p><span style=\"color: #000000; font-family: Calibri;\">Beisitzer:<\/span><\/p>\n<p><span style=\"color: #000000; font-family: Calibri;\">Kassenpr\u00fcfer:<\/span><\/p>\n<p><a href=\"http:\/\/grundschule-gisingen.de\/wp-content\/uploads\/2025\/10\/Anmeldung-Foerderverein.pdf\">Anmeldung Fo\u0308rderverein<\/a><\/p>\n","protected":false},"excerpt":{"rendered":"<p>Der Freundes- und F\u00f6rderverein der Grundschule Gisingen wurde im Jahre 1997 gegr\u00fcndet und z\u00e4hlt mittlerweile 84 Mitglieder. Neben der Mitgestaltung von Schulfesten, Nikolausfeiern und j\u00e4hrlichen Einschulungsfeiern verfolgt er folgende Ziele: \u00a0 \u00a0Finanzielle\u00a0 Unterst\u00fctzung der Schule bei a)\u00a0\u00a0\u00a0\u00a0\u00a0 Schulhofgestaltung Anschaffung und&#8230; <a class=\"more-link\" href=\"http:\/\/grundschule-gisingen.de\/?page_id=20\">Weiterlesen &rarr;<\/a><\/p>\n","protected":false},"author":1,"featured_media":338,"parent":0,"menu_order":4,"comment_status":"closed","ping_status":"closed","template":"","meta":[],"_links":{"self":[{"href":"http:\/\/grundschule-gisingen.de\/index.php?rest_route=\/wp\/v2\/pages\/20"}],"collection":[{"href":"http:\/\/grundschule-gisingen.de\/index.php?rest_route=\/wp\/v2\/pages"}],"about":[{"href":"http:\/\/grundschule-gisingen.de\/index.php?rest_route=\/wp\/v2\/types\/page"}],"author":[{"embeddable":true,"href":"http:\/\/grundschule-gisingen.de\/index.php?rest_route=\/wp\/v2\/users\/1"}],"replies":[{"embeddable":true,"href":"http:\/\/grundschule-gisingen.de\/index.php?rest_route=%2Fwp%2Fv2%2Fcomments&post=20"}],"version-history":[{"count":7,"href":"http:\/\/grundschule-gisingen.de\/index.php?rest_route=\/wp\/v2\/pages\/20\/revisions"}],"predecessor-version":[{"id":2066,"href":"http:\/\/grundschule-gisingen.de\/index.php?rest_route=\/wp\/v2\/pages\/20\/revisions\/2066"}],"wp:featuredmedia":[{"embeddable":true,"href":"http:\/\/grundschule-gisingen.de\/index.php?rest_route=\/wp\/v2\/media\/338"}],"wp:attachment":[{"href":"http:\/\/grundschule-gisingen.de\/index.php?rest_route=%2Fwp%2Fv2%2Fmedia&parent=20"}],"curies":[{"name":"wp","href":"https:\/\/api.w.org\/{rel}","templated":true}]}}