
{"id":2004,"date":"2025-06-19T13:42:13","date_gmt":"2025-06-19T11:42:13","guid":{"rendered":"http:\/\/grundschule-gisingen.de\/?page_id=2004"},"modified":"2025-06-19T13:42:13","modified_gmt":"2025-06-19T11:42:13","slug":"lesedino-2024-25","status":"publish","type":"page","link":"http:\/\/grundschule-gisingen.de\/?page_id=2004","title":{"rendered":"Lesedino 2024\/25"},"content":{"rendered":"<p class=\"p1\">Lesedino-Vorlesewettbewerb 2024\/25 Regionalentscheid<\/p>\n<p>Wie in jedem Schuljahr w\u00e4hlten wir auch dieses Jahr die beste Leserin\/den besten Leser aus unseren vierten Klassen im Lesedino Vorlesewettbewerb aus. Eliah Schindler aus der Klasse 4.2 ist der Schulsieger. Herzlichen Gl\u00fcckwunsch hierzu!<img decoding=\"async\" loading=\"lazy\" class=\"wp-image-2006 alignright\" src=\"http:\/\/grundschule-gisingen.de\/wp-content\/uploads\/2025\/06\/Lesedino25-Teil-1_011.jpeg\" alt=\"\" width=\"584\" height=\"387\" srcset=\"http:\/\/grundschule-gisingen.de\/wp-content\/uploads\/2025\/06\/Lesedino25-Teil-1_011.jpeg 2256w, http:\/\/grundschule-gisingen.de\/wp-content\/uploads\/2025\/06\/Lesedino25-Teil-1_011-300x199.jpeg 300w, http:\/\/grundschule-gisingen.de\/wp-content\/uploads\/2025\/06\/Lesedino25-Teil-1_011-1024x679.jpeg 1024w, http:\/\/grundschule-gisingen.de\/wp-content\/uploads\/2025\/06\/Lesedino25-Teil-1_011-768x509.jpeg 768w, http:\/\/grundschule-gisingen.de\/wp-content\/uploads\/2025\/06\/Lesedino25-Teil-1_011-1536x1019.jpeg 1536w, http:\/\/grundschule-gisingen.de\/wp-content\/uploads\/2025\/06\/Lesedino25-Teil-1_011-2048x1358.jpeg 2048w, http:\/\/grundschule-gisingen.de\/wp-content\/uploads\/2025\/06\/Lesedino25-Teil-1_011-600x398.jpeg 600w, http:\/\/grundschule-gisingen.de\/wp-content\/uploads\/2025\/06\/Lesedino25-Teil-1_011-945x627.jpeg 945w\" sizes=\"(max-width: 584px) 100vw, 584px\" \/><br \/>\nAls Schulsieger durfte er unsere Schule beim Regionalentscheid am 14.05.2025 in der Stadtbibliothek Saarlouis vertreten. Auch wenn Eliah den Regionalentscheid nicht f\u00fcr sich entscheiden konnte, so zeigte er doch eine tolle Leistung im Vorlesen. Die 12 teilnehmenden Kinder lasen zun\u00e4chst drei Minuten aus einem selbst gew\u00e4hlten Buch vor. Anschlie\u00dfend mussten alle einen unbekannten Text vortragen aus dem Buch von Stephanie Gessner: Time Travellers-N\u00e4chster Sprung-Australien! Ein aufgrund vieler Fremdw\u00f6rter und englischer Begriffe anspruchsvolles Buch. Es darf dabei nicht untersch\u00e4tzt werden, dass die Kinder vor Publikum und einer Jury gelesen haben, was eine geh\u00f6rige Portion Mut und gute Nerven erfordert. Alle Teilnehmer erhielten f\u00fcr ihren Einsatz eine Teilnehmerurkunde und zwei Buchgeschenke. Zum einen ein Exemplar des oben genannten Buches, sowie das Buch von Andreas Suchanek: Magic Island, Band 1.<\/p>\n<p class=\"p1\">Auch dazu gratulieren wir Eliah herzlich!<\/p>\n<p>Sibylle Weiten-Kloft<img decoding=\"async\" loading=\"lazy\" class=\"aligncenter size-full wp-image-2005\" src=\"http:\/\/grundschule-gisingen.de\/wp-content\/uploads\/2025\/06\/Lesedino25-Preisverleihung_021.jpeg\" alt=\"\" width=\"2256\" height=\"1496\" srcset=\"http:\/\/grundschule-gisingen.de\/wp-content\/uploads\/2025\/06\/Lesedino25-Preisverleihung_021.jpeg 2256w, http:\/\/grundschule-gisingen.de\/wp-content\/uploads\/2025\/06\/Lesedino25-Preisverleihung_021-300x199.jpeg 300w, http:\/\/grundschule-gisingen.de\/wp-content\/uploads\/2025\/06\/Lesedino25-Preisverleihung_021-1024x679.jpeg 1024w, http:\/\/grundschule-gisingen.de\/wp-content\/uploads\/2025\/06\/Lesedino25-Preisverleihung_021-768x509.jpeg 768w, http:\/\/grundschule-gisingen.de\/wp-content\/uploads\/2025\/06\/Lesedino25-Preisverleihung_021-1536x1019.jpeg 1536w, http:\/\/grundschule-gisingen.de\/wp-content\/uploads\/2025\/06\/Lesedino25-Preisverleihung_021-2048x1358.jpeg 2048w, http:\/\/grundschule-gisingen.de\/wp-content\/uploads\/2025\/06\/Lesedino25-Preisverleihung_021-600x398.jpeg 600w, http:\/\/grundschule-gisingen.de\/wp-content\/uploads\/2025\/06\/Lesedino25-Preisverleihung_021-945x627.jpeg 945w\" sizes=\"(max-width: 2256px) 100vw, 2256px\" \/><\/p>\n","protected":false},"excerpt":{"rendered":"<p>Lesedino-Vorlesewettbewerb 2024\/25 Regionalentscheid Wie in jedem Schuljahr w\u00e4hlten wir auch dieses Jahr die beste Leserin\/den besten Leser aus unseren vierten Klassen im Lesedino Vorlesewettbewerb aus. Eliah Schindler aus der Klasse 4.2 ist der Schulsieger. Herzlichen Gl\u00fcckwunsch hierzu! Als Schulsieger durfte&#8230; <a class=\"more-link\" href=\"http:\/\/grundschule-gisingen.de\/?page_id=2004\">Weiterlesen &rarr;<\/a><\/p>\n","protected":false},"author":1,"featured_media":0,"parent":12,"menu_order":0,"comment_status":"closed","ping_status":"closed","template":"","meta":[],"_links":{"self":[{"href":"http:\/\/grundschule-gisingen.de\/index.php?rest_route=\/wp\/v2\/pages\/2004"}],"collection":[{"href":"http:\/\/grundschule-gisingen.de\/index.php?rest_route=\/wp\/v2\/pages"}],"about":[{"href":"http:\/\/grundschule-gisingen.de\/index.php?rest_route=\/wp\/v2\/types\/page"}],"author":[{"embeddable":true,"href":"http:\/\/grundschule-gisingen.de\/index.php?rest_route=\/wp\/v2\/users\/1"}],"replies":[{"embeddable":true,"href":"http:\/\/grundschule-gisingen.de\/index.php?rest_route=%2Fwp%2Fv2%2Fcomments&post=2004"}],"version-history":[{"count":3,"href":"http:\/\/grundschule-gisingen.de\/index.php?rest_route=\/wp\/v2\/pages\/2004\/revisions"}],"predecessor-version":[{"id":2009,"href":"http:\/\/grundschule-gisingen.de\/index.php?rest_route=\/wp\/v2\/pages\/2004\/revisions\/2009"}],"up":[{"embeddable":true,"href":"http:\/\/grundschule-gisingen.de\/index.php?rest_route=\/wp\/v2\/pages\/12"}],"wp:attachment":[{"href":"http:\/\/grundschule-gisingen.de\/index.php?rest_route=%2Fwp%2Fv2%2Fmedia&parent=2004"}],"curies":[{"name":"wp","href":"https:\/\/api.w.org\/{rel}","templated":true}]}}