
{"id":203,"date":"2017-02-16T10:40:48","date_gmt":"2017-02-16T09:40:48","guid":{"rendered":"http:\/\/grundschule-gisingen.de\/?page_id=203"},"modified":"2025-01-29T09:29:48","modified_gmt":"2025-01-29T08:29:48","slug":"nikolaustag","status":"publish","type":"page","link":"http:\/\/grundschule-gisingen.de\/?page_id=203","title":{"rendered":"Nikolausfeier 2024"},"content":{"rendered":"<div style=\"text-align: center;\">&#8222;Sei gegr\u00fc\u00dft lieber Nikolaus&#8220;<\/div>\n<div style=\"text-align: center;\"><\/div>\n<div style=\"text-align: center;\">so schallte es durch unser Haus.<\/div>\n<div style=\"text-align: center;\"><\/div>\n<div style=\"text-align: center;\">Als er kam der gro\u00dfe Mann<\/div>\n<div style=\"text-align: center;\"><\/div>\n<div style=\"text-align: center;\">startete die Feier dann.<\/div>\n<div style=\"text-align: center;\"><\/div>\n<div style=\"text-align: center;\">Die Kinder sangen, tanzten noch dazu<\/div>\n<div style=\"text-align: center;\"><\/div>\n<div style=\"text-align: center;\">Nikolaus braucht&#8216; \u00f6fter Ruh,<\/div>\n<div style=\"text-align: center;\"><\/div>\n<div style=\"text-align: center;\">Als er aus dem gold&#8217;nen Buch<\/div>\n<div style=\"text-align: center;\"><\/div>\n<div style=\"text-align: center;\">lesen musste ohne Fluch.<\/div>\n<div style=\"text-align: center;\"><\/div>\n<div style=\"text-align: center;\">Von guten Taten oder schlecht&#8216;<\/div>\n<div style=\"text-align: center;\"><\/div>\n<div style=\"text-align: center;\">dem Nikolaus war alles recht.<\/div>\n<div style=\"text-align: center;\"><\/div>\n<div style=\"text-align: center;\">Zum Abschluss wurde es recht lecker.<\/div>\n<div style=\"text-align: center;\"><\/div>\n<div style=\"text-align: center;\">Der Nik&#8217;laus war beim Zuckerb\u00e4cker<\/div>\n<div style=\"text-align: center;\"><\/div>\n<div style=\"text-align: center;\">Jedem Kind, ob gro\u00df ob klein,<\/div>\n<div style=\"text-align: center;\"><\/div>\n<div style=\"text-align: center;\">gab er einen Weckmann rein.<\/div>\n<div>\n<div>\n<div style=\"text-align: center;\"><\/div>\n<div style=\"text-align: center;\">Die Kinder waren froh<\/div>\n<div style=\"text-align: center;\"><\/div>\n<div style=\"text-align: center;\">und der Nik&#8217;laus sowieso.<\/div>\n<div style=\"text-align: center;\"><\/div>\n<div style=\"text-align: center;\"><\/div>\n<div style=\"text-align: center;\">Thomas Kreuzahler<\/div>\n<\/div>\n<\/div>\n<div>\n<div>\n<div><\/div>\n<\/div>\n<\/div>\n<p>&nbsp;<\/p>\n<p>&nbsp;<\/p>\n<p><img decoding=\"async\" loading=\"lazy\" class=\"wp-image-1945 alignnone\" src=\"http:\/\/grundschule-gisingen.de\/wp-content\/uploads\/2025\/01\/1738138343292-scaled.jpg\" alt=\"\" width=\"356\" height=\"267\" srcset=\"http:\/\/grundschule-gisingen.de\/wp-content\/uploads\/2025\/01\/1738138343292-scaled.jpg 2560w, http:\/\/grundschule-gisingen.de\/wp-content\/uploads\/2025\/01\/1738138343292-300x225.jpg 300w, http:\/\/grundschule-gisingen.de\/wp-content\/uploads\/2025\/01\/1738138343292-1024x768.jpg 1024w, http:\/\/grundschule-gisingen.de\/wp-content\/uploads\/2025\/01\/1738138343292-768x576.jpg 768w, http:\/\/grundschule-gisingen.de\/wp-content\/uploads\/2025\/01\/1738138343292-1536x1152.jpg 1536w, http:\/\/grundschule-gisingen.de\/wp-content\/uploads\/2025\/01\/1738138343292-2048x1536.jpg 2048w, http:\/\/grundschule-gisingen.de\/wp-content\/uploads\/2025\/01\/1738138343292-600x450.jpg 600w, http:\/\/grundschule-gisingen.de\/wp-content\/uploads\/2025\/01\/1738138343292-945x709.jpg 945w\" sizes=\"(max-width: 356px) 100vw, 356px\" \/><img decoding=\"async\" loading=\"lazy\" class=\"wp-image-1944 alignright\" src=\"http:\/\/grundschule-gisingen.de\/wp-content\/uploads\/2025\/01\/1738138343270-scaled.jpg\" alt=\"\" width=\"364\" height=\"273\" srcset=\"http:\/\/grundschule-gisingen.de\/wp-content\/uploads\/2025\/01\/1738138343270-scaled.jpg 2560w, http:\/\/grundschule-gisingen.de\/wp-content\/uploads\/2025\/01\/1738138343270-300x225.jpg 300w, http:\/\/grundschule-gisingen.de\/wp-content\/uploads\/2025\/01\/1738138343270-1024x768.jpg 1024w, http:\/\/grundschule-gisingen.de\/wp-content\/uploads\/2025\/01\/1738138343270-768x576.jpg 768w, http:\/\/grundschule-gisingen.de\/wp-content\/uploads\/2025\/01\/1738138343270-1536x1152.jpg 1536w, http:\/\/grundschule-gisingen.de\/wp-content\/uploads\/2025\/01\/1738138343270-2048x1536.jpg 2048w, http:\/\/grundschule-gisingen.de\/wp-content\/uploads\/2025\/01\/1738138343270-600x450.jpg 600w, http:\/\/grundschule-gisingen.de\/wp-content\/uploads\/2025\/01\/1738138343270-945x709.jpg 945w\" sizes=\"(max-width: 364px) 100vw, 364px\" \/><\/p>\n<p>&nbsp;<\/p>\n","protected":false},"excerpt":{"rendered":"<p>&#8222;Sei gegr\u00fc\u00dft lieber Nikolaus&#8220; so schallte es durch unser Haus. Als er kam der gro\u00dfe Mann startete die Feier dann. Die Kinder sangen, tanzten noch dazu Nikolaus braucht&#8216; \u00f6fter Ruh, Als er aus dem gold&#8217;nen Buch lesen musste ohne Fluch&#8230;. <a class=\"more-link\" href=\"http:\/\/grundschule-gisingen.de\/?page_id=203\">Weiterlesen &rarr;<\/a><\/p>\n","protected":false},"author":1,"featured_media":0,"parent":12,"menu_order":0,"comment_status":"closed","ping_status":"closed","template":"","meta":[],"_links":{"self":[{"href":"http:\/\/grundschule-gisingen.de\/index.php?rest_route=\/wp\/v2\/pages\/203"}],"collection":[{"href":"http:\/\/grundschule-gisingen.de\/index.php?rest_route=\/wp\/v2\/pages"}],"about":[{"href":"http:\/\/grundschule-gisingen.de\/index.php?rest_route=\/wp\/v2\/types\/page"}],"author":[{"embeddable":true,"href":"http:\/\/grundschule-gisingen.de\/index.php?rest_route=\/wp\/v2\/users\/1"}],"replies":[{"embeddable":true,"href":"http:\/\/grundschule-gisingen.de\/index.php?rest_route=%2Fwp%2Fv2%2Fcomments&post=203"}],"version-history":[{"count":22,"href":"http:\/\/grundschule-gisingen.de\/index.php?rest_route=\/wp\/v2\/pages\/203\/revisions"}],"predecessor-version":[{"id":1951,"href":"http:\/\/grundschule-gisingen.de\/index.php?rest_route=\/wp\/v2\/pages\/203\/revisions\/1951"}],"up":[{"embeddable":true,"href":"http:\/\/grundschule-gisingen.de\/index.php?rest_route=\/wp\/v2\/pages\/12"}],"wp:attachment":[{"href":"http:\/\/grundschule-gisingen.de\/index.php?rest_route=%2Fwp%2Fv2%2Fmedia&parent=203"}],"curies":[{"name":"wp","href":"https:\/\/api.w.org\/{rel}","templated":true}]}}