
{"id":2096,"date":"2026-03-01T20:13:34","date_gmt":"2026-03-01T19:13:34","guid":{"rendered":"http:\/\/grundschule-gisingen.de\/?page_id=2096"},"modified":"2026-03-01T20:13:34","modified_gmt":"2026-03-01T19:13:34","slug":"sozialkompetenztraining-in-den-zweiten-klassen","status":"publish","type":"page","link":"http:\/\/grundschule-gisingen.de\/?page_id=2096","title":{"rendered":"Sozialkompetenztraining in den zweiten Klassen"},"content":{"rendered":"<p><strong>Sozialkompetenztraining in den zweiten Klassen<br \/>\n<\/strong><br \/>\nIn den vergangenen Wochen durften die zweiten Klassen drei ganz besondere Trainingstage mit Heiko Heil erleben. An insgesamt drei Tagen arbeiteten die Kinder jeweils vier Stunden intensiv miteinander.<br \/>\nEin zentraler Bestandteil des Trainings waren vielf\u00e4ltige Kooperationsspiele. Dabei ging es nicht um Gewinnen oder Verlieren, sondern darum, Aufgaben gemeinsam zu l\u00f6sen. Ob beim Aufstellen in einer Reihenfolge ohne Sprache, beim Retten auf ein Rettungsboot mit wenig Platz oder beim L\u00f6sen kniffliger Gruppenaufgaben, nur wenn alle Kinder zusammenarbeiteten, konnte die Herausforderung gemeistert werden.<\/p>\n<p><img decoding=\"async\" loading=\"lazy\" class=\"wp-image-2094 alignright\" src=\"http:\/\/grundschule-gisingen.de\/wp-content\/uploads\/2026\/03\/IMG_20260203_120124-komprimiert.png\" alt=\"\" width=\"260\" height=\"368\" \/><\/p>\n<p>Schnell wurde deutlich: Jeder und jede Einzelne ist wichtig. Unterschiedliche St\u00e4rken erg\u00e4nzten sich, und die Kinder lernten, einander zuzuh\u00f6ren und Ideen gemeinsam weiterzuentwickeln. Besonders sch\u00f6n war zu beobachten, wie ruhigere Kinder ermutigt wurden, ihre Gedanken einzubringen, und wie die Gruppe lernte, aufeinander R\u00fccksicht zu nehmen. Ein weiterer Schwerpunkt lag auf der Gemeinschaftsbildung. Durch gezielte \u00dcbungen erfuhren die Sch\u00fclerinnen und Sch\u00fcler, was es bedeutet, Teil einer Klassengemeinschaft zu sein.<\/p>\n<p>In Gespr\u00e4chsrunden wurde \u00fcber Zusammenhalt, Respekt und Hilfsbereitschaft gesprochen. Nat\u00fcrlich geh\u00f6ren auch Streit und Missverst\u00e4ndnisse zum Schulalltag. Deshalb widmete sich ein gro\u00dfer Teil des Trainings der Konfliktregulation und der gewaltfreien Kommunikation. Die Kinder lernten, ihre Gef\u00fchle wahrzunehmen und in Worte zu fassen.<\/p>\n<p><img decoding=\"async\" loading=\"lazy\" class=\"wp-image-2093 alignleft\" src=\"http:\/\/grundschule-gisingen.de\/wp-content\/uploads\/2026\/03\/IMG_20260202_102442_1-komprimiert.png\" alt=\"\" width=\"255\" height=\"361\" \/><\/p>\n<p>Ein besonderes Highlight waren die Vertrauensspiele, die nicht nur das Selbstvertrauen st\u00e4rkten, sondern auch das Vertrauen innerhalb der Klasse.<\/p>\n<p>Die Trainingstage waren eine tolle Erfahrung, die die Klassengemeinschaft sp\u00fcrbar gest\u00e4rkt und den Kindern viel Freude gemacht hat.<\/p>\n","protected":false},"excerpt":{"rendered":"<p>Sozialkompetenztraining in den zweiten Klassen In den vergangenen Wochen durften die zweiten Klassen drei ganz besondere Trainingstage mit Heiko Heil erleben. An insgesamt drei Tagen arbeiteten die Kinder jeweils vier Stunden intensiv miteinander. Ein zentraler Bestandteil des Trainings waren vielf\u00e4ltige&#8230; <a class=\"more-link\" href=\"http:\/\/grundschule-gisingen.de\/?page_id=2096\">Weiterlesen &rarr;<\/a><\/p>\n","protected":false},"author":1,"featured_media":0,"parent":12,"menu_order":0,"comment_status":"closed","ping_status":"closed","template":"","meta":[],"_links":{"self":[{"href":"http:\/\/grundschule-gisingen.de\/index.php?rest_route=\/wp\/v2\/pages\/2096"}],"collection":[{"href":"http:\/\/grundschule-gisingen.de\/index.php?rest_route=\/wp\/v2\/pages"}],"about":[{"href":"http:\/\/grundschule-gisingen.de\/index.php?rest_route=\/wp\/v2\/types\/page"}],"author":[{"embeddable":true,"href":"http:\/\/grundschule-gisingen.de\/index.php?rest_route=\/wp\/v2\/users\/1"}],"replies":[{"embeddable":true,"href":"http:\/\/grundschule-gisingen.de\/index.php?rest_route=%2Fwp%2Fv2%2Fcomments&post=2096"}],"version-history":[{"count":1,"href":"http:\/\/grundschule-gisingen.de\/index.php?rest_route=\/wp\/v2\/pages\/2096\/revisions"}],"predecessor-version":[{"id":2097,"href":"http:\/\/grundschule-gisingen.de\/index.php?rest_route=\/wp\/v2\/pages\/2096\/revisions\/2097"}],"up":[{"embeddable":true,"href":"http:\/\/grundschule-gisingen.de\/index.php?rest_route=\/wp\/v2\/pages\/12"}],"wp:attachment":[{"href":"http:\/\/grundschule-gisingen.de\/index.php?rest_route=%2Fwp%2Fv2%2Fmedia&parent=2096"}],"curies":[{"name":"wp","href":"https:\/\/api.w.org\/{rel}","templated":true}]}}