
{"id":34,"date":"2017-02-11T12:02:10","date_gmt":"2017-02-11T11:02:10","guid":{"rendered":"http:\/\/grundschule-gisingen.de\/?page_id=34"},"modified":"2018-06-01T21:21:33","modified_gmt":"2018-06-01T19:21:33","slug":"schulordnung","status":"publish","type":"page","link":"http:\/\/grundschule-gisingen.de\/?page_id=34","title":{"rendered":"Schulordnung"},"content":{"rendered":"<p><u>Unsere Schule ist unser Lebensraum<\/u><\/p>\n<ul>\n<li>Ich gr\u00fc\u00dfe und sage bitte und danke.<\/li>\n<li>Ich spreche freundlich und leise und nehme R\u00fccksicht auf andere.<\/li>\n<li>Ich arbeite mit allen gut zusammen.<\/li>\n<li>Ich achte gut auf mein Eigentum und das von anderen.<\/li>\n<li>Ich verhalte mich im Schulgeb\u00e4ude leise und bewege mich langsam.<\/li>\n<li>Ich halte meine Klasse, unser Schulhaus und das Schulgel\u00e4nde in einem ordentlichen Zustand.<\/li>\n<li>Ich sortiere meinen Abfall.<\/li>\n<li>Ich hinterlasse die Toiletten sauber und ordentlich und wasche mir immer die H\u00e4nde.<\/li>\n<li>Ich brauche in der Schule kein Handy.<\/li>\n<li>Ich lasse wertvolle Gegenst\u00e4nde zu Hause.<\/li>\n<li>Ich lasse Kaugummis zu Hause.<\/li>\n<\/ul>\n<p>&nbsp;<\/p>\n<p><u>Vor dem Unterricht<\/u><\/p>\n<p>Ab 7:45 ist die Schule ge\u00f6ffnet und ein Lehrer ist zur Aufsicht da.<\/p>\n<ul>\n<li>Ich bleibe bis zum Unterrichtsbeginn im Klassenraum und besch\u00e4ftige mich ruhig.<\/li>\n<li>Ich achte drauf, dass die Klassent\u00fcr offen bleibt.<\/li>\n<\/ul>\n<p><u>Pausen<\/u><\/p>\n<ul>\n<li>Ich darf mir w\u00e4hrend der Pause Spielger\u00e4te ausleihen und bringe sie auch wieder zur\u00fcck.<\/li>\n<li>Ich nutze den kleinen Schulhof als Ruhezone und darf mich dort ausruhen oder lesen.<\/li>\n<li>Ich bleibe w\u00e4hrend der Regenpause in meiner Klasse und besch\u00e4ftige mich ruhig.<\/li>\n<\/ul>\n<p><u>Nach dem Unterricht<\/u><\/p>\n<ul>\n<li>Ich gehe nach Unterrichtsschluss <strong>sofort <\/strong>und ohne Umweg nach Hause oder in die Betreuung.<\/li>\n<li>Ich warte als Buskind an der Markierung und gehe erst in den Bus, wenn ich darf.<\/li>\n<\/ul>\n","protected":false},"excerpt":{"rendered":"<p>Unsere Schule ist unser Lebensraum Ich gr\u00fc\u00dfe und sage bitte und danke. Ich spreche freundlich und leise und nehme R\u00fccksicht auf andere. Ich arbeite mit allen gut zusammen. Ich achte gut auf mein Eigentum und das von anderen. Ich verhalte&#8230; <a class=\"more-link\" href=\"http:\/\/grundschule-gisingen.de\/?page_id=34\">Weiterlesen &rarr;<\/a><\/p>\n","protected":false},"author":1,"featured_media":295,"parent":10,"menu_order":2,"comment_status":"closed","ping_status":"closed","template":"","meta":[],"_links":{"self":[{"href":"http:\/\/grundschule-gisingen.de\/index.php?rest_route=\/wp\/v2\/pages\/34"}],"collection":[{"href":"http:\/\/grundschule-gisingen.de\/index.php?rest_route=\/wp\/v2\/pages"}],"about":[{"href":"http:\/\/grundschule-gisingen.de\/index.php?rest_route=\/wp\/v2\/types\/page"}],"author":[{"embeddable":true,"href":"http:\/\/grundschule-gisingen.de\/index.php?rest_route=\/wp\/v2\/users\/1"}],"replies":[{"embeddable":true,"href":"http:\/\/grundschule-gisingen.de\/index.php?rest_route=%2Fwp%2Fv2%2Fcomments&post=34"}],"version-history":[{"count":3,"href":"http:\/\/grundschule-gisingen.de\/index.php?rest_route=\/wp\/v2\/pages\/34\/revisions"}],"predecessor-version":[{"id":668,"href":"http:\/\/grundschule-gisingen.de\/index.php?rest_route=\/wp\/v2\/pages\/34\/revisions\/668"}],"up":[{"embeddable":true,"href":"http:\/\/grundschule-gisingen.de\/index.php?rest_route=\/wp\/v2\/pages\/10"}],"wp:featuredmedia":[{"embeddable":true,"href":"http:\/\/grundschule-gisingen.de\/index.php?rest_route=\/wp\/v2\/media\/295"}],"wp:attachment":[{"href":"http:\/\/grundschule-gisingen.de\/index.php?rest_route=%2Fwp%2Fv2%2Fmedia&parent=34"}],"curies":[{"name":"wp","href":"https:\/\/api.w.org\/{rel}","templated":true}]}}