
{"id":36,"date":"2017-02-11T12:02:26","date_gmt":"2017-02-11T11:02:26","guid":{"rendered":"http:\/\/grundschule-gisingen.de\/?page_id=36"},"modified":"2025-09-24T11:43:20","modified_gmt":"2025-09-24T09:43:20","slug":"leitbild","status":"publish","type":"page","link":"http:\/\/grundschule-gisingen.de\/?page_id=36","title":{"rendered":"Leitbild"},"content":{"rendered":"<p align=\"center\"><b><span style=\"color: #4c4635; font-family: Cambria; font-size: x-large;\">Hand in Hand<\/span><\/b><\/p>\n<p align=\"center\"><b><span style=\"color: #4c4635; font-family: Cambria; font-size: x-large;\">miteinander leben \u2013 voneinander lernen<\/span><\/b><\/p>\n<p>&nbsp;<\/p>\n<p>\u00b7<span style=\"font: 7pt 'Times New Roman'; margin: 0px; font-size-adjust: none; font-stretch: normal;\">\u00a0\u00a0\u00a0\u00a0\u00a0\u00a0\u00a0\u00a0 <\/span><span style=\"font-family: Calibri;\">Wir f\u00f6rdern jeden im Rahmen seiner M\u00f6glichkeiten, weil alle gleich viel wert sind.<\/span><\/p>\n<p>\u00b7<span style=\"font: 7pt 'Times New Roman'; margin: 0px; font-size-adjust: none; font-stretch: normal;\">\u00a0\u00a0\u00a0\u00a0\u00a0\u00a0 <\/span><span style=\"color: #4c4635; font-family: Calibri;\">Wir w\u00fcnschen, dass sich alle Kinder an unserer Schule wohl und sicher f\u00fchlen und mit Freude lernen.<\/span><\/p>\n<p>\u00b7<span style=\"font: 7pt 'Times New Roman'; margin: 0px; font-size-adjust: none; font-stretch: normal;\">\u00a0\u00a0\u00a0\u00a0\u00a0\u00a0 <\/span><span style=\"color: #4c4635; font-family: Calibri;\">Wir gehen freundschaftlich und respektvoll miteinander um, unterst\u00fctzen uns gegenseitig und lehnen jegliche Art von Gewalt<\/span><\/p>\n<p><span style=\"color: #4c4635; font-family: Calibri;\">\u00a0 \u00a0 \u00a0und<\/span><span style=\"color: #4c4635; font-family: Calibri;\">\u00a0Bel\u00e4stigung ab.<\/span><\/p>\n<p>\u00b7<span style=\"font: 7pt 'Times New Roman'; margin: 0px; font-size-adjust: none; font-stretch: normal;\">\u00a0\u00a0\u00a0\u00a0\u00a0\u00a0 <\/span><span style=\"color: #4c4635; font-family: Calibri;\">Wir achten die Natur als ein Geschenk und gehen wertsch\u00e4tzend damit um.<\/span><\/p>\n<p>\u00b7<span style=\"font: 7pt 'Times New Roman'; margin: 0px; font-size-adjust: none; font-stretch: normal;\">\u00a0\u00a0\u00a0\u00a0\u00a0\u00a0 <\/span><span style=\"color: #4c4635; font-family: Calibri;\">Wir singen und bewegen uns gerne gemeinsam, weil es uns gut tut und die Gemeinschaft st\u00e4rkt.<\/span><\/p>\n<p>\u00b7<span style=\"font: 7pt 'Times New Roman'; margin: 0px; font-size-adjust: none; font-stretch: normal;\">\u00a0\u00a0\u00a0\u00a0\u00a0\u00a0 <\/span><span style=\"color: #4c4635; font-family: Calibri;\">Wir f\u00f6rdern vielf\u00e4ltige Projekte und intensivieren die Kooperationen mit au\u00dferschulischen Partnern.<\/span><\/p>\n","protected":false},"excerpt":{"rendered":"<p>Hand in Hand miteinander leben \u2013 voneinander lernen &nbsp; \u00b7\u00a0\u00a0\u00a0\u00a0\u00a0\u00a0\u00a0\u00a0 Wir f\u00f6rdern jeden im Rahmen seiner M\u00f6glichkeiten, weil alle gleich viel wert sind. \u00b7\u00a0\u00a0\u00a0\u00a0\u00a0\u00a0 Wir w\u00fcnschen, dass sich alle Kinder an unserer Schule wohl und sicher f\u00fchlen und mit Freude&#8230; <a class=\"more-link\" href=\"http:\/\/grundschule-gisingen.de\/?page_id=36\">Weiterlesen &rarr;<\/a><\/p>\n","protected":false},"author":1,"featured_media":295,"parent":10,"menu_order":1,"comment_status":"closed","ping_status":"closed","template":"","meta":[],"_links":{"self":[{"href":"http:\/\/grundschule-gisingen.de\/index.php?rest_route=\/wp\/v2\/pages\/36"}],"collection":[{"href":"http:\/\/grundschule-gisingen.de\/index.php?rest_route=\/wp\/v2\/pages"}],"about":[{"href":"http:\/\/grundschule-gisingen.de\/index.php?rest_route=\/wp\/v2\/types\/page"}],"author":[{"embeddable":true,"href":"http:\/\/grundschule-gisingen.de\/index.php?rest_route=\/wp\/v2\/users\/1"}],"replies":[{"embeddable":true,"href":"http:\/\/grundschule-gisingen.de\/index.php?rest_route=%2Fwp%2Fv2%2Fcomments&post=36"}],"version-history":[{"count":5,"href":"http:\/\/grundschule-gisingen.de\/index.php?rest_route=\/wp\/v2\/pages\/36\/revisions"}],"predecessor-version":[{"id":880,"href":"http:\/\/grundschule-gisingen.de\/index.php?rest_route=\/wp\/v2\/pages\/36\/revisions\/880"}],"up":[{"embeddable":true,"href":"http:\/\/grundschule-gisingen.de\/index.php?rest_route=\/wp\/v2\/pages\/10"}],"wp:featuredmedia":[{"embeddable":true,"href":"http:\/\/grundschule-gisingen.de\/index.php?rest_route=\/wp\/v2\/media\/295"}],"wp:attachment":[{"href":"http:\/\/grundschule-gisingen.de\/index.php?rest_route=%2Fwp%2Fv2%2Fmedia&parent=36"}],"curies":[{"name":"wp","href":"https:\/\/api.w.org\/{rel}","templated":true}]}}