
{"id":46,"date":"2017-02-11T12:04:38","date_gmt":"2017-02-11T11:04:38","guid":{"rendered":"http:\/\/grundschule-gisingen.de\/?page_id=46"},"modified":"2018-12-05T16:52:27","modified_gmt":"2018-12-05T15:52:27","slug":"geschichte-der-grundschule-gisingen","status":"publish","type":"page","link":"http:\/\/grundschule-gisingen.de\/?page_id=46","title":{"rendered":"Geschichte der Grundschule Gisingen"},"content":{"rendered":"<table style=\"height: 23px;\" width=\"678\">\n<tbody>\n<tr>\n<td width=\"318\">Geschichte der Schule<\/td>\n<td><\/td>\n<\/tr>\n<\/tbody>\n<\/table>\n<p>&nbsp;<\/p>\n<table>\n<tbody>\n<tr>\n<td width=\"100\"><\/td>\n<td><\/td>\n<\/tr>\n<tr>\n<td><\/td>\n<td width=\"751\">\n<table width=\"100%\">\n<tbody>\n<tr>\n<td width=\"272\"><\/td>\n<td width=\"465\">Bau des ersten Schulhauses in Gisingen<\/td>\n<\/tr>\n<tr>\n<td>1821<\/td>\n<td>im alten Ortskern, am Platz der heutigen Kirche<\/td>\n<\/tr>\n<tr>\n<td><\/td>\n<td><\/td>\n<\/tr>\n<tr>\n<td><\/td>\n<td>1819:\u00a0\u00a0 42 Sch\u00fcler\/innen\u00a0\u00a0\u00a0\u00a0\u00a0\u00a0\u00a0\u00a0\u00a0\u00a0\u00a0\u00a0\u00a0\u00a0\u00a0\u00a0\u00a0 234 Einwohner<\/td>\n<\/tr>\n<tr>\n<td><\/td>\n<td>1890: 100 Sch\u00fcler\/innen\u00a0\u00a0\u00a0\u00a0\u00a0\u00a0\u00a0\u00a0\u00a0\u00a0\u00a0\u00a0\u00a0\u00a0\u00a0\u00a0\u00a0 430 Einwohner<\/td>\n<\/tr>\n<tr>\n<td><\/td>\n<td>1912:\u00a0\u00a0 91 Sch\u00fcler\/innen\u00a0\u00a0\u00a0\u00a0\u00a0\u00a0\u00a0\u00a0\u00a0\u00a0\u00a0\u00a0\u00a0\u00a0\u00a0\u00a0\u00a0 495 Einwohner<\/td>\n<\/tr>\n<tr>\n<td>1925\/26<\/td>\n<td>Bau des heutigen \u201calten Schulhauses\u201d<\/td>\n<\/tr>\n<tr>\n<td><\/td>\n<td>in der Gaustr. 22<\/td>\n<\/tr>\n<tr>\n<td><\/td>\n<td>2 Schuls\u00e4le, 2 Lehrerdienstwohnungen, 2 Lehrer<\/td>\n<\/tr>\n<tr>\n<td><\/td>\n<td>1964: 86 Sch\u00fcler\/innen\u00a0\u00a0\u00a0\u00a0\u00a0\u00a0\u00a0\u00a0\u00a0\u00a0\u00a0\u00a0\u00a0\u00a0\u00a0\u00a0\u00a0\u00a0\u00a0\u00a0\u00a0\u00a0 623 Einwohner<\/td>\n<\/tr>\n<tr>\n<td><\/td>\n<td>Unterricht in 2 Klassen: 1. &#8211; 4. Schuljahr<\/td>\n<\/tr>\n<tr>\n<td><\/td>\n<td>\u00a0\u00a0\u00a0\u00a0\u00a0\u00a0\u00a0\u00a0\u00a0\u00a0\u00a0\u00a0\u00a0\u00a0\u00a0\u00a0\u00a0\u00a0\u00a0\u00a0\u00a0\u00a0\u00a0\u00a0\u00a0\u00a0\u00a0\u00a0\u00a0\u00a0\u00a0\u00a0\u00a0\u00a0\u00a0\u00a0\u00a0\u00a0\u00a0\u00a0\u00a0\u00a0\u00a0\u00a0 5. &#8211; 8.\/9. Schuljahr<\/td>\n<\/tr>\n<\/tbody>\n<\/table>\n<\/td>\n<\/tr>\n<\/tbody>\n<\/table>\n<p>&nbsp;<\/p>\n<table width=\"747\">\n<tbody>\n<tr>\n<td width=\"99\"><\/td>\n<td width=\"648\"><\/td>\n<\/tr>\n<tr>\n<td><\/td>\n<td width=\"648\">Bis zum Schuljahr 1967\/68 blieb die zweiklassige Landschule in Gisingen. Durch die Zentralisierungsma\u00dfnahmen der damaligen Landesregierung wurden viele kleine Schulen geschlossen und Gisingen wurde zur Mittelpunktschule f\u00fcr die Gaugemeinden.<\/td>\n<\/tr>\n<\/tbody>\n<\/table>\n<p>&nbsp;<\/p>\n<table>\n<tbody>\n<tr>\n<td width=\"98\"><\/td>\n<td><\/td>\n<\/tr>\n<tr>\n<td><\/td>\n<td width=\"646\">\n<table width=\"100%\">\n<tbody>\n<tr>\n<td width=\"239\">1966<\/td>\n<td width=\"393\">Neubau 1. Bauabschnitt<\/td>\n<\/tr>\n<tr>\n<td><\/td>\n<td>3 Klassens\u00e4le, Lehrerzimmer, Pausenhalle, Toiletten<\/td>\n<\/tr>\n<tr>\n<td><\/td>\n<td>Schuljahr 1967\/68: 200 Sch\u00fcler\/innen in 5 Klassen<\/td>\n<\/tr>\n<tr>\n<td>1969<\/td>\n<td>Neubau 2. Bauabschnitt<\/td>\n<\/tr>\n<tr>\n<td><\/td>\n<td>2 weitere S\u00e4le, Funktionsr\u00e4ume, B\u00fccherei, Werkr\u00e4ume, Turnhalle<\/td>\n<\/tr>\n<tr>\n<td><\/td>\n<td>sp\u00e4ter Einrichtung einer Schulk\u00fcche und eines Computer- raumes im Altbau<\/td>\n<\/tr>\n<\/tbody>\n<\/table>\n<\/td>\n<\/tr>\n<\/tbody>\n<\/table>\n<p>&nbsp;<\/p>\n<table width=\"739\">\n<tbody>\n<tr>\n<td width=\"99\"><\/td>\n<td width=\"640\"><\/td>\n<\/tr>\n<tr>\n<td><\/td>\n<td width=\"640\">In der Grund-u. Hauptschule Gisingen\u00a0 wurden nun die Hauptsch\u00fcler aller Gaud\u00f6rfer sowie die Grundsch\u00fcler aus Gisingen, St. Barbara, Ihn, Rammelfangen und Leidingen unterrichtet. Aus Platzmangel waren immer 3 Klassen ins Schulhaus St. Barbara ausgelagert. Im Schuljahr1975\/76 wurden 451 Sch\u00fcler\/innen in 16 Klassen unterrichtet. Mit Beginn des Schuljahres 1993\/94 wurde die Sekundarschule Wallerfangen eingerichtet. Gleichzeitig lief die Hauptschule aus. Im Jahre 1997 wurde die letzte Hauptschulklasse entlassen. Mit der Einrichtung der Erweiterten Realschule lief dann auch die Sekundarschule aus. Bis zum Ende des Schuljahres 2004\/05 waren immer 6 bis 7 Klassen der ERS Wallerfangen in Gisingen ausgelagert. Seit Beginn des Schuljahres 2005\/06 werden in Gisingen nur noch Grundsch\u00fcler\/innen unterrichtet &#8211;\u00a0 bedingt durch die Schlie\u00dfung der Grundschule Kerlingen auch die Sch\u00fcler\/innen der ehemaligen GS Kerlingen. Seit Beginn des Schuljahres 2005\/2006 gibt es an der GS Gisingen eine Freiwillige Ganztagsschule mit einer Betreuung der Kinder bis 17.00 Uhr. Tr\u00e4ger der Ma\u00dfnahme ist das DRK Saarlouis. Im Schuljahr 2015 \/ 2016\u00a0 besuchen 127 Sch\u00fcler\/innen die GS Gisingen.<\/td>\n<\/tr>\n<\/tbody>\n<\/table>\n","protected":false},"excerpt":{"rendered":"<p>Geschichte der Schule &nbsp; Bau des ersten Schulhauses in Gisingen 1821 im alten Ortskern, am Platz der heutigen Kirche 1819:\u00a0\u00a0 42 Sch\u00fcler\/innen\u00a0\u00a0\u00a0\u00a0\u00a0\u00a0\u00a0\u00a0\u00a0\u00a0\u00a0\u00a0\u00a0\u00a0\u00a0\u00a0\u00a0 234 Einwohner 1890: 100 Sch\u00fcler\/innen\u00a0\u00a0\u00a0\u00a0\u00a0\u00a0\u00a0\u00a0\u00a0\u00a0\u00a0\u00a0\u00a0\u00a0\u00a0\u00a0\u00a0 430 Einwohner 1912:\u00a0\u00a0 91 Sch\u00fcler\/innen\u00a0\u00a0\u00a0\u00a0\u00a0\u00a0\u00a0\u00a0\u00a0\u00a0\u00a0\u00a0\u00a0\u00a0\u00a0\u00a0\u00a0 495 Einwohner 1925\/26 Bau des heutigen \u201calten Schulhauses\u201d&#8230; <a class=\"more-link\" href=\"http:\/\/grundschule-gisingen.de\/?page_id=46\">Weiterlesen &rarr;<\/a><\/p>\n","protected":false},"author":1,"featured_media":295,"parent":10,"menu_order":5,"comment_status":"closed","ping_status":"closed","template":"","meta":[],"_links":{"self":[{"href":"http:\/\/grundschule-gisingen.de\/index.php?rest_route=\/wp\/v2\/pages\/46"}],"collection":[{"href":"http:\/\/grundschule-gisingen.de\/index.php?rest_route=\/wp\/v2\/pages"}],"about":[{"href":"http:\/\/grundschule-gisingen.de\/index.php?rest_route=\/wp\/v2\/types\/page"}],"author":[{"embeddable":true,"href":"http:\/\/grundschule-gisingen.de\/index.php?rest_route=\/wp\/v2\/users\/1"}],"replies":[{"embeddable":true,"href":"http:\/\/grundschule-gisingen.de\/index.php?rest_route=%2Fwp%2Fv2%2Fcomments&post=46"}],"version-history":[{"count":4,"href":"http:\/\/grundschule-gisingen.de\/index.php?rest_route=\/wp\/v2\/pages\/46\/revisions"}],"predecessor-version":[{"id":305,"href":"http:\/\/grundschule-gisingen.de\/index.php?rest_route=\/wp\/v2\/pages\/46\/revisions\/305"}],"up":[{"embeddable":true,"href":"http:\/\/grundschule-gisingen.de\/index.php?rest_route=\/wp\/v2\/pages\/10"}],"wp:featuredmedia":[{"embeddable":true,"href":"http:\/\/grundschule-gisingen.de\/index.php?rest_route=\/wp\/v2\/media\/295"}],"wp:attachment":[{"href":"http:\/\/grundschule-gisingen.de\/index.php?rest_route=%2Fwp%2Fv2%2Fmedia&parent=46"}],"curies":[{"name":"wp","href":"https:\/\/api.w.org\/{rel}","templated":true}]}}