
{"id":532,"date":"2017-09-20T11:40:03","date_gmt":"2017-09-20T09:40:03","guid":{"rendered":"http:\/\/grundschule-gisingen.de\/?page_id=532"},"modified":"2026-01-14T11:40:02","modified_gmt":"2026-01-14T10:40:02","slug":"klasse-1-1-2","status":"publish","type":"page","link":"http:\/\/grundschule-gisingen.de\/?page_id=532","title":{"rendered":"Klasse 3.1"},"content":{"rendered":"\r\n<p>Die Klasse 3.1 besuchen zur Zeit 17 Sch\u00fclerinnen und Sch\u00fcler. Die Kinder kommen aus D\u00fcren, Ihn, Kerlingen, Leidingen, Rammelfangen, Ittersdorf und St. Barbara.<\/p>\r\n<p>Leiterin der Klasse 3.1 ist Lilian Kiefer.<\/p>\r\n<p>&nbsp;<\/p>\r\n\r\n\r\n\r\n<p>&nbsp;<\/p>\r\n","protected":false},"excerpt":{"rendered":"<p>Die Klasse 3.1 besuchen zur Zeit 17 Sch\u00fclerinnen und Sch\u00fcler. Die Kinder kommen aus D\u00fcren, Ihn, Kerlingen, Leidingen, Rammelfangen, Ittersdorf und St. Barbara. Leiterin der Klasse 3.1 ist Lilian Kiefer. &nbsp; &nbsp;<\/p>\n","protected":false},"author":1,"featured_media":0,"parent":38,"menu_order":0,"comment_status":"closed","ping_status":"closed","template":"","meta":[],"_links":{"self":[{"href":"http:\/\/grundschule-gisingen.de\/index.php?rest_route=\/wp\/v2\/pages\/532"}],"collection":[{"href":"http:\/\/grundschule-gisingen.de\/index.php?rest_route=\/wp\/v2\/pages"}],"about":[{"href":"http:\/\/grundschule-gisingen.de\/index.php?rest_route=\/wp\/v2\/types\/page"}],"author":[{"embeddable":true,"href":"http:\/\/grundschule-gisingen.de\/index.php?rest_route=\/wp\/v2\/users\/1"}],"replies":[{"embeddable":true,"href":"http:\/\/grundschule-gisingen.de\/index.php?rest_route=%2Fwp%2Fv2%2Fcomments&post=532"}],"version-history":[{"count":15,"href":"http:\/\/grundschule-gisingen.de\/index.php?rest_route=\/wp\/v2\/pages\/532\/revisions"}],"predecessor-version":[{"id":2081,"href":"http:\/\/grundschule-gisingen.de\/index.php?rest_route=\/wp\/v2\/pages\/532\/revisions\/2081"}],"up":[{"embeddable":true,"href":"http:\/\/grundschule-gisingen.de\/index.php?rest_route=\/wp\/v2\/pages\/38"}],"wp:attachment":[{"href":"http:\/\/grundschule-gisingen.de\/index.php?rest_route=%2Fwp%2Fv2%2Fmedia&parent=532"}],"curies":[{"name":"wp","href":"https:\/\/api.w.org\/{rel}","templated":true}]}}