
{"id":66,"date":"2017-02-11T12:33:49","date_gmt":"2017-02-11T11:33:49","guid":{"rendered":"http:\/\/grundschule-gisingen.de\/?page_id=66"},"modified":"2026-01-14T11:51:21","modified_gmt":"2026-01-14T10:51:21","slug":"spiele-und-sport-ag","status":"publish","type":"page","link":"http:\/\/grundschule-gisingen.de\/?page_id=66","title":{"rendered":"Spiele- und Sport-AG"},"content":{"rendered":"<p><span style=\"font-size: large;\">In der Sport und Spiele AG geht es in erster Linie um die Freude und den Spa\u00df an der Bewegung. <\/span><\/p>\n<p><span style=\"font-size: large;\">Die Sch\u00fcler k\u00f6nnen ihrem Bewegungsdrang nachkommen und lernen dabei viele verschiedene Lauf \u2013 und Fangspiele sowie Mannschaftsspiele mit oder ohne Ball kennen.<\/span><\/p>\n<p><span style=\"font-size: large;\">Nebenbei erlernen sie, sich an Spielregeln zu halten, in einem Team zu spielen und Teamgeist und Fairness gegen\u00fcber ihren Mitsch\u00fclern zu zeigen.<\/span><\/p>\n<p><span style=\"font-size: large;\">Gerne d\u00fcrfen die Sch\u00fcler hierbei auch eigene Spielideen miteinbringen oder sich Spiele w\u00fcnschen.<\/span><\/p>\n<p><span style=\"font-size: large;\">Die Spiele und Sport AG ist ein Angebot f\u00fcr die Sch\u00fcler des dritten und vierten Schuljahres und\u00a0 findet immer mittwochs in der 6. Stunde in der Turnhalle statt. Die AG wird von Frau Thielmann geleitet.<\/span><\/p>\n<p>Eine zweite AG <span style=\"font-size: large;\">findet f\u00fcr Klasse 1 und 2 statt und wird donnerstags von Herrn Kreuzahler angeboten.<\/span><\/p>\n<p><!-- \/wp:paragraph --><\/p>\n","protected":false},"excerpt":{"rendered":"<p>In der Sport und Spiele AG geht es in erster Linie um die Freude und den Spa\u00df an der Bewegung. Die Sch\u00fcler k\u00f6nnen ihrem Bewegungsdrang nachkommen und lernen dabei viele verschiedene Lauf \u2013 und Fangspiele sowie Mannschaftsspiele mit oder ohne&#8230; <a class=\"more-link\" href=\"http:\/\/grundschule-gisingen.de\/?page_id=66\">Weiterlesen &rarr;<\/a><\/p>\n","protected":false},"author":1,"featured_media":0,"parent":40,"menu_order":0,"comment_status":"closed","ping_status":"closed","template":"","meta":[],"_links":{"self":[{"href":"http:\/\/grundschule-gisingen.de\/index.php?rest_route=\/wp\/v2\/pages\/66"}],"collection":[{"href":"http:\/\/grundschule-gisingen.de\/index.php?rest_route=\/wp\/v2\/pages"}],"about":[{"href":"http:\/\/grundschule-gisingen.de\/index.php?rest_route=\/wp\/v2\/types\/page"}],"author":[{"embeddable":true,"href":"http:\/\/grundschule-gisingen.de\/index.php?rest_route=\/wp\/v2\/users\/1"}],"replies":[{"embeddable":true,"href":"http:\/\/grundschule-gisingen.de\/index.php?rest_route=%2Fwp%2Fv2%2Fcomments&post=66"}],"version-history":[{"count":12,"href":"http:\/\/grundschule-gisingen.de\/index.php?rest_route=\/wp\/v2\/pages\/66\/revisions"}],"predecessor-version":[{"id":2086,"href":"http:\/\/grundschule-gisingen.de\/index.php?rest_route=\/wp\/v2\/pages\/66\/revisions\/2086"}],"up":[{"embeddable":true,"href":"http:\/\/grundschule-gisingen.de\/index.php?rest_route=\/wp\/v2\/pages\/40"}],"wp:attachment":[{"href":"http:\/\/grundschule-gisingen.de\/index.php?rest_route=%2Fwp%2Fv2%2Fmedia&parent=66"}],"curies":[{"name":"wp","href":"https:\/\/api.w.org\/{rel}","templated":true}]}}