
{"id":70,"date":"2017-02-11T12:34:22","date_gmt":"2017-02-11T11:34:22","guid":{"rendered":"http:\/\/grundschule-gisingen.de\/?page_id=70"},"modified":"2026-01-14T11:51:56","modified_gmt":"2026-01-14T10:51:56","slug":"meditions-ag","status":"publish","type":"page","link":"http:\/\/grundschule-gisingen.de\/?page_id=70","title":{"rendered":"Mediations-AG"},"content":{"rendered":"<p><span style=\"font-family: Verdana, serif;\">Mediation ist eine Form der Konfliktbew\u00e4ltigung, bei der alle Streitbeteiligten gleicherma\u00dfen zu Wort kommen. Sie k\u00f6nnen sich gegenseitig sowohl ihre aktuellen Befindlichkeiten als auch W\u00fcnsche f\u00fcr die Zukunft mitteilen. Das Gespr\u00e4ch wird von einem\/einer Sch\u00fclermediator\/in geleitet, der\/die neutral ist. Dadurch wird es m\u00f6glich, den Streit auf der Sachebene auszutragen. Ziel ist es, Konflikte friedlich und nachhaltig beizulegen und nach einer gemeinsamen L\u00f6sung zu suchen.<\/span><\/p>\n<p><span style=\"font-family: Verdana, serif;\">An der Gisinger Grundschule erlernen bereits Drittkl\u00e4ssler in einem Mediations-Programm, wie sie anderen Kindern beim L\u00f6sen von Konflikten helfen k\u00f6nnen. Alle Sch\u00fcler\/innen der Klassenstufe 3 d\u00fcrfen sich unabh\u00e4ngig von ihrem Leistungsstand daf\u00fcr bewerben. Im Rahmen des Programms lernen die Kinder ein festes Konfliktl\u00f6severfahren kennen und \u00fcben dieses in Rollenspielen ein. Am Ende ihrer Ausbildung legen die Kinder eine Pr\u00fcfung ab. In den dann zur\u00fcckliegenden Monaten haben sie viel \u00fcber Befindlichkeiten erfahren und gelernt ihre eigenen Gef\u00fchle zu benennen. Im folgenden Schuljahr stehen sie dann selbst in der Pause anderen Kindern zur Seite. Sie f\u00fchren in einem eigens daf\u00fcr vorgesehenen Raum Mediationen durch. Ein\/e Lehrer\/in steht ihnen dabei immer zur Seite.<\/span><\/p>\n<p>Die AG findet immer mittwochs in der 6.Stunde statt. Die AG leitet in diesem Jahr unsere Schulleiterin Frau Brausch.<\/p>\n","protected":false},"excerpt":{"rendered":"<p>Mediation ist eine Form der Konfliktbew\u00e4ltigung, bei der alle Streitbeteiligten gleicherma\u00dfen zu Wort kommen. Sie k\u00f6nnen sich gegenseitig sowohl ihre aktuellen Befindlichkeiten als auch W\u00fcnsche f\u00fcr die Zukunft mitteilen. Das Gespr\u00e4ch wird von einem\/einer Sch\u00fclermediator\/in geleitet, der\/die neutral ist. Dadurch&#8230; <a class=\"more-link\" href=\"http:\/\/grundschule-gisingen.de\/?page_id=70\">Weiterlesen &rarr;<\/a><\/p>\n","protected":false},"author":1,"featured_media":0,"parent":40,"menu_order":0,"comment_status":"closed","ping_status":"closed","template":"","meta":[],"_links":{"self":[{"href":"http:\/\/grundschule-gisingen.de\/index.php?rest_route=\/wp\/v2\/pages\/70"}],"collection":[{"href":"http:\/\/grundschule-gisingen.de\/index.php?rest_route=\/wp\/v2\/pages"}],"about":[{"href":"http:\/\/grundschule-gisingen.de\/index.php?rest_route=\/wp\/v2\/types\/page"}],"author":[{"embeddable":true,"href":"http:\/\/grundschule-gisingen.de\/index.php?rest_route=\/wp\/v2\/users\/1"}],"replies":[{"embeddable":true,"href":"http:\/\/grundschule-gisingen.de\/index.php?rest_route=%2Fwp%2Fv2%2Fcomments&post=70"}],"version-history":[{"count":9,"href":"http:\/\/grundschule-gisingen.de\/index.php?rest_route=\/wp\/v2\/pages\/70\/revisions"}],"predecessor-version":[{"id":2087,"href":"http:\/\/grundschule-gisingen.de\/index.php?rest_route=\/wp\/v2\/pages\/70\/revisions\/2087"}],"up":[{"embeddable":true,"href":"http:\/\/grundschule-gisingen.de\/index.php?rest_route=\/wp\/v2\/pages\/40"}],"wp:attachment":[{"href":"http:\/\/grundschule-gisingen.de\/index.php?rest_route=%2Fwp%2Fv2%2Fmedia&parent=70"}],"curies":[{"name":"wp","href":"https:\/\/api.w.org\/{rel}","templated":true}]}}